{"id":1198,"date":"2021-05-24T07:31:40","date_gmt":"2021-05-24T07:31:40","guid":{"rendered":"http:\/\/orihuela.itcyhost.es\/?page_id=1198"},"modified":"2021-07-02T12:09:46","modified_gmt":"2021-07-02T12:09:46","slug":"politica-de-cookies-2","status":"publish","type":"page","link":"https:\/\/orihuela.itcyhost.es\/index.php\/politica-de-cookies-2\/","title":{"rendered":"Pol\u00edtica de cookies"},"content":{"rendered":"<p>[et_pb_section fb_built=\u00bb1&#8243; _builder_version=\u00bb4.9.4&#8243; _module_preset=\u00bbdefault\u00bb custom_margin=\u00bb||0px||false|false\u00bb custom_padding=\u00bb||0px||false|false\u00bb][et_pb_row column_structure=\u00bb3_4,1_4&#8243; _builder_version=\u00bb4.9.4&#8243; _module_preset=\u00bbdefault\u00bb][et_pb_column type=\u00bb3_4&#8243; _builder_version=\u00bb4.9.4&#8243; _module_preset=\u00bbdefault\u00bb][et_pb_post_title meta=\u00bboff\u00bb featured_image=\u00bboff\u00bb _builder_version=\u00bb4.9.4&#8243; _module_preset=\u00bbdefault\u00bb title_font_size=\u00bb36px\u00bb][\/et_pb_post_title][\/et_pb_column][et_pb_column type=\u00bb1_4&#8243; _builder_version=\u00bb4.9.4&#8243; _module_preset=\u00bbdefault\u00bb][et_pb_text _builder_version=\u00bb4.9.4&#8243; _module_preset=\u00bbdefault\u00bb]<\/p>\n<p><span><a role='button' tabindex='0' class=\"medium cli-plugin-button cli-plugin-main-button cli_settings_button\">Ajustes de Cookies<\/a><\/span><\/p>\n<p>[\/et_pb_text][\/et_pb_column][\/et_pb_row][\/et_pb_section][et_pb_section fb_built=\u00bb1&#8243; _builder_version=\u00bb4.9.4&#8243; _module_preset=\u00bbdefault\u00bb custom_padding=\u00bb0px||||false|false\u00bb][et_pb_row _builder_version=\u00bb4.9.4&#8243; _module_preset=\u00bbdefault\u00bb][et_pb_column type=\u00bb4_4&#8243; _builder_version=\u00bb4.9.4&#8243; _module_preset=\u00bbdefault\u00bb][et_pb_text _builder_version=\u00bb4.9.4&#8243; _module_preset=\u00bbdefault\u00bb hover_enabled=\u00bb0&#8243; sticky_enabled=\u00bb0&#8243;]<\/p>\n<p>En cumplimiento con lo establecido en la Ley 34\/2002 de 11 de Julio, de Servicios de la Sociedad de la Informaci\u00f3n y el Comercio Electr\u00f3nico (LSSICE), le ofrecemos informaci\u00f3n detallada sobre el uso de cookies en la web.<\/p>\n<p><b>1. \u00bfQu\u00e9 son las cookies?<\/b><\/p>\n<p>Las cookies son peque\u00f1os archivos que crean los sitios web que visitas con el fin de mejorar tu experiencia online, y que almacenan en tu dispositivo informaci\u00f3n sobre tu navegaci\u00f3n en la web. Pueden servir para finalidades muy diversas, como, por ejemplo, reconocerte como usuario, obtener informaci\u00f3n sobre tus h\u00e1bitos de navegaci\u00f3n, o personalizar la forma en que se muestra el contenido de la web.<\/p>\n<p><b>2. \u00bfC\u00f3mo puedo aceptar o rechazar el uso de cookies?<\/b><\/p>\n<p>Al acceder a nuestra p\u00e1gina web se le mostrar\u00e1 un resumen sobre el tipo de cookies que utiliza, y de manera sencilla podr\u00e1:<\/p>\n<ul>\n<li><b>ACEPTAR las cookies:<\/b><span>\u00a0<\/span>Al pulsar sobre este bot\u00f3n aceptar\u00e1 el uso de todas las cookies con las finalidades descritas.<\/li>\n<li><b>CONFIGURAR las cookies:<\/b><span>\u00a0<\/span>Podr\u00e1 obtener m\u00e1s informaci\u00f3n sobre las cookies utilizadas, as\u00ed como rechazar y bloquear aquellas que no tengan finalidades t\u00e9cnicas. En el caso de restringir o bloquear las cookies puede ver reducidas algunas funcionalidades de la Web.<\/li>\n<\/ul>\n<p><b>3. \u00bfQu\u00e9 cookies utiliza este Sitio Web?<\/b><\/p>\n<p>A continuaci\u00f3n encontrar\u00e1 un listado detallado de las cookies que utiliza nuestro sitio web. Si desea obtener m\u00e1s informaci\u00f3n sobre la clasificaci\u00f3n de las cookies, la encontrar\u00e1 a partir del pr\u00f3ximo apartado.<\/p>\n<table style=\"height: 368px; width: 1043px;\">\n<thead>\n<tr style=\"height: 24px;\">\n<th style=\"height: 24px; width: 277px;\">Nombre<\/th>\n<th style=\"height: 24px; width: 638px;\">Finalidad<\/th>\n<th style=\"height: 24px; width: 128px;\">Duraci\u00f3n<\/th>\n<\/tr>\n<\/thead>\n<tbody>\n<tr style=\"height: 10px;\">\n<td style=\"height: 10px; width: 277px;\">cookielawinfo-checkbox-others<\/td>\n<td style=\"height: 10px; width: 638px;\"><span>Esta cookie se encarga de almacenar sus preferencias en cuanto a las cookies de categoria \u00abotras\u00bb.<\/span><\/td>\n<td style=\"height: 10px; width: 128px;\">1 a\u00f1o<\/td>\n<\/tr>\n<tr style=\"height: 10px;\">\n<td style=\"height: 10px; width: 277px;\">cookielawinfo-checkbox-analytics<\/td>\n<td class=\"description column-description\" data-colname=\"Descripci\u00f3n\" style=\"width: 638px; height: 10px;\">Esta cookie se encarga de almacenar sus preferencias en cuanto a las cookies de an\u00e1lisis.<\/td>\n<td style=\"height: 10px; width: 128px;\">1 a\u00f1o<\/td>\n<\/tr>\n<tr style=\"height: 30px;\">\n<td style=\"width: 277px; height: 30px;\">cookielawinfo-checkbox-necessary<\/td>\n<td class=\"description column-description\" data-colname=\"Descripci\u00f3n\" style=\"width: 638px; height: 30px;\">Esta cookie se encarga de almacenar sus preferencias en cuanto a las cookies necesarias.<\/td>\n<td style=\"width: 128px; height: 30px;\">1 a\u00f1o<\/td>\n<\/tr>\n<tr style=\"height: 24px;\">\n<td style=\"width: 277px; height: 24px;\">cookielawinfo-checkbox-advertisement<\/td>\n<td style=\"width: 638px; height: 24px;\"><span>Esta cookie se encarga de almacenar sus preferencias en cuanto a las cookies de publicidad.<\/span><\/td>\n<td style=\"width: 128px; height: 24px;\">1 a\u00f1o<\/td>\n<\/tr>\n<tr style=\"height: 24px;\">\n<td style=\"width: 277px; height: 24px;\">cookielawinfo-checkbox-performance<\/td>\n<td style=\"width: 638px; height: 24px;\"><span>Esta cookie se encarga de almacenar sus preferencias en cuanto a las cookies de rendimiento.<\/span><\/td>\n<td style=\"width: 128px; height: 24px;\">1 a\u00f1o<\/td>\n<\/tr>\n<tr style=\"height: 24px;\">\n<td style=\"width: 277px; height: 24px;\">IDE<\/td>\n<td style=\"width: 638px; height: 24px;\"><span>Esta cookie es usada por \u00abGoogle DoubleClick\u00bb y almacena informacion sobre el usuario de la web y la publicidad antes de visitar la web. Se usa para mostrar al usuario publicidad acorde a su perfil de usuario.<\/span><\/td>\n<td class=\"duration column-duration\" data-colname=\"Duraci\u00f3n\" style=\"width: 128px;\">1 a\u00f1o 24 dias<\/td>\n<\/tr>\n<tr style=\"height: 24px;\">\n<td style=\"width: 277px; height: 24px;\">test_cookie<\/td>\n<td style=\"width: 638px; height: 24px;\"><span>Esta cookie es usada por \u00abGoogle DoubleClick\u00bb para verificar que el navegador soporta cookies.<\/span><\/td>\n<td class=\"duration column-duration\" data-colname=\"Duraci\u00f3n\" style=\"width: 128px; height: 24px;\">15 minutos<\/td>\n<\/tr>\n<tr style=\"height: 30px;\">\n<td style=\"width: 277px; height: 30px;\">VISITOR_INFO1_LIVE<\/td>\n<td class=\"description column-description\" data-colname=\"Descripci\u00f3n\" style=\"width: 638px; height: 30px;\">Esta cookie es utilizada por Youtube para rastrear la informacion de los videos de YouTube en la web.<\/td>\n<td class=\"duration column-duration\" data-colname=\"Duraci\u00f3n\" style=\"width: 128px; height: 30px;\">5 meses 27 dias<\/td>\n<\/tr>\n<tr style=\"height: 24px;\">\n<td style=\"width: 277px; height: 24px;\">CONSENT<\/td>\n<td style=\"width: 638px; height: 24px;\"><span>No description<\/span><\/td>\n<td class=\"duration column-duration\" data-colname=\"Duraci\u00f3n\" style=\"width: 128px; height: 24px;\">16 a\u00f1os 7 meses<\/td>\n<\/tr>\n<tr style=\"height: 24px;\">\n<td style=\"width: 277px; height: 24px;\">YSC<\/td>\n<td class=\"description column-description\" data-colname=\"Descripci\u00f3n\" style=\"width: 638px; height: 24px;\">Esta cookie es utilizada por Youtube y rastrear las visitas a los videos.<\/td>\n<td style=\"width: 128px; height: 24px;\">Sesi\u00f3n<\/td>\n<\/tr>\n<tr style=\"height: 120px;\">\n<td style=\"width: 277px; height: 120px;\">PHPSESSID<\/td>\n<td style=\"width: 638px; height: 120px;\"><span>Esta cookie es nativa de PHP y permite a la web guardar datos serializados de estado. En esta web se usa para establecer sesiones de usuario pasando datos de estado a trav\u00e9s de una cookie temporal tambi\u00e9n conocida como Cookie de sesi\u00f3n. La cookie PHPSESSID no tiene caducidad establecida ya que desaparece cuando se cierra la web.<\/span><\/td>\n<td style=\"width: 128px; height: 120px;\">Sesi\u00f3n<\/td>\n<\/tr>\n<\/tbody>\n<\/table>\n<p><b>4. Informaci\u00f3n ampliada sobre los tipos de cookies<\/b><\/p>\n<p>Las Cookies las podemos clasificar en varios tipos, dependiendo de estos factores:<\/p>\n<p>\u2022 Qui\u00e9n es el responsable<\/p>\n<p>\u2022 Con qu\u00e9 finalidad se utilizan<\/p>\n<p>\u2022 Durante cu\u00e1nto tiempo se almacenan los datos<\/p>\n<p><b>4.1 Seg\u00fan la entidad que gestiona las cookies<\/b><\/p>\n<p>Seg\u00fan qui\u00e9n sea la entidad que gestione el equipo o dominio desde donde se env\u00edan las cookies y trate los datos que se obtengan, podemos distinguir entre:<\/p>\n<p><b>Cookies de origen o propias:<span>\u00a0<\/span><\/b>Son aquellas generadas por la propia p\u00e1gina web que est\u00e1s visitando.<\/p>\n<p><b>Cookies de terceros:<\/b>Las generan otros sitios web que poseen parte del contenido que ves en la p\u00e1gina web que visitas, como anuncios, im\u00e1genes o v\u00eddeos.<\/p>\n<p><b>4.2 Seg\u00fan la finalidad para la que se utilizan<\/b><\/p>\n<p>Existen varias finalidades para las que se pueden utilizar las cookies. Las podemos clasificar en estas finalidades:<\/p>\n<p><b>T\u00e9cnicas:<\/b><br \/>Son las denominadas tambi\u00e9n \u201cestrictamente necesarias\u201d. Permiten al usuario la navegaci\u00f3n y la utilizaci\u00f3n de las diferentes opciones o servicios que existan en la web como, por ejemplo, identificar la sesi\u00f3n, acceder a partes de acceso restringido, controlar el tr\u00e1fico y la comunicaci\u00f3n de datos, recordar los elementos que integran un pedido o realizar el proceso de compra, realizar la solicitud de inscripci\u00f3n o participaci\u00f3n en un evento, utilizar elementos de seguridad durante la navegaci\u00f3n, almacenar contenidos para la difusi\u00f3n de videos o sonido o compartir contenidos a trav\u00e9s de redes sociales.<\/p>\n<p><b>Preferencias o personalizaci\u00f3n:<\/b><br \/>Permiten recordar las preferencias del usuario que pueden diferenciar su experiencia de otros usuarios. Por ejemplo, al escoger el lenguaje preferido de la p\u00e1gina web, el formato de visualizaci\u00f3n, la regi\u00f3n desde donde accede, etc.<\/p>\n<p><b>An\u00e1lisis o medici\u00f3n:<\/b><br \/>Permiten al responsable el seguimiento y an\u00e1lisis del comportamiento de los usuarios en los sitios web. Generan estad\u00edsticas que muestran informaci\u00f3n an\u00f3nima sobre la cantidad de visitas y las interacciones que realizan los usuarios en una p\u00e1gina. De esta manera se pueden elaborar perfiles de navegaci\u00f3n con el fin de introducir mejoras, o cuantificar el impacto de anuncios.<\/p>\n<p><b>Marketing y publicidad comportamental:<\/b><br \/>Almacenan informaci\u00f3n sobre el comportamiento de los usuarios, obtenido a trav\u00e9s de la observaci\u00f3n continuada de sus h\u00e1bitos de navegaci\u00f3n. La finalidad es desarrollar un perfil espec\u00edfico para que la publicidad mostrada se adapte a los posibles intereses del usuario.<\/p>\n<p><b>4.3 Seg\u00fan el plazo que permanecen activadas<\/b><\/p>\n<p><b>Cookies de sesi\u00f3n:<\/b><br \/>Recaban y almacenan datos mientras el usuario accede a una p\u00e1gina web. Se suelen emplear para almacenar informaci\u00f3n que solo interesa conservar para la prestaci\u00f3n del servicio solicitado por el usuario en una sola ocasi\u00f3n (por ejemplo, una lista de productos adquiridos) y desaparecen al terminar la sesi\u00f3n.<\/p>\n<p><b>Cookies persistentes:<\/b><br \/>Son aquellas en las que los datos siguen almacenados en el terminal y pueden ser accedidos y tratados durante un periodo definido por el responsable de la cookie.<\/p>\n<p><b>5. SERVICIOS DE TERCEROS<\/b><\/p>\n<p>Si desea conocer las condiciones de privacidad y uso de estas cookies, deber\u00e1n consultarse las pol\u00edticas proporcionadas por los mismos:<\/p>\n<p>Facebook:<span>\u00a0<\/span><a href=\"https:\/\/www.facebook.com\/policies\/cookies\/\">https:\/\/www.facebook.com\/policies\/cookies\/<\/a><br \/>Twitter:<span>\u00a0<\/span><a href=\"https:\/\/twitter.com\/privacy\">https:\/\/twitter.com\/privacy<\/a><br \/>Instagram:<span>\u00a0<\/span><a href=\"https:\/\/help.instagram.com\/1896641480634370?ref=ig\">https:\/\/help.instagram.com\/1896641480634370?ref=ig<\/a><br \/>LinkedIn:<span>\u00a0<\/span><a href=\"https:\/\/www.linkedin.com\/legal\/cookie-policy\">https:\/\/www.linkedin.com\/legal\/cookie-policy<\/a><br \/>Youtube:<span>\u00a0<\/span><a href=\"https:\/\/www.google.es\/intl\/es\/policies\/technologies\/cookies\/\">https:\/\/www.google.es\/intl\/es\/policies\/technologies\/cookies\/<\/a><\/p>\n<p><b>Google Analytics<\/b><br \/>Si desea m\u00e1s informaci\u00f3n sobre el uso que da Google a las cookies, puede visitar su \u00abPol\u00edtica de Privacidad\u00bb, as\u00ed como otros documentos, accediendo a estos sitios web:<\/p>\n<p><a href=\"https:\/\/policies.google.com\/privacy?hl=es&amp;gl=es\">https:\/\/policies.google.com\/privacy?hl=es&amp;gl=es<\/a><br \/><a href=\"https:\/\/policies.google.com\/technologies\/cookies?hl=es\">https:\/\/policies.google.com\/technologies\/cookies?hl=es<\/a><\/p>\n<p><b>Complemento de inhabilitaci\u00f3n para navegadores de google analytics<\/b><br \/>Si desea rechazar las cookies anal\u00edticas de Google Analytics en todos los navegadores, de forma que no se env\u00ede informaci\u00f3n suya a Google Analytics, puede descargar un complemento que realiza esta funci\u00f3n desde este enlace:<span>\u00a0<\/span><a href=\"https:\/\/tools.google.com\/dlpage\/gaoptout\" target=\"_blank\" rel=\"noopener\">https:\/\/tools.google.com\/dlpage\/gaoptout<\/a>.<\/p>\n<p><b>6. C\u00d3MO MODIFICAR LA CONFIGURACI\u00d3N DE LAS COOKIES<\/b><\/p>\n<p>Puede modificar las finalidades permitidas en uso de cookies, dirigi\u00e9ndose al centro de configuraci\u00f3n de las cookies desde la pantalla inicial o a trav\u00e9s de este documento.<br \/>Tambi\u00e9n le informamos de que puede restringir, bloquear o borrar las cookies de cualquier p\u00e1gina web utilizando su navegador. Puesto que en cada navegador la operativa es diferente, le indicamos las p\u00e1ginas de ayuda de diferentes navegadores que muestran c\u00f3mo hacerlo:<\/p>\n<p>Internet Explorer:<span>\u00a0<\/span><a href=\"https:\/\/support.microsoft.com\/es-es\/help\/17442\/windows-internet-explorer-delete-manage-cookies#ie=\">https:\/\/support.microsoft.com\/es-es\/help\/17442\/windows-internet-explorer-delete-manage-cookies#ie=<\/a><br \/>FireFox:<span>\u00a0<\/span><a href=\"https:\/\/support.mozilla.org\/es\/kb\/Borrar%20cookies\">https:\/\/support.mozilla.org\/es\/kb\/Borrar%20cookies<\/a><br \/>Chrome:<span>\u00a0<\/span><a href=\"https:\/\/www.comfisteruel.com\/support.google.com\/chrome\/answer\/95647?hl=\" es=\"\">support.google.com\/chrome\/answer\/95647?hl=\u00bbes\u00bb<\/a><br \/>Safari:<span>\u00a0<\/span><a href=\"https:\/\/www.comfisteruel.com\/www.apple.com\/es\/privacy\/use-of-cookies\/\">www.apple.com\/es\/privacy\/use-of-cookies\/<\/a><\/p>\n<p><b>7. M\u00c1S INFORMACI\u00d3N SOBRE EL USO DE DATOS PERSONALES<\/b><\/p>\n<p>Para obtener m\u00e1s informaci\u00f3n sobre el uso que realizamos de sus datos personales, puede dirigirse a nuestra pol\u00edtica de privacidad.<\/p>\n<p>&nbsp;<\/p>\n<p>[\/et_pb_text][\/et_pb_column][\/et_pb_row][\/et_pb_section]<\/p>\n","protected":false},"excerpt":{"rendered":"<p>[et_pb_section fb_built=\u00bb1&#8243; _builder_version=\u00bb4.9.4&#8243; _module_preset=\u00bbdefault\u00bb custom_margin=\u00bb||0px||false|false\u00bb custom_padding=\u00bb||0px||false|false\u00bb][et_pb_row column_structure=\u00bb3_4,1_4&#8243; _builder_version=\u00bb4.9.4&#8243; _module_preset=\u00bbdefault\u00bb][et_pb_column type=\u00bb3_4&#8243; _builder_version=\u00bb4.9.4&#8243; _module_preset=\u00bbdefault\u00bb][et_pb_post_title meta=\u00bboff\u00bb featured_image=\u00bboff\u00bb _builder_version=\u00bb4.9.4&#8243; _module_preset=\u00bbdefault\u00bb title_font_size=\u00bb36px\u00bb][\/et_pb_post_title][\/et_pb_column][et_pb_column type=\u00bb1_4&#8243; _builder_version=\u00bb4.9.4&#8243; _module_preset=\u00bbdefault\u00bb][et_pb_text _builder_version=\u00bb4.9.4&#8243; _module_preset=\u00bbdefault\u00bb] [\/et_pb_text][\/et_pb_column][\/et_pb_row][\/et_pb_section][et_pb_section fb_built=\u00bb1&#8243; _builder_version=\u00bb4.9.4&#8243; _module_preset=\u00bbdefault\u00bb custom_padding=\u00bb0px||||false|false\u00bb][et_pb_row _builder_version=\u00bb4.9.4&#8243; _module_preset=\u00bbdefault\u00bb][et_pb_column type=\u00bb4_4&#8243; _builder_version=\u00bb4.9.4&#8243; _module_preset=\u00bbdefault\u00bb][et_pb_text _builder_version=\u00bb4.9.4&#8243; _module_preset=\u00bbdefault\u00bb hover_enabled=\u00bb0&#8243; sticky_enabled=\u00bb0&#8243;] En cumplimiento con lo establecido en la Ley 34\/2002 de 11 de Julio, de Servicios de la Sociedad de [&hellip;]<\/p>\n","protected":false},"author":1,"featured_media":0,"parent":0,"menu_order":0,"comment_status":"closed","ping_status":"closed","template":"","meta":{"_et_pb_use_builder":"on","_et_pb_old_content":"","_et_gb_content_width":"","footnotes":""},"class_list":["post-1198","page","type-page","status-publish","hentry"],"_links":{"self":[{"href":"https:\/\/orihuela.itcyhost.es\/index.php\/wp-json\/wp\/v2\/pages\/1198","targetHints":{"allow":["GET"]}}],"collection":[{"href":"https:\/\/orihuela.itcyhost.es\/index.php\/wp-json\/wp\/v2\/pages"}],"about":[{"href":"https:\/\/orihuela.itcyhost.es\/index.php\/wp-json\/wp\/v2\/types\/page"}],"author":[{"embeddable":true,"href":"https:\/\/orihuela.itcyhost.es\/index.php\/wp-json\/wp\/v2\/users\/1"}],"replies":[{"embeddable":true,"href":"https:\/\/orihuela.itcyhost.es\/index.php\/wp-json\/wp\/v2\/comments?post=1198"}],"version-history":[{"count":5,"href":"https:\/\/orihuela.itcyhost.es\/index.php\/wp-json\/wp\/v2\/pages\/1198\/revisions"}],"predecessor-version":[{"id":1511,"href":"https:\/\/orihuela.itcyhost.es\/index.php\/wp-json\/wp\/v2\/pages\/1198\/revisions\/1511"}],"wp:attachment":[{"href":"https:\/\/orihuela.itcyhost.es\/index.php\/wp-json\/wp\/v2\/media?parent=1198"}],"curies":[{"name":"wp","href":"https:\/\/api.w.org\/{rel}","templated":true}]}}