{"id":216,"date":"2021-05-18T07:39:07","date_gmt":"2021-05-18T07:39:07","guid":{"rendered":"http:\/\/orihuela.itcyhost.es\/?page_id=216"},"modified":"2021-07-02T12:09:38","modified_gmt":"2021-07-02T12:09:38","slug":"ayuntamiento","status":"publish","type":"page","link":"https:\/\/orihuela.itcyhost.es\/index.php\/ayuntamiento\/","title":{"rendered":"Ayuntamiento"},"content":{"rendered":"<p>[et_pb_section fb_built=\u00bb1&#8243; _builder_version=\u00bb4.9.4&#8243; _module_preset=\u00bbdefault\u00bb][et_pb_row _builder_version=\u00bb4.9.4&#8243; _module_preset=\u00bbdefault\u00bb width_tablet=\u00bb\u00bb width_phone=\u00bb100%\u00bb width_last_edited=\u00bbon|phone\u00bb max_width=\u00bb100%\u00bb hover_enabled=\u00bb0&#8243; width=\u00bb100%\u00bb sticky_enabled=\u00bb0&#8243;][et_pb_column type=\u00bb4_4&#8243; _builder_version=\u00bb4.9.4&#8243; _module_preset=\u00bbdefault\u00bb][et_pb_text content_last_edited=\u00bboff|desktop\u00bb module_id=\u00bbcustom-text\u00bb _builder_version=\u00bb4.9.4&#8243; _module_preset=\u00bbdefault\u00bb hover_enabled=\u00bb0&#8243; custom_margin=\u00bb||||false|false\u00bb custom_padding=\u00bb||||false|false\u00bb sticky_enabled=\u00bb0&#8243; width=\u00bb100%\u00bb max_width=\u00bb100%\u00bb border_color_left=\u00bbRGBA(0,0,0,0)\u00bb]<\/p>\n<div class=\"enigma_header_breadcrum_title\">\n<div class=\"container\">\n<div class=\"row\">\n<div class=\"col-md-12\">\n<h2><strong>AYUNTAMIENTO<\/strong><\/h2>\n<\/div>\n<\/div>\n<\/div>\n<\/div>\n<div class=\"container\">\n<div class=\"row enigma_blog_wrapper\">\n<div class=\"col-md-12\">\n<div class=\"enigma_blog_full\">\n<div class=\"enigma_blog_post_content\">\n<h2 style=\"padding-left: 40px;\"><strong>Corporaci\u00f3n municipal.<\/strong><strong><\/strong><\/h2>\n<p><strong><\/strong><\/p>\n<p style=\"padding-left: 80px;\"><strong>Alcalde:<\/strong><\/p>\n<ul>\n<li style=\"list-style-type: none;\">\n<ul>\n<li style=\"list-style-type: none;\">\n<ul>\n<li style=\"list-style-type: none;\">\n<ul>\n<li data-original-title=\"\" title=\"\">D. Rafael Samper Miguel (PAR)<em><\/em><\/li>\n<\/ul>\n<\/li>\n<\/ul>\n<\/li>\n<\/ul>\n<\/li>\n<\/ul>\n<p style=\"padding-left: 80px;\"><strong>Concejales:<\/strong><\/p>\n<ul>\n<li style=\"list-style-type: none;\">\n<ul>\n<li style=\"list-style-type: none;\">\n<ul>\n<li style=\"list-style-type: none;\">\n<ul>\n<li>D. Javier Samper Gaspar (PAR)<\/li>\n<li>D. Emilio Tor\u00e1n S\u00e1nchez (PAR)<\/li>\n<li>D. Francisco Javier L\u00f3pez Mart\u00ednez (PSOE)<\/li>\n<li>D\u00aa. Rosa Mar\u00eda S\u00e1nchez Casas (PP)<\/li>\n<li>D. Victor Manuel Lafuente Sanz (PP)<\/li>\n<li>D\u00aa. M\u00f3nica S\u00e1nchez Mu\u00f1oz (PP)<em><\/em><\/li>\n<\/ul>\n<\/li>\n<\/ul>\n<\/li>\n<\/ul>\n<\/li>\n<\/ul>\n<ul>\n<li style=\"list-style-type: none;\">\n<ul><\/ul>\n<\/li>\n<\/ul>\n<h3 style=\"padding-left: 40px;\"><strong>Tambi\u00e9n podr\u00e1s encontrar en este men\u00fa informaci\u00f3n sobre:<\/strong><\/h3>\n<hr style=\"padding-left: 40px;\" \/>\n<div class=\"page-list page-list-ext \" style=\"padding-left: 40px;\">\n<div class=\"page-list-ext-item\" style=\"padding-left: 40px;\">\n<p>&nbsp;<\/p>\n<h3 class=\"page-list-ext-title\" style=\"padding-left: 40px;\"><a href=\"\/desarrollophp73\/orihuela\/index.php\/ayuntamiento\/saludo-del-alcalde\/\" title=\"Saludo de la Alcaldesa\">SALUDO DEL ALCALDE<\/a><\/h3>\n<div class=\"page-list-ext-item-content\" style=\"padding-left: 40px;\">Saludo del alcalde.<\/div>\n<\/div>\n<div class=\"page-list-ext-item\" style=\"padding-left: 40px;\">\n<h3 class=\"page-list-ext-title\" style=\"padding-left: 40px;\"><a href=\"http:\/\/orihuela.itcyhost.es\/index.php\/ayuntamiento\/ordenanzas-municipales\/\" title=\"TEXTOS OFICIALES\">TEXTOS OFICIALES<\/a><\/h3>\n<div class=\"page-list-ext-item-content\" style=\"padding-left: 40px;\">ORDENANZAS MUNICIPALES ORDENANZA FISCAL DEL APROVECHAMIENTO MICOLOGICO (PDF). ORDENANZA REGULADORA APROVECHAMIENTO MICOLOGICO (PDF). TASAS FISCALES MUNICIPALES (PDF). NORMAS SUBSIDIARIAS. 44174COT4495101NNSSRPI0101 &#8211; Plano&#8230;<\/div>\n<\/div>\n<div class=\"page-list-ext-item\" style=\"padding-left: 40px;\">\n<h3 class=\"page-list-ext-title\" style=\"padding-left: 40px;\"><a href=\"http:\/\/orihuela.itcyhost.es\/index.php\/ayuntamiento\/perfil-del-contratante\/\" title=\"Perfil del Contratante\">PERFIL DEL CONTRATANTE<\/a><\/h3>\n<div class=\"page-list-ext-item-content\" style=\"padding-left: 40px;\">ADJUDICACIONES DEFINITIVAS MADERA 2016. MADERA 2017. APICOLA 2017. PASTOS 2017. CAMPAMENTOS 2017. CONVOCATORIAS BASES AUXILIAR ADMVO OPOSICION LIBRE 2016. BASES OFICINA TURISMO OPOSICI\u00d3N LIBRE 2017. LICITACIONES &#8230;<\/div>\n<\/div>\n<div class=\"page-list-ext-item\" style=\"padding-left: 40px;\">\n<h3 class=\"page-list-ext-title\" style=\"padding-left: 40px;\"><a href=\"http:\/\/orihuela.itcyhost.es\/index.php\/ayuntamiento\/sesiones-plenarias\/\" title=\"Sesiones Plenarias\">SESIONES PLENARIAS<\/a><\/h3>\n<div class=\"page-list-ext-item-content\" style=\"padding-left: 40px;\">Sesiones por a\u00f1o Listado de plenos del 2018 Sesi\u00f3n Extraordinaria 9 febrero 2018 Sesi\u00f3n Ordinaria 22 febrero 2018 Sesi\u00f3n Extraordinaria 28 marzo 2018 Sesi\u00f3n Ordinaria 26 abril 2018 Sesi\u00f3n Ordinaria\u00a0 28 Junio 2018 S&#8230;<\/div>\n<\/div>\n<div class=\"page-list-ext-item\" style=\"padding-left: 40px;\">\n<h3 class=\"page-list-ext-title\" style=\"padding-left: 40px;\"><a href=\"http:\/\/orihuela.itcyhost.es\/index.php\/ayuntamiento\/directorio-telefonico\/\" title=\"DIRECTORIO TELEF\u00d3NICO\">DIRECTORIO TELEF\u00d3NICO<\/a><\/h3>\n<div class=\"page-list-ext-item-content\" style=\"padding-left: 40px;\">Ayuntamiento Plaza Ayuntamiento, n\u00ba4 Tel\u00e9fono: 978 71 40 04 Fax: 978 71 45 20 Colegio P\u00fablico San Mill\u00e1n Calle subida al Tremedal, 10 (Plaza de las escuelas) Tel\u00e9fono: 978 71 43 52 Camping &#8211; Piscinas \u00abCaimodorro\u00bb o piscina municipal Su&#8230;<\/div>\n<\/div>\n<div class=\"page-list-ext-item\" style=\"padding-left: 40px;\">\n<h3 class=\"page-list-ext-title\" style=\"padding-left: 40px;\"><a href=\"\/desarrollophp73\/orihuela\/index.php\/ayuntamiento\/enlaces-de-interes\/\" title=\"ENLACES DE INTER\u00c9S\">ENLACES DE INTER\u00c9S<\/a><\/h3>\n<div class=\"page-list-ext-item-content\" style=\"padding-left: 40px;\">Otras instituciones y organizaciones Enlaces a otras instituciones y organizaciones: Uni\u00f3n Europea Consejo de Europa Organizaci\u00f3n para la Cooperaci\u00f3n y el Desarrollo Econ\u00f3mico Naciones Unidas Federaci\u00f3n Espa\u00f1ola de Mu&#8230;<\/div>\n<\/div>\n<div class=\"page-list-ext-item\" style=\"padding-left: 40px;\">\n<h3 class=\"page-list-ext-title\" style=\"padding-left: 40px;\"><a href=\"http:\/\/orihuela.itcyhost.es\/index.php\/ayuntamiento\/enlaces-de-interes-2\/\" title=\"ENLACES DE INTER\u00c9S.\">ENLACES DE INTER\u00c9S.<\/a><\/h3>\n<div class=\"page-list-ext-item-content\" style=\"padding-left: 40px;\">CRA\u00a0 BRONCHALES&#8211;ORIHUELA DEL TREMEDAL. VENTA DE PERMISOS DE SETAS ONLINE. COMARCA DE LA SIERRA DE ALBARRACIN. COMUNIDAD DE ALBARRACIN.<\/div>\n<\/div>\n<div class=\"page-list-ext-item\" style=\"padding-left: 40px;\">\n<h3 class=\"page-list-ext-title\" style=\"padding-left: 40px;\"><a href=\"http:\/\/orihuela.itcyhost.es\/index.php\/ayuntamiento\/transparencia\/\" title=\"TRANSPARENCIA\">TRANSPARENCIA<\/a><\/h3>\n<div class=\"page-list-ext-item-content\" style=\"padding-left: 40px;\">Presupuestos PRESUPUESTO 2017. PRESUPUESTO 2018. Personal Personal Ayuntamiento. Convocatoria subvenciones CONVOCATORIA SUBVENCIONES ACTIVIDADES CULTURALES 2016. SUBVENCIONES CONCEDIDAS A\u00d1O 2016. Pliegos &#8230;<\/div>\n<\/div>\n<div class=\"page-list-ext-item\" style=\"padding-left: 40px;\">\n<h3 class=\"page-list-ext-title\" style=\"padding-left: 40px;\"><a href=\"http:\/\/orihuela.itcyhost.es\/index.php\/ayuntamiento\/tejido-social\/\" title=\"TEJIDO SOCIAL\">TEJIDO SOCIAL<\/a><\/h3>\n<div class=\"page-list-ext-item-content\" style=\"padding-left: 40px;\">ASOCIACIONES Conozca todas las asociaciones de Orihuela del Tremedal: Junta de La Virgen, Asociaci\u00f3n Orih-Team, Pe\u00f1a \u00abLa Pitima\u00bb , Asociacion \u00abLa Falaguera\u00bb , Asociaci\u00f3n de Mujeres \u00abSanta Lucia\u00bb , Asociaci\u00f3n de Tambores Y Bombos \u00abEl Tremedal\u00bb , Agr&#8230;<\/div>\n<\/div>\n<div class=\"page-list-ext-item\" style=\"padding-left: 40px;\">\n<h3 class=\"page-list-ext-title\" style=\"padding-left: 40px;\"><a href=\"http:\/\/orihuela.itcyhost.es\/index.php\/ayuntamiento\/demografia-y-geografia\/\" title=\"DEMOGRAF\u00cdA Y GEOGRAF\u00cdA\">DEMOGRAF\u00cdA Y GEOGRAF\u00cdA<\/a><\/h3>\n<div class=\"page-list-ext-item-content\" style=\"padding-left: 40px;\">DEMOGRAFIA \u00a0 Orihuela del Tremedal ha sido por su localizaci\u00f3n, un lugar que ha contado desde tiempos antiguos con una poblaci\u00f3n considerable, alcanzando un importante numero de habitantes en el siglo XVIII. Fue en dicho siglo cuando tuvo l&#8230;<\/div>\n<\/div>\n<\/div>\n<\/div>\n<\/div>\n<\/div>\n<\/div>\n<\/div>\n<p>[\/et_pb_text][\/et_pb_column][\/et_pb_row][\/et_pb_section]<\/p>\n","protected":false},"excerpt":{"rendered":"<p>[et_pb_section fb_built=\u00bb1&#8243; _builder_version=\u00bb4.9.4&#8243; _module_preset=\u00bbdefault\u00bb][et_pb_row _builder_version=\u00bb4.9.4&#8243; _module_preset=\u00bbdefault\u00bb width_tablet=\u00bb\u00bb width_phone=\u00bb100%\u00bb width_last_edited=\u00bbon|phone\u00bb max_width=\u00bb100%\u00bb hover_enabled=\u00bb0&#8243; width=\u00bb100%\u00bb sticky_enabled=\u00bb0&#8243;][et_pb_column type=\u00bb4_4&#8243; _builder_version=\u00bb4.9.4&#8243; _module_preset=\u00bbdefault\u00bb][et_pb_text content_last_edited=\u00bboff|desktop\u00bb module_id=\u00bbcustom-text\u00bb _builder_version=\u00bb4.9.4&#8243; _module_preset=\u00bbdefault\u00bb hover_enabled=\u00bb0&#8243; custom_margin=\u00bb||||false|false\u00bb custom_padding=\u00bb||||false|false\u00bb sticky_enabled=\u00bb0&#8243; width=\u00bb100%\u00bb max_width=\u00bb100%\u00bb border_color_left=\u00bbRGBA(0,0,0,0)\u00bb] AYUNTAMIENTO Corporaci\u00f3n municipal. Alcalde: D. Rafael Samper Miguel (PAR) Concejales: D. Javier Samper Gaspar (PAR) D. Emilio Tor\u00e1n S\u00e1nchez (PAR) D. Francisco Javier L\u00f3pez Mart\u00ednez (PSOE) D\u00aa. Rosa [&hellip;]<\/p>\n","protected":false},"author":1,"featured_media":0,"parent":0,"menu_order":0,"comment_status":"closed","ping_status":"closed","template":"","meta":{"_et_pb_use_builder":"on","_et_pb_old_content":"","_et_gb_content_width":"","footnotes":""},"class_list":["post-216","page","type-page","status-publish","hentry"],"_links":{"self":[{"href":"https:\/\/orihuela.itcyhost.es\/index.php\/wp-json\/wp\/v2\/pages\/216","targetHints":{"allow":["GET"]}}],"collection":[{"href":"https:\/\/orihuela.itcyhost.es\/index.php\/wp-json\/wp\/v2\/pages"}],"about":[{"href":"https:\/\/orihuela.itcyhost.es\/index.php\/wp-json\/wp\/v2\/types\/page"}],"author":[{"embeddable":true,"href":"https:\/\/orihuela.itcyhost.es\/index.php\/wp-json\/wp\/v2\/users\/1"}],"replies":[{"embeddable":true,"href":"https:\/\/orihuela.itcyhost.es\/index.php\/wp-json\/wp\/v2\/comments?post=216"}],"version-history":[{"count":15,"href":"https:\/\/orihuela.itcyhost.es\/index.php\/wp-json\/wp\/v2\/pages\/216\/revisions"}],"predecessor-version":[{"id":1251,"href":"https:\/\/orihuela.itcyhost.es\/index.php\/wp-json\/wp\/v2\/pages\/216\/revisions\/1251"}],"wp:attachment":[{"href":"https:\/\/orihuela.itcyhost.es\/index.php\/wp-json\/wp\/v2\/media?parent=216"}],"curies":[{"name":"wp","href":"https:\/\/api.w.org\/{rel}","templated":true}]}}