{"id":250,"date":"2021-05-18T08:25:11","date_gmt":"2021-05-18T08:25:11","guid":{"rendered":"http:\/\/orihuela.itcyhost.es\/?page_id=250"},"modified":"2021-07-02T12:09:38","modified_gmt":"2021-07-02T12:09:38","slug":"saludo-del-alcalde","status":"publish","type":"page","link":"https:\/\/orihuela.itcyhost.es\/index.php\/ayuntamiento\/saludo-del-alcalde\/","title":{"rendered":"Saludo del Alcalde"},"content":{"rendered":"<p>[et_pb_section fb_built=\u00bb1&#8243; _builder_version=\u00bb4.9.4&#8243; _module_preset=\u00bbdefault\u00bb][et_pb_row _builder_version=\u00bb4.9.4&#8243; _module_preset=\u00bbdefault\u00bb width=\u00bb100%\u00bb max_width=\u00bb100%\u00bb][et_pb_column type=\u00bb4_4&#8243; _builder_version=\u00bb4.9.4&#8243; _module_preset=\u00bbdefault\u00bb][et_pb_text module_id=\u00bbcustom-text\u00bb _builder_version=\u00bb4.9.4&#8243; _module_preset=\u00bbdefault\u00bb hover_enabled=\u00bb0&#8243; sticky_enabled=\u00bb0&#8243;]<\/p>\n<div class=\"container\">\n<h2><strong>SALUDO\u00a0 DEL \u00a0ALCALDE<\/strong><\/h2>\n<h2><strong>\u00a0<\/strong><\/h2>\n<p style=\"padding-left: 40px;\"><span class='et-dropcap'>B<\/span>ienvenidos a la web del Ayuntamiento de Orihuela del Tremedal. Como Alcalde de la localidad es para m\u00ed un honor acercar, a trav\u00e9s de esta plataforma, nuestro Consistorio y nuestro pueblo a todos los vecinos y visitantes.<\/p>\n<p style=\"padding-left: 40px;\">Estamos en la \u00e9poca de las nuevas tecnolog\u00edas y grandes comunicaciones, donde medios como internet facilitan el contacto entre las personas, as\u00ed como las relaciones entre las Administraciones P\u00fablicas y los ciudadanos.<\/p>\n<p style=\"padding-left: 40px;\">A trav\u00e9s de esta p\u00e1gina web, se pretende que el ciudadano vea m\u00e1s pr\u00f3ximo al Ayuntamiento y facilitarle el acceso a la informaci\u00f3n, as\u00ed como la realizaci\u00f3n de tr\u00e1mites y gestiones. A su vez, el Ayuntamiento de forma r\u00e1pida y econ\u00f3mica, podr\u00e1 comunicar actividades, servicios y todo tipo de eventos que se producen a lo largo del a\u00f1o.<\/p>\n<p style=\"padding-left: 40px;\">Del mismo modo, esperamos que sirva de escaparate para todos los turistas, a los que animamos a visitarnos y conocer de primera mano todos los encantos que Orihuela del Tremedal y su espectacular entorno natural pueden ofrecerles.<\/p>\n<p style=\"padding-left: 40px;\">Somos conscientes de que cada vez m\u00e1s el p\u00fablico en general y sobre todo los j\u00f3venes, manejan este medio de comunicaci\u00f3n, por ello queremos aprovecharlo e invitaros a visitarlo de forma habitual, para conocer las propuestas de vuestro Ayuntamiento, y a la vez, saber las inquietudes y propuestas que por medio de la p\u00e1gina nos lleguen.<\/p>\n<p style=\"padding-left: 40px;\">Desde el Consistorio seguiremos trabajando para que nuestro sitio web mejore y evolucione, aumentando sus contenidos para ofrecer mayor informaci\u00f3n y se modernice creando un Ayuntamiento m\u00e1s transparente, cercano y participativo.<\/p>\n<p style=\"padding-left: 40px;\">Para finalizar, aprovecho para decir que el Ayuntamiento est\u00e1 a disposici\u00f3n de todos los ciudadanos, las puertas del Consistorio est\u00e1n abiertas para que, tanto yo como todos los concejales, podamos escucharos.<\/p>\n<p style=\"padding-left: 40px;\">Gracias por visitar nuestra p\u00e1gina web. Confiamos en que sea de vuestro agrado.<\/p>\n<p>&nbsp;<\/p>\n<p style=\"padding-left: 160px;\">Rafael Samper Miguel<\/p>\n<p style=\"padding-left: 160px;\">Alcalde de Orihuela del Tremedal<\/p>\n<\/div>\n<p>[\/et_pb_text][\/et_pb_column][\/et_pb_row][\/et_pb_section]<\/p>\n","protected":false},"excerpt":{"rendered":"<p>[et_pb_section fb_built=\u00bb1&#8243; _builder_version=\u00bb4.9.4&#8243; _module_preset=\u00bbdefault\u00bb][et_pb_row _builder_version=\u00bb4.9.4&#8243; _module_preset=\u00bbdefault\u00bb width=\u00bb100%\u00bb max_width=\u00bb100%\u00bb][et_pb_column type=\u00bb4_4&#8243; _builder_version=\u00bb4.9.4&#8243; _module_preset=\u00bbdefault\u00bb][et_pb_text module_id=\u00bbcustom-text\u00bb _builder_version=\u00bb4.9.4&#8243; _module_preset=\u00bbdefault\u00bb hover_enabled=\u00bb0&#8243; sticky_enabled=\u00bb0&#8243;] SALUDO\u00a0 DEL \u00a0ALCALDE \u00a0 ienvenidos a la web del Ayuntamiento de Orihuela del Tremedal. Como Alcalde de la localidad es para m\u00ed un honor acercar, a trav\u00e9s de esta plataforma, nuestro Consistorio y nuestro pueblo a todos los vecinos [&hellip;]<\/p>\n","protected":false},"author":1,"featured_media":0,"parent":216,"menu_order":0,"comment_status":"closed","ping_status":"closed","template":"","meta":{"_et_pb_use_builder":"on","_et_pb_old_content":"","_et_gb_content_width":"","footnotes":""},"class_list":["post-250","page","type-page","status-publish","hentry"],"_links":{"self":[{"href":"https:\/\/orihuela.itcyhost.es\/index.php\/wp-json\/wp\/v2\/pages\/250","targetHints":{"allow":["GET"]}}],"collection":[{"href":"https:\/\/orihuela.itcyhost.es\/index.php\/wp-json\/wp\/v2\/pages"}],"about":[{"href":"https:\/\/orihuela.itcyhost.es\/index.php\/wp-json\/wp\/v2\/types\/page"}],"author":[{"embeddable":true,"href":"https:\/\/orihuela.itcyhost.es\/index.php\/wp-json\/wp\/v2\/users\/1"}],"replies":[{"embeddable":true,"href":"https:\/\/orihuela.itcyhost.es\/index.php\/wp-json\/wp\/v2\/comments?post=250"}],"version-history":[{"count":9,"href":"https:\/\/orihuela.itcyhost.es\/index.php\/wp-json\/wp\/v2\/pages\/250\/revisions"}],"predecessor-version":[{"id":1477,"href":"https:\/\/orihuela.itcyhost.es\/index.php\/wp-json\/wp\/v2\/pages\/250\/revisions\/1477"}],"up":[{"embeddable":true,"href":"https:\/\/orihuela.itcyhost.es\/index.php\/wp-json\/wp\/v2\/pages\/216"}],"wp:attachment":[{"href":"https:\/\/orihuela.itcyhost.es\/index.php\/wp-json\/wp\/v2\/media?parent=250"}],"curies":[{"name":"wp","href":"https:\/\/api.w.org\/{rel}","templated":true}]}}