{"id":254,"date":"2021-05-18T08:25:47","date_gmt":"2021-05-18T08:25:47","guid":{"rendered":"http:\/\/orihuela.itcyhost.es\/?page_id=254"},"modified":"2021-07-02T12:09:38","modified_gmt":"2021-07-02T12:09:38","slug":"ordenanzas-municipales","status":"publish","type":"page","link":"https:\/\/orihuela.itcyhost.es\/index.php\/ayuntamiento\/ordenanzas-municipales\/","title":{"rendered":"Textos Oficiales"},"content":{"rendered":"<p>[et_pb_section fb_built=\u00bb1&#8243; _builder_version=\u00bb4.9.4&#8243; _module_preset=\u00bbdefault\u00bb][et_pb_row _builder_version=\u00bb4.9.4&#8243; _module_preset=\u00bbdefault\u00bb width=\u00bb100%\u00bb width_tablet=\u00bb\u00bb width_phone=\u00bb100%\u00bb width_last_edited=\u00bbon|phone\u00bb max_width=\u00bb100%\u00bb][et_pb_column type=\u00bb4_4&#8243; _builder_version=\u00bb4.9.4&#8243; _module_preset=\u00bbdefault\u00bb][et_pb_text module_id=\u00bbcustom-text\u00bb _builder_version=\u00bb4.9.4&#8243; _module_preset=\u00bbdefault\u00bb hover_enabled=\u00bb0&#8243; sticky_enabled=\u00bb0&#8243;]<\/p>\n<div class=\"enigma_header_breadcrum_title\">\n<div class=\"container\">\n<div class=\"row\">\n<div class=\"col-md-12\">\n<h2><strong>TEXTOS OFICIALES<\/strong><\/h2>\n<\/div>\n<\/div>\n<\/div>\n<\/div>\n<div class=\"container\">\n<div class=\"row enigma_blog_wrapper\">\n<div class=\"col-md-12\">\n<div class=\"enigma_blog_full\">\n<div class=\"enigma_blog_post_content\">\n<h2 style=\"padding-left: 40px;\">ORDENANZAS MUNICIPALES<\/h2>\n<ul>\n<li style=\"list-style-type: none;\">\n<ul>\n<li style=\"list-style-type: none;\">\n<ul>\n<li><a href=\"http:\/\/orihuela.itcyhost.es\/wp-content\/uploads\/2021\/05\/tasas-fiscales-municipales.pdf\" rel=\"attachment noopener wp-att-503\" target=\"_blank\">ORDENANZA FISCAL DEL APROVECHAMIENTO MICOLOGICO (PDF).<\/a><\/li>\n<li data-original-title=\"\" title=\"\"><a href=\"http:\/\/orihuela.itcyhost.es\/wp-content\/uploads\/2021\/05\/ordenanza-reguladora-aprovechamiento-micologico.pdf\" rel=\"attachment noopener wp-att-501\" target=\"_blank\">ORDENANZA REGULADORA APROVECHAMIENTO MICOLOGICO (PDF).<\/a><\/li>\n<li data-original-title=\"\" title=\"\"><a href=\"http:\/\/orihuela.itcyhost.es\/wp-content\/uploads\/2021\/05\/tasas-fiscales-municipales.pdf\" rel=\"attachment noopener wp-att-503\" target=\"_blank\">TASAS FISCALES MUNICIPALES (PDF).<\/a><\/li>\n<\/ul>\n<\/li>\n<\/ul>\n<\/li>\n<\/ul>\n<h2 style=\"padding-left: 40px;\">NORMAS SUBSIDIARIAS.<\/h2>\n<ul>\n<li style=\"list-style-type: none;\">\n<ul>\n<li style=\"list-style-type: none;\">\n<ul>\n<li><a href=\"http:\/\/orihuela.itcyhost.es\/wp-content\/uploads\/2021\/05\/44174cot4495101nnssrpi0101.pdf\" rel=\"attachment noopener wp-att-487\" target=\"_blank\">44174COT4495101NNSSRPI0101 \u2013 Plano N\u00ba IT-1: Situaci\u00f3n del territorio en la provincia.<\/a><\/li>\n<li><a href=\"http:\/\/orihuela.itcyhost.es\/wp-content\/uploads\/2021\/05\/44174cot4495101nnssrpi0102.pdf\" rel=\"attachment noopener wp-att-488\" target=\"_blank\">44174COT4495101NNSSRPI0102 \u2013 Plano N\u00ba IT-2: Cultivos pendientes y humedad en relaci\u00f3n con la provincia.<\/a><\/li>\n<li><a href=\"http:\/\/orihuela.itcyhost.es\/wp-content\/uploads\/2021\/05\/44174cot4495101nnssrpi0103.pdf\" rel=\"attachment noopener wp-att-489\" target=\"_blank\">44174COT4495101NNSSRPI0103 \u2013 Plano N\u00ba IT-3: Hidrograf\u00eda, comunicaciones y usos.<\/a><\/li>\n<li><a href=\"http:\/\/orihuela.itcyhost.es\/wp-content\/uploads\/2021\/05\/44174cot4495101nnssrpi01a.pdf\" rel=\"attachment noopener wp-att-474\" target=\"_blank\">44174COT4495101NNSSRPI01a \u2013 Plano N\u00ba IN-1: Resumen Normas Subsidiarias municipales vigentes.<\/a><\/li>\n<li><a href=\"http:\/\/orihuela.itcyhost.es\/wp-content\/uploads\/2021\/05\/44174cot4495101nnssrpi01b.pdf\" rel=\"attachment noopener wp-att-475\" target=\"_blank\">44174COT4495101NNSSRPI01b \u2013 Plano N\u00ba IN-1bis: Resumen Normas Subsidiarias municipales vigentes.<\/a><\/li>\n<li><a href=\"http:\/\/orihuela.itcyhost.es\/wp-content\/uploads\/2021\/05\/44174cot4495101nnssrpi02.pdf\" rel=\"attachment noopener wp-att-476\" target=\"_blank\">44174COT4495101NNSSRPI02 \u2013 Plano N\u00ba IN-2: Usos.<\/a><\/li>\n<li><a href=\"http:\/\/orihuela.itcyhost.es\/wp-content\/uploads\/2021\/05\/44174cot4495101nnssrpi03.pdf\" rel=\"attachment noopener wp-att-477\" target=\"_blank\">44174COT4495101NNSSRPI03 \u2013 Plano N\u00ba IN-3: Altura de edificaci\u00f3n.<\/a><\/li>\n<li><a href=\"http:\/\/orihuela.itcyhost.es\/wp-content\/uploads\/2021\/05\/44174cot4495101nnssrpi04.pdf\" rel=\"attachment noopener wp-att-478\" target=\"_blank\">44174COT4495101NNSSRPI04 \u2013 Plano N\u00ba IN-4: Estado de la edificaci\u00f3n.<\/a><\/li>\n<li><a href=\"http:\/\/orihuela.itcyhost.es\/wp-content\/uploads\/2021\/05\/44174cot4495101nnssrpi05.pdf\" rel=\"attachment noopener wp-att-479\" target=\"_blank\">44174COT4495101NNSSRPI05 \u2013 Plano N\u00ba IN-5: Estructura Urban\u00edstica.<\/a><\/li>\n<li><a href=\"http:\/\/orihuela.itcyhost.es\/wp-content\/uploads\/2021\/05\/44174cot4495101nnssrpi06.pdf\" rel=\"attachment noopener wp-att-480\" target=\"_blank\">44174COT4495101NNSSRPI06 \u2013 Plano N\u00ba IN-6: Interes de edificaciones y espacios urbanos.<\/a><\/li>\n<li><a href=\"http:\/\/orihuela.itcyhost.es\/wp-content\/uploads\/2021\/05\/44174cot4495101nnssrpi07.pdf\" rel=\"attachment noopener wp-att-481\" target=\"_blank\">44174COT4495101NNSSRPI07 \u2013 Plano N\u00ba IN-7: Superposici\u00f3n comparativa de Planeamiento Urban\u00edstico y conjunto hist\u00f3rico<\/a><\/li>\n<li><a href=\"http:\/\/orihuela.itcyhost.es\/wp-content\/uploads\/2021\/05\/44174cot4495101nnssrpi08.pdf\" rel=\"attachment noopener wp-att-482\" target=\"_blank\">44174COT4495101NNSSRPI08 \u2013 Plano N\u00ba IN-8: Red viaria, estado actual.<\/a><\/li>\n<li><a href=\"http:\/\/orihuela.itcyhost.es\/wp-content\/uploads\/2021\/05\/44174cot4495101nnssrpi09.pdf\" rel=\"attachment noopener wp-att-483\" target=\"_blank\">44174COT4495101NNSSRPI09 \u2013 Plano N\u00ba IN-9: Red de Baja tensi\u00f3n. Alumbrado p\u00fablico.<\/a><\/li>\n<li><a href=\"http:\/\/orihuela.itcyhost.es\/wp-content\/uploads\/2021\/05\/44174cot4495101nnssrpi10.pdf\" rel=\"attachment noopener wp-att-484\" target=\"_blank\">44174COT4495101NNSSRPI10 \u2013 Plano N\u00ba IN-10: Red de saneamiento.<\/a><\/li>\n<li><a href=\"http:\/\/orihuela.itcyhost.es\/wp-content\/uploads\/2021\/05\/44174cot4495101nnssrpi11.pdf\" rel=\"attachment noopener wp-att-485\" target=\"_blank\">44174COT4495101NNSSRPI11 \u2013 Plano N\u00ba IN-11: Red de abastecimiento.<\/a><\/li>\n<li><a href=\"http:\/\/orihuela.itcyhost.es\/wp-content\/uploads\/2021\/05\/44174cot4495101nnssrpi12.pdf\" rel=\"attachment noopener wp-att-486\" target=\"_blank\">44174COT4495101NNSSRPI12 \u2013 Plano N\u00ba IN-12: Reciente ocupaci\u00f3n de Suelo por edificaciones y demanda actual.<\/a><\/li>\n<\/ul>\n<\/li>\n<\/ul>\n<\/li>\n<\/ul>\n<p style=\"padding-left: 40px;\"><a href=\"http:\/\/www.orihueladeltremedal.es\/wp-content\/uploads\/sites\/109\/2017\/06\/44174cot4495101nnssrpi12.pdf\" target=\"_blank\" rel=\"noopener noreferrer\"><\/a><\/p>\n<h2 style=\"padding-left: 40px;\">ORDENAC\u00cdON<\/h2>\n<ul>\n<li style=\"list-style-type: none;\">\n<ul>\n<li style=\"list-style-type: none;\">\n<ul>\n<li><a href=\"http:\/\/orihuela.itcyhost.es\/wp-content\/uploads\/2021\/05\/44174cot4495101nnssrpo01.pdf\" rel=\"attachment noopener wp-att-490\" target=\"_blank\"> 44174COT4495101NNSSRPO01 \u2013 Plano N\u00ba 0-1: Estructura general del territorio y Clasificaci\u00f3n del suelo.<\/a><\/li>\n<li><a href=\"http:\/\/orihuela.itcyhost.es\/wp-content\/uploads\/2021\/05\/44174cot4495101nnssrpo02.pdf\" rel=\"attachment noopener wp-att-491\" target=\"_blank\">44174COT4495101NNSSRPO02 \u2013 Plano N\u00ba 0-2: Clasificaci\u00f3n del Suelo y Desarrollo del Suelo No Urbanizable.<\/a><\/li>\n<li><a href=\"http:\/\/orihuela.itcyhost.es\/wp-content\/uploads\/2021\/05\/44174cot4495101nnssrpo03a.pdf\" rel=\"attachment noopener wp-att-492\" target=\"_blank\">44174COT4495101NNSSRPO03a \u2013 Plano N\u00ba 0-3A: Clasificaci\u00f3n del Suelo y Delimitaci\u00f3n de Zonas y Usos.<\/a><\/li>\n<li><a href=\"http:\/\/orihuela.itcyhost.es\/wp-content\/uploads\/2021\/05\/44174cot4495101nnssrpo03b.pdf\" rel=\"attachment noopener wp-att-493\" target=\"_blank\">44174COT4495101NNSSRPO03b \u2013 Plano N\u00ba 0-3B: Clasificaci\u00f3n del Suelo y Delimitaci\u00f3n de Zonas y Usos.<\/a><\/li>\n<li><a href=\"http:\/\/orihuela.itcyhost.es\/wp-content\/uploads\/2021\/05\/44174cot4495101nnssrpo03c.pdf\" rel=\"attachment noopener wp-att-494\" target=\"_blank\">44174COT4495101NNSSRPO03c \u2013 Plano N\u00ba 0-3C: Clasificaci\u00f3n del Suelo y Delimitaci\u00f3n de Zonas y Usos.<\/a><\/li>\n<li><a href=\"http:\/\/orihuela.itcyhost.es\/wp-content\/uploads\/2021\/05\/44174cot4495101nnssrpo04a.pdf\" rel=\"attachment noopener wp-att-495\" target=\"_blank\">44174COT4495101NNSSRPO04a \u2013 Plano N\u00ba 0-4A: Red viaria, alineaciones y volumen.<\/a><\/li>\n<li><a href=\"http:\/\/orihuela.itcyhost.es\/wp-content\/uploads\/2021\/05\/44174cot4495101nnssrpo04b.pdf\" rel=\"attachment noopener wp-att-496\" target=\"_blank\">44174COT4495101NNSSRPO04b \u2013 Plano N\u00ba 0-4B: Red viaria, alineaciones y volumen.<\/a><\/li>\n<li><a href=\"http:\/\/orihuela.itcyhost.es\/wp-content\/uploads\/2021\/05\/44174cot4495101nnssrpo05.pdf\" rel=\"attachment noopener wp-att-497\" target=\"_blank\">44174COT4495101NNSSRPO05 \u2013 Plano N\u00ba 0-5: Conjunto hist\u00f3rico-art\u00edstico e interes edificaciones.<\/a><\/li>\n<li><a href=\"http:\/\/orihuela.itcyhost.es\/wp-content\/uploads\/2021\/05\/44174cot4495101nnssrpo06.pdf\" rel=\"attachment noopener wp-att-498\" target=\"_blank\">44174COT4495101NNSSRPO06 \u2013 Plano N\u00ba 0-6: Estructura urban\u00edstica y protecciones.<\/a><\/li>\n<li><a href=\"http:\/\/orihuela.itcyhost.es\/wp-content\/uploads\/2021\/05\/44174cot4495101nnssrpo07.pdf\" rel=\"attachment noopener wp-att-499\" target=\"_blank\">44174COT4495101NNSSRPO07 \u2013 Plano N\u00ba 0-7: Esquema de servicios, enganche y vertido a los existentes.<\/a><\/li>\n<li><a href=\"http:\/\/orihuela.itcyhost.es\/wp-content\/uploads\/2021\/05\/44174cot4495101nnssrpo08.pdf\" rel=\"attachment noopener wp-att-500\" target=\"_blank\">44174COT4495101NNSSRPO08 \u2013 Plano N\u00ba 0-8: Conexi\u00f3n vertidos.<\/a><\/li>\n<\/ul>\n<\/li>\n<\/ul>\n<\/li>\n<\/ul>\n<\/div>\n<\/div>\n<\/div>\n<\/div>\n<\/div>\n<p>[\/et_pb_text][\/et_pb_column][\/et_pb_row][\/et_pb_section]<\/p>\n","protected":false},"excerpt":{"rendered":"<p>[et_pb_section fb_built=\u00bb1&#8243; _builder_version=\u00bb4.9.4&#8243; _module_preset=\u00bbdefault\u00bb][et_pb_row _builder_version=\u00bb4.9.4&#8243; _module_preset=\u00bbdefault\u00bb width=\u00bb100%\u00bb width_tablet=\u00bb\u00bb width_phone=\u00bb100%\u00bb width_last_edited=\u00bbon|phone\u00bb max_width=\u00bb100%\u00bb][et_pb_column type=\u00bb4_4&#8243; _builder_version=\u00bb4.9.4&#8243; _module_preset=\u00bbdefault\u00bb][et_pb_text module_id=\u00bbcustom-text\u00bb _builder_version=\u00bb4.9.4&#8243; _module_preset=\u00bbdefault\u00bb hover_enabled=\u00bb0&#8243; sticky_enabled=\u00bb0&#8243;] TEXTOS OFICIALES ORDENANZAS MUNICIPALES ORDENANZA FISCAL DEL APROVECHAMIENTO MICOLOGICO (PDF). ORDENANZA REGULADORA APROVECHAMIENTO MICOLOGICO (PDF). TASAS FISCALES MUNICIPALES (PDF). NORMAS SUBSIDIARIAS. 44174COT4495101NNSSRPI0101 \u2013 Plano N\u00ba IT-1: Situaci\u00f3n del territorio en la provincia. 44174COT4495101NNSSRPI0102 \u2013 Plano N\u00ba [&hellip;]<\/p>\n","protected":false},"author":1,"featured_media":0,"parent":216,"menu_order":0,"comment_status":"closed","ping_status":"closed","template":"","meta":{"_et_pb_use_builder":"on","_et_pb_old_content":"","_et_gb_content_width":"","footnotes":""},"class_list":["post-254","page","type-page","status-publish","hentry"],"_links":{"self":[{"href":"https:\/\/orihuela.itcyhost.es\/index.php\/wp-json\/wp\/v2\/pages\/254","targetHints":{"allow":["GET"]}}],"collection":[{"href":"https:\/\/orihuela.itcyhost.es\/index.php\/wp-json\/wp\/v2\/pages"}],"about":[{"href":"https:\/\/orihuela.itcyhost.es\/index.php\/wp-json\/wp\/v2\/types\/page"}],"author":[{"embeddable":true,"href":"https:\/\/orihuela.itcyhost.es\/index.php\/wp-json\/wp\/v2\/users\/1"}],"replies":[{"embeddable":true,"href":"https:\/\/orihuela.itcyhost.es\/index.php\/wp-json\/wp\/v2\/comments?post=254"}],"version-history":[{"count":9,"href":"https:\/\/orihuela.itcyhost.es\/index.php\/wp-json\/wp\/v2\/pages\/254\/revisions"}],"predecessor-version":[{"id":1479,"href":"https:\/\/orihuela.itcyhost.es\/index.php\/wp-json\/wp\/v2\/pages\/254\/revisions\/1479"}],"up":[{"embeddable":true,"href":"https:\/\/orihuela.itcyhost.es\/index.php\/wp-json\/wp\/v2\/pages\/216"}],"wp:attachment":[{"href":"https:\/\/orihuela.itcyhost.es\/index.php\/wp-json\/wp\/v2\/media?parent=254"}],"curies":[{"name":"wp","href":"https:\/\/api.w.org\/{rel}","templated":true}]}}