{"id":260,"date":"2021-05-18T08:27:38","date_gmt":"2021-05-18T08:27:38","guid":{"rendered":"http:\/\/orihuela.itcyhost.es\/?page_id=260"},"modified":"2021-07-02T12:09:38","modified_gmt":"2021-07-02T12:09:38","slug":"sesiones-plenarias","status":"publish","type":"page","link":"https:\/\/orihuela.itcyhost.es\/index.php\/ayuntamiento\/sesiones-plenarias\/","title":{"rendered":"Sesiones Plenarias"},"content":{"rendered":"<p>[et_pb_section fb_built=\u00bb1&#8243; _builder_version=\u00bb4.9.4&#8243; _module_preset=\u00bbdefault\u00bb hover_enabled=\u00bb0&#8243; sticky_enabled=\u00bb0&#8243;][et_pb_row column_structure=\u00bb1_2,1_2&#8243; _builder_version=\u00bb4.9.4&#8243; _module_preset=\u00bbdefault\u00bb width_tablet=\u00bb\u00bb width_phone=\u00bb100%\u00bb width_last_edited=\u00bbon|phone\u00bb max_width=\u00bb100%\u00bb hover_enabled=\u00bb0&#8243; width=\u00bb100%\u00bb sticky_enabled=\u00bb0&#8243;][et_pb_column type=\u00bb1_2&#8243; _builder_version=\u00bb4.9.4&#8243; _module_preset=\u00bbdefault\u00bb][et_pb_text module_id=\u00bbcustom-text\u00bb _builder_version=\u00bb4.9.4&#8243; _module_preset=\u00bbdefault\u00bb]<\/p>\n<div class=\"enigma_header_breadcrum_title\">\n<div class=\"container\">\n<div class=\"row\">\n<div class=\"col-md-12\">\n<h2><strong>SESIONES PLENARIAS<\/strong><strong><\/strong><\/h2>\n<\/div>\n<\/div>\n<\/div>\n<\/div>\n<div class=\"container\">\n<div class=\"row enigma_blog_wrapper\">\n<div class=\"col-md-12\">\n<div class=\"enigma_blog_full\">\n<div class=\"enigma_blog_post_content\">\n<div>\n<h2 style=\"padding-left: 40px;\">Listado de plenos del 2018<\/h2>\n<ul>\n<li style=\"list-style-type: none;\">\n<ul>\n<li style=\"list-style-type: none;\">\n<ul>\n<li><a href=\"http:\/\/orihuela.itcyhost.es\/wp-content\/uploads\/2021\/05\/9-02-2018.pdf\" rel=\"attachment noopener wp-att-417\" target=\"_blank\">Sesi\u00f3n Extraordinaria 9 febrero 2018<\/a><\/li>\n<li><a href=\"http:\/\/orihuela.itcyhost.es\/wp-content\/uploads\/2021\/05\/22-02-2018.pdf\" rel=\"attachment wp-att-441 noopener\" target=\"_blank\">Sesi\u00f3n Ordinaria 22 febrero 2018<\/a><\/li>\n<li><a href=\"http:\/\/orihuela.itcyhost.es\/wp-content\/uploads\/2021\/05\/28-03-2018.pdf\" rel=\"attachment wp-att-448 noopener\" target=\"_blank\">Sesi\u00f3n Extraordinaria 28 marzo 2018<\/a><\/li>\n<li><a href=\"http:\/\/orihuela.itcyhost.es\/wp-content\/uploads\/2021\/05\/ACTA-26-Abril-2018.pdf\" rel=\"attachment wp-att-461 noopener\" target=\"_blank\">Sesi\u00f3n Ordinaria 26 abril 2018<\/a><\/li>\n<li><a href=\"http:\/\/orihuela.itcyhost.es\/wp-content\/uploads\/2021\/05\/ACTA-28-Junio-2018.pdf\" rel=\"attachment wp-att-466 noopener\" target=\"_blank\">Sesi\u00f3n Ordinaria 28 Junio 2018<\/a><\/li>\n<li><a href=\"http:\/\/orihuela.itcyhost.es\/wp-content\/uploads\/2021\/05\/ACTA-6-Julio-2018.pdf\" rel=\"attachment wp-att-457 noopener\" target=\"_blank\">Sesi\u00f3n Extraordinaria 6 Julio 2018<\/a><\/li>\n<li><a href=\"http:\/\/orihuela.itcyhost.es\/wp-content\/uploads\/2021\/05\/ACTA-30-Agosto-2018.pdf\" rel=\"attachment wp-att-464 noopener\" target=\"_blank\">Sesi\u00f3n Ordinaria 30 Agosto 2018<\/a><\/li>\n<li><a href=\"http:\/\/orihuela.itcyhost.es\/wp-content\/uploads\/2021\/05\/ACTA-24-septiembre-2018.pdf\" rel=\"attachment wp-att-458 noopener\" target=\"_blank\">Sesi\u00f3n Extraordinaria 24 septiembre 2018<\/a><\/li>\n<li><a href=\"http:\/\/orihuela.itcyhost.es\/wp-content\/uploads\/2021\/05\/ACTA-25-octubre-2018.pdf\" rel=\"attachment wp-att-459 noopener\" target=\"_blank\">Sesi\u00f3n Ordinaria 25 octubre 2018<\/a><\/li>\n<li><a href=\"http:\/\/orihuela.itcyhost.es\/wp-content\/uploads\/2021\/05\/ACTA-29-noviembre-2018.pdf\" rel=\"attachment wp-att-463 noopener\" target=\"_blank\">Sesi\u00f3n Extraordinaria 29 noviembre 2018<\/a><\/li>\n<li><a href=\"http:\/\/orihuela.itcyhost.es\/wp-content\/uploads\/2021\/05\/Acta-27-diciembre-2018.pdf\" rel=\"attachment wp-att-462 noopener\" target=\"_blank\">Sesi\u00f3n Ordinaria 27 diciembre 2018<\/a><\/li>\n<\/ul>\n<\/li>\n<\/ul>\n<\/li>\n<\/ul>\n<h2 style=\"padding-left: 40px;\"><\/h2>\n<p>&nbsp;<\/p>\n<h2 style=\"padding-left: 40px;\">Listado de plenos del 2017<\/h2>\n<ul>\n<li style=\"list-style-type: none;\">\n<ul>\n<li style=\"list-style-type: none;\">\n<ul>\n<li><a href=\"http:\/\/orihuela.itcyhost.es\/wp-content\/uploads\/2021\/05\/19-sesion-extraordinaria-10-02-2017.pdf\" rel=\"attachment wp-att-436 noopener\" target=\"_blank\">Sesi\u00f3n Extraordinaria 10 febrero 2017<\/a><\/li>\n<li><a href=\"http:\/\/orihuela.itcyhost.es\/wp-content\/uploads\/2021\/05\/20-sesion-ordinaria-23-02-2017.pdf\" rel=\"attachment wp-att-439 noopener\" target=\"_blank\">Sesi\u00f3n Ordinaria 23 febrero 2017<\/a><\/li>\n<li><a href=\"http:\/\/orihuela.itcyhost.es\/wp-content\/uploads\/2021\/05\/21-sesion-extraordinaria-28-03-2017.pdf\" rel=\"attachment wp-att-440 noopener\" target=\"_blank\">Sesi\u00f3n Extraordinaria 28 marzo 2017<\/a><\/li>\n<li><a href=\"http:\/\/orihuela.itcyhost.es\/wp-content\/uploads\/2021\/05\/27-04-2017.pdf\" rel=\"attachment wp-att-444 noopener\" target=\"_blank\">Sesi\u00f3n Ordinaria 27 abril 2017<\/a><\/li>\n<li><a href=\"http:\/\/orihuela.itcyhost.es\/wp-content\/uploads\/2021\/05\/01-06-2017.pdf\" rel=\"attachment wp-att-416 noopener\" target=\"_blank\">Sesi\u00f3n Extraordinaria 01 junio 2017<\/a><\/li>\n<li><a href=\"http:\/\/orihuela.itcyhost.es\/wp-content\/uploads\/2021\/05\/20-06-2017.pdf\" rel=\"attachment wp-att-438 noopener\" target=\"_blank\">Sesi\u00f3n Extraordinaria 20 junio 2017<\/a><\/li>\n<li><a href=\"http:\/\/orihuela.itcyhost.es\/wp-content\/uploads\/2021\/05\/29-junio-2017.pdf\" rel=\"attachment wp-att-454 noopener\" target=\"_blank\">Sesi\u00f3n Ordinaria 29 junio 2017<\/a><\/li>\n<li><a href=\"http:\/\/orihuela.itcyhost.es\/wp-content\/uploads\/2021\/05\/10-07-2017.pdf\" rel=\"attachment wp-att-422 noopener\" target=\"_blank\">Sesi\u00f3n Extraordinaria 10 julio 2017<\/a><\/li>\n<li><a href=\"http:\/\/orihuela.itcyhost.es\/wp-content\/uploads\/2021\/05\/11-08-2017.pdf\" rel=\"attachment wp-att-425 noopener\" target=\"_blank\">Sesi\u00f3n Extraordinaria 11 agosto 2017<\/a><\/li>\n<li><a href=\"http:\/\/orihuela.itcyhost.es\/wp-content\/uploads\/2021\/05\/31-08-2017.pdf\" rel=\"attachment wp-att-456 noopener\" target=\"_blank\">Sesi\u00f3n Ordinaria 31 agosto 2017<\/a><\/li>\n<li><a href=\"http:\/\/orihuela.itcyhost.es\/wp-content\/uploads\/2021\/05\/27-10-2017.pdf\" rel=\"attachment wp-att-447 noopener\" target=\"_blank\">Sesi\u00f3n Ordinaria 27 octubre 2017<\/a><\/li>\n<li><a href=\"http:\/\/orihuela.itcyhost.es\/wp-content\/uploads\/2021\/05\/9-11-2017.pdf\" rel=\"attachment wp-att-420 target=\" _blank=\"\">Sesi\u00f3n Extraordinaria 9 noviembre 2017<\/a><\/li>\n<li><a href=\"http:\/\/orihuela.itcyhost.es\/wp-content\/uploads\/2021\/05\/15-12-2017.pdf\" rel=\"attachment wp-att-431 noopener\" target=\"_blank\">Sesi\u00f3n Extraordinaria 15 diciembre 2017<\/a><\/li>\n<li><a href=\"http:\/\/orihuela.itcyhost.es\/wp-content\/uploads\/2021\/05\/29-12-2017.pdf\" rel=\"attachment wp-att-453 noopener\" target=\"_blank\">Sesi\u00f3n Ordinaria 29 diciembre 2017<\/a><\/li>\n<\/ul>\n<\/li>\n<\/ul>\n<\/li>\n<\/ul>\n<\/div>\n<div><\/div>\n<ul>\n<li style=\"list-style-type: none;\">\n<ul>\n<li style=\"list-style-type: none;\">\n<ul><\/ul>\n<\/li>\n<\/ul>\n<\/li>\n<\/ul>\n<\/div>\n<\/div>\n<\/div>\n<\/div>\n<\/div>\n<p>[\/et_pb_text][\/et_pb_column][et_pb_column type=\u00bb1_2&#8243; _builder_version=\u00bb4.9.4&#8243; _module_preset=\u00bbdefault\u00bb][et_pb_text module_id=\u00bbcustom-text\u00bb _builder_version=\u00bb4.9.4&#8243; _module_preset=\u00bbdefault\u00bb]<\/p>\n<div class=\"enigma_header_breadcrum_title\">\n<div class=\"container\">\n<div class=\"row\">\n<div class=\"col-md-12\">\n<p>&nbsp;<\/p>\n<\/div>\n<\/div>\n<\/div>\n<\/div>\n<div class=\"container\">\n<div class=\"row enigma_blog_wrapper\">\n<div class=\"col-md-12\">\n<div class=\"enigma_blog_full\">\n<div class=\"enigma_blog_post_content\">\n<div>\n<h2 style=\"padding-left: 40px;\">Listado de plenos del 2016<\/h2>\n<ul>\n<li style=\"list-style-type: none;\">\n<ul>\n<li style=\"list-style-type: none;\">\n<ul>\n<li><a href=\"http:\/\/orihuela.itcyhost.es\/wp-content\/uploads\/2021\/05\/10-sesion-ordinaria-25-02-2016.pdf\" rel=\"attachment wp-att-423 noopener\" target=\"_blank\">Sesi\u00f3n Ordinaria 25 febrero 2016<\/a><\/li>\n<li><a href=\"http:\/\/orihuela.itcyhost.es\/wp-content\/uploads\/2021\/05\/11-sesion-extraordinaria-08-04-2016.pdf\" rel=\"attachment wp-att-426 noopener\" target=\"_blank\">Sesi\u00f3n Extraordinaria 8 abril 2016<\/a><\/li>\n<li><a href=\"http:\/\/orihuela.itcyhost.es\/wp-content\/uploads\/2021\/05\/12-sesion-extraordinaria-20-04-2016.pdf\" rel=\"attachment wp-att-427 noopener\" target=\"_blank\">Sesion Extraordinaria 20 abril 2016<\/a><\/li>\n<li><a href=\"http:\/\/orihuela.itcyhost.es\/wp-content\/uploads\/2021\/05\/13-sesion-ordinaria-28-04-2016.pdf\" rel=\"attachment wp-att-429 noopener\" target=\"_blank\">Sesi\u00f3n Ordinaria 28 abril 2016<\/a><\/li>\n<li><a href=\"http:\/\/orihuela.itcyhost.es\/wp-content\/uploads\/2021\/05\/14-sesion-extraordinaria-17-05-2016.pdf\" rel=\"attachment wp-att-430 noopener\" target=\"_blank\">Sesi\u00f3n Extraordinaria 17 mayo 2016<\/a><\/li>\n<li><a href=\"http:\/\/orihuela.itcyhost.es\/wp-content\/uploads\/2021\/05\/ACTA-SESI.pdf\" rel=\"attachment wp-att-465 noopener\" target=\"_blank\">Sesi\u00f3n Extraordinaria 1 junio 2016<\/a><\/li>\n<li><a href=\"http:\/\/orihuela.itcyhost.es\/wp-content\/uploads\/2021\/05\/16-sesion-extraordinaria-16-06-2016.pdf\" rel=\"attachment wp-att-433 noopener\" target=\"_blank\">Sesi\u00f3n Extraordinaria 16 junio 2016<\/a><\/li>\n<li><a href=\"http:\/\/orihuela.itcyhost.es\/wp-content\/uploads\/2021\/05\/17-sesion-ordinaria-30-06-2016.pdf\" rel=\"attachment wp-att-434 noopener\" target=\"_blank\">Sesi\u00f3n Ordinaria 30 junio 2016<\/a><\/li>\n<li><a href=\"http:\/\/orihuela.itcyhost.es\/wp-content\/uploads\/2021\/05\/18-sesion-ordinaria-25-08-2016.pdf\" rel=\"attachment wp-att-435 noopener\" target=\"_blank\">Sesi\u00f3n Ordinaria 25 agosto 2016<\/a><\/li>\n<li><a href=\"http:\/\/orihuela.itcyhost.es\/wp-content\/uploads\/2021\/05\/27-10-2016.pdf\" rel=\"attachment wp-att-446 noopener\" target=\"_blank\">Sesi\u00f3n Ordinaria 27 octubre 2016<\/a><\/li>\n<li><a href=\"http:\/\/orihuela.itcyhost.es\/wp-content\/uploads\/2021\/05\/24-11-2016.pdf\" rel=\"attachment wp-att-442 noopener\" target=\"_blank\">Sesi\u00f3n Extraordinaria 24 noviembre 2016<\/a><\/li>\n<li><a href=\"http:\/\/orihuela.itcyhost.es\/wp-content\/uploads\/2021\/05\/29-12-2016.pdf\" rel=\"attachment wp-att-452 noopener\" target=\"_blank\">Sesi\u00f3n Ordinaria 29 diciembre 2016<\/a><\/li>\n<\/ul>\n<\/li>\n<\/ul>\n<\/li>\n<\/ul>\n<\/div>\n<h2 style=\"padding-left: 40px;\">Listado de plenos del 2015<\/h2>\n<ul>\n<li style=\"list-style-type: none;\">\n<ul>\n<li style=\"list-style-type: none;\">\n<ul>\n<li><a href=\"http:\/\/orihuela.itcyhost.es\/wp-content\/uploads\/2021\/05\/11-02-2015.pdf\" rel=\"attachment wp-att-424 noopener\" target=\"_blank\">Sesi\u00f3n Ordinaria 11 febrero 2015<\/a><\/li>\n<li><a href=\"http:\/\/orihuela.itcyhost.es\/wp-content\/uploads\/2021\/05\/20-03-2015doc.pdf\" rel=\"attachment wp-att-437 noopener\" target=\"_blank\">Sesi\u00f3n Extraordinaria 20 marzo 2015<\/a><\/li>\n<li><a href=\"http:\/\/orihuela.itcyhost.es\/wp-content\/uploads\/2021\/05\/29-04-2015.pdf\" rel=\"attachment wp-att-450 noopener\" target=\"_blank\">Sesi\u00f3n Ordinaria 29 abril 2015<\/a><\/li>\n<li><a href=\"http:\/\/orihuela.itcyhost.es\/wp-content\/uploads\/2021\/05\/10-06-2015.pdf\" rel=\"attachment wp-att-421 noopener\" target=\"_blank\">Sesi\u00f3n Extraordinaria 10 junio 2015<\/a><\/li>\n<li><a href=\"http:\/\/orihuela.itcyhost.es\/wp-content\/uploads\/2021\/05\/13-06-2015.pdf\" rel=\"attachment wp-att-428 noopener\" target=\"_blank\">Sesi\u00f3n constitutiva 13 Junio 2015<\/a><\/li>\n<li><a href=\"http:\/\/orihuela.itcyhost.es\/wp-content\/uploads\/2021\/05\/9-07-2015.pdf\" rel=\"attachment wp-att-418 noopener\" target=\"_blank\">Sesi\u00f3n extraordinaria 9 Julio 2015<\/a><\/li>\n<li><a href=\"http:\/\/orihuela.itcyhost.es\/wp-content\/uploads\/2021\/05\/16-07-2015.pdf\" rel=\"attachment wp-att-432 noopener\" target=\"_blank\">Sesi\u00f3n extraordinaria 16 Julio 2015<\/a><\/li>\n<li><a href=\"http:\/\/orihuela.itcyhost.es\/wp-content\/uploads\/2021\/05\/28-07-2015.pdf\" rel=\"attachment wp-att-449 noopener\" target=\"_blank\">Sesi\u00f3n extraordinaria 28 Julio 2015<\/a><\/li>\n<li><a href=\"http:\/\/orihuela.itcyhost.es\/wp-content\/uploads\/2021\/05\/27-08-2015.pdf\" rel=\"attachment wp-att-445 noopener\" target=\"_blank\">Sesi\u00f3n Ordinaria 27 Agosto 2015<\/a><\/li>\n<li><a href=\"http:\/\/orihuela.itcyhost.es\/wp-content\/uploads\/2021\/05\/9-09-2015.pdf\" rel=\"attachment wp-att-419 noopener\" target=\"_blank\">Sesi\u00f3n Extraordinaria 9 Septiembre 2015<\/a><\/li>\n<li><a href=\"http:\/\/orihuela.itcyhost.es\/wp-content\/uploads\/2021\/05\/29-10-2015.pdf\" rel=\"attachment wp-att-451 noopener\" target=\"_blank\">Sesi\u00f3n Ordinaria 29 octubre 2015<\/a><\/li>\n<li><a href=\"http:\/\/orihuela.itcyhost.es\/wp-content\/uploads\/2021\/05\/25-11-2015.pdf\" rel=\"attachment wp-att-443 noopener\" target=\"_blank\">Sesi\u00f3n Extraordinaria 25 noviembre 2015<\/a><\/li>\n<li><a href=\"http:\/\/orihuela.itcyhost.es\/wp-content\/uploads\/2021\/05\/30-12-2015.pdf\" rel=\"attachment wp-att-455 noopener\" target=\"_blank\">Sesi\u00f3n Ordinaria 30 diciembre 2015<\/a><\/li>\n<\/ul>\n<\/li>\n<\/ul>\n<\/li>\n<\/ul>\n<\/div>\n<\/div>\n<\/div>\n<\/div>\n<\/div>\n<p>[\/et_pb_text][\/et_pb_column][\/et_pb_row][\/et_pb_section]<\/p>\n","protected":false},"excerpt":{"rendered":"<p>[et_pb_section fb_built=\u00bb1&#8243; _builder_version=\u00bb4.9.4&#8243; _module_preset=\u00bbdefault\u00bb hover_enabled=\u00bb0&#8243; sticky_enabled=\u00bb0&#8243;][et_pb_row column_structure=\u00bb1_2,1_2&#8243; _builder_version=\u00bb4.9.4&#8243; _module_preset=\u00bbdefault\u00bb width_tablet=\u00bb\u00bb width_phone=\u00bb100%\u00bb width_last_edited=\u00bbon|phone\u00bb max_width=\u00bb100%\u00bb hover_enabled=\u00bb0&#8243; width=\u00bb100%\u00bb sticky_enabled=\u00bb0&#8243;][et_pb_column type=\u00bb1_2&#8243; _builder_version=\u00bb4.9.4&#8243; _module_preset=\u00bbdefault\u00bb][et_pb_text module_id=\u00bbcustom-text\u00bb _builder_version=\u00bb4.9.4&#8243; _module_preset=\u00bbdefault\u00bb] SESIONES PLENARIAS Listado de plenos del 2018 Sesi\u00f3n Extraordinaria 9 febrero 2018 Sesi\u00f3n Ordinaria 22 febrero 2018 Sesi\u00f3n Extraordinaria 28 marzo 2018 Sesi\u00f3n Ordinaria 26 abril 2018 Sesi\u00f3n Ordinaria 28 Junio 2018 Sesi\u00f3n [&hellip;]<\/p>\n","protected":false},"author":1,"featured_media":0,"parent":216,"menu_order":0,"comment_status":"closed","ping_status":"closed","template":"","meta":{"_et_pb_use_builder":"on","_et_pb_old_content":"","_et_gb_content_width":"","footnotes":""},"class_list":["post-260","page","type-page","status-publish","hentry"],"_links":{"self":[{"href":"https:\/\/orihuela.itcyhost.es\/index.php\/wp-json\/wp\/v2\/pages\/260","targetHints":{"allow":["GET"]}}],"collection":[{"href":"https:\/\/orihuela.itcyhost.es\/index.php\/wp-json\/wp\/v2\/pages"}],"about":[{"href":"https:\/\/orihuela.itcyhost.es\/index.php\/wp-json\/wp\/v2\/types\/page"}],"author":[{"embeddable":true,"href":"https:\/\/orihuela.itcyhost.es\/index.php\/wp-json\/wp\/v2\/users\/1"}],"replies":[{"embeddable":true,"href":"https:\/\/orihuela.itcyhost.es\/index.php\/wp-json\/wp\/v2\/comments?post=260"}],"version-history":[{"count":9,"href":"https:\/\/orihuela.itcyhost.es\/index.php\/wp-json\/wp\/v2\/pages\/260\/revisions"}],"predecessor-version":[{"id":1261,"href":"https:\/\/orihuela.itcyhost.es\/index.php\/wp-json\/wp\/v2\/pages\/260\/revisions\/1261"}],"up":[{"embeddable":true,"href":"https:\/\/orihuela.itcyhost.es\/index.php\/wp-json\/wp\/v2\/pages\/216"}],"wp:attachment":[{"href":"https:\/\/orihuela.itcyhost.es\/index.php\/wp-json\/wp\/v2\/media?parent=260"}],"curies":[{"name":"wp","href":"https:\/\/api.w.org\/{rel}","templated":true}]}}