{"id":272,"date":"2021-05-18T08:39:01","date_gmt":"2021-05-18T08:39:01","guid":{"rendered":"http:\/\/orihuela.itcyhost.es\/?page_id=272"},"modified":"2021-07-02T12:09:38","modified_gmt":"2021-07-02T12:09:38","slug":"enlaces-de-interes","status":"publish","type":"page","link":"https:\/\/orihuela.itcyhost.es\/index.php\/ayuntamiento\/enlaces-de-interes\/","title":{"rendered":"Enlaces de Inter\u00e9s"},"content":{"rendered":"<p>[et_pb_section fb_built=\u00bb1&#8243; _builder_version=\u00bb4.9.4&#8243; _module_preset=\u00bbdefault\u00bb][et_pb_row _builder_version=\u00bb4.9.4&#8243; _module_preset=\u00bbdefault\u00bb width_tablet=\u00bb\u00bb width_phone=\u00bb100%\u00bb width_last_edited=\u00bbon|phone\u00bb max_width=\u00bb100%\u00bb hover_enabled=\u00bb0&#8243; width__hover_enabled=\u00bboff|desktop\u00bb width=\u00bb100%\u00bb sticky_enabled=\u00bb0&#8243;][et_pb_column type=\u00bb4_4&#8243; _builder_version=\u00bb4.9.4&#8243; _module_preset=\u00bbdefault\u00bb][et_pb_text module_id=\u00bbcustom-text\u00bb _builder_version=\u00bb4.9.4&#8243; _module_preset=\u00bbdefault\u00bb]<\/p>\n<div class=\"enigma_header_breadcrum_title\">\n<div class=\"container\">\n<div class=\"row\">\n<div class=\"col-md-12\">\n<h2><strong>ENLACES DE INTER\u00c9S<\/strong><\/h2>\n<\/div>\n<\/div>\n<\/div>\n<\/div>\n<div class=\"container\">\n<div class=\"row enigma_blog_wrapper\">\n<div class=\"col-md-12\">\n<div class=\"enigma_blog_full\">\n<div class=\"enigma_blog_post_content\">\n<div class=\"post-header\">\n<h1 class=\"post-title\" style=\"padding-left: 40px;\">Otras instituciones y organizaciones<\/h1>\n<\/div>\n<div class=\"post-content\">\n<div class=\"texto\" style=\"padding-left: 80px;\">Enlaces a otras instituciones y organizaciones:<\/div>\n<ul>\n<li style=\"list-style-type: none;\">\n<ul>\n<li style=\"list-style-type: none;\">\n<ul>\n<li style=\"list-style-type: none;\">\n<ul class=\"listadoDocumentos\">\n<li data-original-title=\"\" title=\"\"><a href=\"http:\/\/europa.eu\/index_es.htm\" target=\"_blank\" rel=\"noopener noreferrer\">Uni\u00f3n Europea<\/a><\/li>\n<li data-original-title=\"\" title=\"\"><a href=\"http:\/\/hub.coe.int\/\" target=\"_blank\" rel=\"noopener noreferrer\">Consejo de Europa<\/a><\/li>\n<li data-original-title=\"\" title=\"\"><a href=\"http:\/\/www.oecd.org\/\" target=\"_blank\" rel=\"noopener noreferrer\">Organizaci\u00f3n para la Cooperaci\u00f3n y el Desarrollo Econ\u00f3mico<\/a><\/li>\n<li data-original-title=\"\" title=\"\"><a href=\"http:\/\/www.dpteruel.es\/InternetRural\/Hijar\/Home.nsf\/documento\/www.un.org\/es\/\" target=\"_blank\" rel=\"noopener noreferrer\">Naciones Unidas<\/a><\/li>\n<li data-original-title=\"\" title=\"\"><a href=\"http:\/\/www.femp.es\/\" target=\"_blank\" rel=\"noopener noreferrer\">Federaci\u00f3n Espa\u00f1ola de Municipios Y Provincias<\/a><\/li>\n<\/ul>\n<\/li>\n<\/ul>\n<\/li>\n<\/ul>\n<\/li>\n<\/ul>\n<div class=\"post-header\">\n<h1 class=\"post-title\" style=\"padding-left: 40px;\">Poderes p\u00fablicos<\/h1>\n<\/div>\n<div class=\"post-content\">\n<div class=\"texto\" style=\"padding-left: 80px;\">Enlaces a los poderes p\u00fablicos:<\/div>\n<ul>\n<li style=\"list-style-type: none;\">\n<ul>\n<li style=\"list-style-type: none;\">\n<ul>\n<li style=\"list-style-type: none;\">\n<ul class=\"listadoDocumentos\">\n<li data-original-title=\"\" title=\"\"><a href=\"http:\/\/www.congreso.es\/portal\/page\/portal\/Congreso\/Congreso\" target=\"_blank\" rel=\"noopener noreferrer\">Congreso de los Diputados<\/a><\/li>\n<li data-original-title=\"\" title=\"\"><a href=\"http:\/\/www.senado.es\/\" target=\"_blank\" rel=\"noopener noreferrer\">Senado de Espa\u00f1a<\/a><\/li>\n<li data-original-title=\"\" title=\"\"><a href=\"http:\/\/www.cortesaragon.es\/\" target=\"_blank\" rel=\"noopener noreferrer\">Cortes de Arag\u00f3n<\/a><\/li>\n<li data-original-title=\"\" title=\"\"><a href=\"http:\/\/www.poderjudicial.es\/cgpj\/es\/Poder_Judicial\" target=\"_blank\" rel=\"noopener noreferrer\">Consejo General del Poder Judicial<\/a><\/li>\n<li data-original-title=\"\" title=\"\"><a href=\"http:\/\/www.poderjudicial.es\/cgpj\/es\/Poder_Judicial\/Tribunal_Supremo?Template=cgpj\/ts\/principal.htm\" target=\"_blank\" rel=\"noopener noreferrer\">Tribunal supremo<\/a><\/li>\n<li data-original-title=\"\" title=\"\"><a href=\"http:\/\/www.poderjudicial.es\/eversuite\/GetRecords?Template=cgpj\/jt\/principal.htm\" target=\"_blank\" rel=\"noopener noreferrer\">Juzgados y Tribunales<\/a><\/li>\n<\/ul>\n<\/li>\n<\/ul>\n<\/li>\n<\/ul>\n<\/li>\n<\/ul>\n<div class=\"wrapper section-inner\">\n<div class=\"full-width\">\n<div class=\"posts\">\n<div class=\"post\">\n<div class=\"post-header\">\n<h1 class=\"post-title\" style=\"padding-left: 40px;\">Servicios \u00fatiles<\/h1>\n<\/div>\n<div class=\"post-content\">\n<div class=\"texto\" style=\"padding-left: 80px;\">Enlaces a servicios de inter\u00e9s para el ciudadano:<\/div>\n<ul>\n<li style=\"list-style-type: none;\">\n<ul>\n<li style=\"list-style-type: none;\">\n<ul>\n<li style=\"list-style-type: none;\">\n<ul class=\"listadoDocumentos\">\n<li data-original-title=\"\" title=\"\"><a href=\"http:\/\/portal.aragon.es\/portal\/page\/portal\/PROTECCION_CIVIL\/SOS1\" target=\"_blank\" rel=\"noopener noreferrer\">11-SOS-Arag\u00f3n<\/a><\/li>\n<li data-original-title=\"\" title=\"\"><a href=\"http:\/\/portal.aragon.es\/portal\/page\/portal\/PROTECCION_CIVIL\/SOS1\" target=\"_blank\" rel=\"noopener noreferrer\">Guardia Civil<\/a><\/li>\n<li data-original-title=\"\" title=\"\"><a href=\"http:\/\/www.dpteruel.es\/diputacion\/extincion.htm\" target=\"_blank\" rel=\"noopener noreferrer\">Bomberos. Servicios de Extinci\u00f3n de Incendios de la Diputaci\u00f3n Provincial de Teruel<\/a><\/li>\n<li data-original-title=\"\" title=\"\"><a href=\"http:\/\/www.ine.es\/\" target=\"_blank\" rel=\"noopener noreferrer\">Instituto Nacional de Estad\u00edstica (INE)<\/a><\/li>\n<li data-original-title=\"\" title=\"\"><a href=\"http:\/\/www.aeat.es\/\" target=\"_blank\" rel=\"noopener noreferrer\">Agencia Tributaria. Hacienda<\/a><\/li>\n<li data-original-title=\"\" title=\"\"><a href=\"http:\/\/www.dpteruel.es\/InternetRural\/Hijar\/Home.nsf\/documento\/www.seg-social.es\" target=\"_blank\" rel=\"noopener noreferrer\">Seguridad Social<\/a><\/li>\n<li data-original-title=\"\" title=\"\"><a href=\"http:\/\/portal.aragon.es\/portal\/page\/portal\/URGENCIAS\" target=\"_blank\" rel=\"noopener noreferrer\">Urgencias y Emergencias Sanitarias de Arag\u00f3n<\/a><\/li>\n<li data-original-title=\"\" title=\"\"><a href=\"http:\/\/portal.aragob.es\/isspmuser\/indice.jsp\" target=\"_blank\" rel=\"noopener noreferrer\">Centro de Salud<\/a><\/li>\n<li data-original-title=\"\" title=\"\"><a href=\"http:\/\/sitar.aragon.es\/visor\/\" target=\"_blank\" rel=\"noopener noreferrer\">Sistema de Informaci\u00f3n Territorial de Arag\u00f3n (SITAR)<\/a><\/li>\n<li data-original-title=\"\" title=\"\"><a href=\"http:\/\/www.mapa.es\/es\/sig\/pags\/sigpac\/intro.htm\" target=\"_blank\" rel=\"noopener noreferrer\">SIGPAC<\/a><\/li>\n<li data-original-title=\"\" title=\"\"><a href=\"http:\/\/www.sedecatastro.gob.es\/\" target=\"_blank\" rel=\"noopener noreferrer\">Oficina Virtual del Catastro<\/a><\/li>\n<li data-original-title=\"\" title=\"\"><a href=\"https:\/\/236ws.dpteruel.es\/localgis-guiaurbana\" target=\"_blank\" rel=\"noopener noreferrer\">Mapa LocalGIS DPT con los resultados de la Encuenta de Infraestructuras en Entidades Locales (EIEL)<\/a><\/li>\n<\/ul>\n<\/li>\n<\/ul>\n<\/li>\n<\/ul>\n<\/li>\n<\/ul>\n<\/div>\n<\/div>\n<\/div>\n<\/div>\n<\/div>\n<\/div>\n<\/div>\n<\/div>\n<\/div>\n<\/div>\n<\/div>\n<\/div>\n<p>[\/et_pb_text][\/et_pb_column][\/et_pb_row][\/et_pb_section]<\/p>\n","protected":false},"excerpt":{"rendered":"<p>[et_pb_section fb_built=\u00bb1&#8243; _builder_version=\u00bb4.9.4&#8243; _module_preset=\u00bbdefault\u00bb][et_pb_row _builder_version=\u00bb4.9.4&#8243; _module_preset=\u00bbdefault\u00bb width_tablet=\u00bb\u00bb width_phone=\u00bb100%\u00bb width_last_edited=\u00bbon|phone\u00bb max_width=\u00bb100%\u00bb hover_enabled=\u00bb0&#8243; width__hover_enabled=\u00bboff|desktop\u00bb width=\u00bb100%\u00bb sticky_enabled=\u00bb0&#8243;][et_pb_column type=\u00bb4_4&#8243; _builder_version=\u00bb4.9.4&#8243; _module_preset=\u00bbdefault\u00bb][et_pb_text module_id=\u00bbcustom-text\u00bb _builder_version=\u00bb4.9.4&#8243; _module_preset=\u00bbdefault\u00bb] ENLACES DE INTER\u00c9S Otras instituciones y organizaciones Enlaces a otras instituciones y organizaciones: Uni\u00f3n Europea Consejo de Europa Organizaci\u00f3n para la Cooperaci\u00f3n y el Desarrollo Econ\u00f3mico Naciones Unidas Federaci\u00f3n Espa\u00f1ola de Municipios Y Provincias Poderes [&hellip;]<\/p>\n","protected":false},"author":1,"featured_media":0,"parent":216,"menu_order":0,"comment_status":"closed","ping_status":"closed","template":"","meta":{"_et_pb_use_builder":"on","_et_pb_old_content":"","_et_gb_content_width":"","footnotes":""},"class_list":["post-272","page","type-page","status-publish","hentry"],"_links":{"self":[{"href":"https:\/\/orihuela.itcyhost.es\/index.php\/wp-json\/wp\/v2\/pages\/272","targetHints":{"allow":["GET"]}}],"collection":[{"href":"https:\/\/orihuela.itcyhost.es\/index.php\/wp-json\/wp\/v2\/pages"}],"about":[{"href":"https:\/\/orihuela.itcyhost.es\/index.php\/wp-json\/wp\/v2\/types\/page"}],"author":[{"embeddable":true,"href":"https:\/\/orihuela.itcyhost.es\/index.php\/wp-json\/wp\/v2\/users\/1"}],"replies":[{"embeddable":true,"href":"https:\/\/orihuela.itcyhost.es\/index.php\/wp-json\/wp\/v2\/comments?post=272"}],"version-history":[{"count":8,"href":"https:\/\/orihuela.itcyhost.es\/index.php\/wp-json\/wp\/v2\/pages\/272\/revisions"}],"predecessor-version":[{"id":1253,"href":"https:\/\/orihuela.itcyhost.es\/index.php\/wp-json\/wp\/v2\/pages\/272\/revisions\/1253"}],"up":[{"embeddable":true,"href":"https:\/\/orihuela.itcyhost.es\/index.php\/wp-json\/wp\/v2\/pages\/216"}],"wp:attachment":[{"href":"https:\/\/orihuela.itcyhost.es\/index.php\/wp-json\/wp\/v2\/media?parent=272"}],"curies":[{"name":"wp","href":"https:\/\/api.w.org\/{rel}","templated":true}]}}