{"id":277,"date":"2021-05-18T08:40:21","date_gmt":"2021-05-18T08:40:21","guid":{"rendered":"http:\/\/orihuela.itcyhost.es\/?page_id=277"},"modified":"2021-07-02T12:09:38","modified_gmt":"2021-07-02T12:09:38","slug":"tejido-social","status":"publish","type":"page","link":"https:\/\/orihuela.itcyhost.es\/index.php\/ayuntamiento\/tejido-social\/","title":{"rendered":"Tejido Social"},"content":{"rendered":"<p>[et_pb_section fb_built=\u00bb1&#8243; _builder_version=\u00bb4.9.4&#8243; _module_preset=\u00bbdefault\u00bb][et_pb_row _builder_version=\u00bb4.9.4&#8243; _module_preset=\u00bbdefault\u00bb width_tablet=\u00bb\u00bb width_phone=\u00bb100%\u00bb width_last_edited=\u00bbon|phone\u00bb max_width=\u00bb100%\u00bb hover_enabled=\u00bb0&#8243; width=\u00bb100%\u00bb sticky_enabled=\u00bb0&#8243;][et_pb_column type=\u00bb4_4&#8243; _builder_version=\u00bb4.9.4&#8243; _module_preset=\u00bbdefault\u00bb][et_pb_text module_id=\u00bbcustom-text\u00bb _builder_version=\u00bb4.9.4&#8243; _module_preset=\u00bbdefault\u00bb]<\/p>\n<div class=\"enigma_header_breadcrum_title\">\n<div class=\"container\">\n<div class=\"row\">\n<div class=\"col-md-12\">\n<h2><strong>TEJIDO SOCIAL<\/strong><\/h2>\n<\/div>\n<\/div>\n<\/div>\n<\/div>\n<div class=\"container\">\n<div class=\"row enigma_blog_wrapper\">\n<div class=\"col-md-12\">\n<div class=\"enigma_blog_full\">\n<div class=\"enigma_blog_post_content\">\n<h2 style=\"padding-left: 40px;\">ASOCIACIONES<\/h2>\n<p style=\"padding-left: 80px;\">Conozca todas las asociaciones de Orihuela del Tremedal: Junta de La Virgen, Asociaci\u00f3n Orih-Team, Pe\u00f1a<span>\u00a0<\/span><em>\u00abLa Pitima\u00bb<\/em>, Asociacion<span>\u00a0<\/span><em>\u00abLa Falaguera\u00bb<\/em>, Asociaci\u00f3n de Mujeres<span>\u00a0<\/span><em>\u00abSanta Lucia\u00bb<\/em>, Asociaci\u00f3n de Tambores Y Bombos<span>\u00a0<\/span><em>\u00abEl Tremedal\u00bb<\/em>, Agrupaci\u00f3n Laudistica de Orihuela del Tremedal, Asociaci\u00f3n de Madres Y Padres (Ampa) de Orihuela del Tremedal, Asociaci\u00f3n de La 3\u00aa Edad \u00ab<em>El Gallo\u00bb<\/em><\/p>\n<p style=\"padding-left: 80px;\">\n<h3 align=\"LEFT\" style=\"padding-left: 40px;\">JUNTA DE LA VIRGEN<\/h3>\n<p lang=\"es-ES\" align=\"JUSTIFY\" style=\"padding-left: 80px;\">La Junta de La Virgen, ha existido en Orihuela desde tiempos antiguos, conocida entonces con el nombre de -Cofrad\u00eda de la Esclavitud-\u00a0 y que fue constituida el 12 de noviembre de 1743.<\/p>\n<p lang=\"es-ES\" align=\"JUSTIFY\" style=\"padding-left: 80px;\">La devoci\u00f3n por la Virgen de Tremedal ha marcado Orihuela. Como cuenta la leyenda la Virgen elige estas tierras para quedarse y en su honor, los habitantes de Orihuela, construir\u00e1n el Santuario dedicado a la Virgen del Tremedal, creando tambien la citada cofrad\u00eda para salvaguardar tanto la fe hacia la Virgen como para preservar todos sus bienes y mantener las instalaciones,\u00a0 cometidos que hoy en d\u00eda sigue relizando la Junta de la Virgen.<br \/>Entre las funciones principales de esta Junta, est\u00e1n las de gestionar los recursos de la Virgen, mantener las instalaciones del Santuario, as\u00ed como el paraje donde se encuentra localizado, el cerro del Tremedal, trabajando tambien para fomentar el culto hacia nuestra Virgen, entre otras muchas labores.<\/p>\n<p lang=\"es-ES\" align=\"JUSTIFY\" style=\"padding-left: 80px;\">Durante el a\u00f1o colaboran por ejemplo, en la organizaci\u00f3n de la Romer\u00eda, celebrada en las Fiestas Patronales. En el mes de Agosto abren y atienden tanto el Santuario como el Centro de Interpretaci\u00f3n dedicado a la Virgen del Tremedal que se encuentra en el edifico anexo al Santuario, ambos son visitables de 11 de la ma\u00f1ana a 7 de la tarde.<\/p>\n<p lang=\"es-ES\" align=\"JUSTIFY\" style=\"padding-left: 80px;\">\u00a0Adem\u00e1s en el Santuario podr\u00e1n encontrar diversos detalles relacionados con la Virgen, que la Junta pone a la venta para todo aquel que quiera llevarse un recuerdo de Orihuela y su Virgen y con los que podemos ayudar a que todas las funciones de esta Junta se sigan realizando en el futuro.<\/p>\n<p lang=\"es-ES\" align=\"JUSTIFY\" style=\"padding-left: 40px;\">\n<h3 align=\"JUSTIFY\" style=\"padding-left: 40px;\">ASOCIACI\u00d3N ORIH-TEAM<\/h3>\n<p lang=\"es-ES\" align=\"JUSTIFY\" style=\"padding-left: 80px;\">En verano de 2014 se juntaron unos\/as amigos del deporte en general y del ciclismo en particular, para intentar hacer una equipaci\u00f3n y dar publicidad al pueblo, ya que los integrantes est\u00e1n muy repartidos por todo el territorio nacional (Catalu\u00f1a, Comunidad Valenciana, Madrid, Castilla y Le\u00f3n, Comunidad aut\u00f3noma de Arag\u00f3n.<br \/>En 2015 se constituyen como club, asociaci\u00f3n deportiva elemental, que no obliga a nadie a estar federado, ni organizar pruebas, aunque\u00a0no lo descartan en un futuro, dentro de la federaci\u00f3n de ciclismo y atletismo.<br \/>Su primer presidente fue el a\u00f1orado Oriolano Rub\u00e9n S\u00e1nchez Loma.<br \/>Aunque no tienen mucha presencia en el circuito BTT si la tienen como voluntarios\/as, colaborando muy activamente en la I BTT Berrea bike que se celebr\u00f3 el mes pasado en Orihuela.<br \/>Siempre en movimiento esta asociaci\u00f3n ha realizado diferentes eventos durante el a\u00f1o como la colaboraci\u00f3n en la subida del d\u00eda de los mayos y el homenaje a su primer y querido presidente Rub\u00e9n S\u00e1nchez Loma en Cella.<br \/>Adem\u00e1s, durante la semana cultural el lunes 1 de agosto realizaron una actividad para los m\u00e1s peque\u00f1os, el d\u00eda de la bici donde todos los ni\u00f1os que quisieron pudieron recorrer el pueblo con su bici y pasar un rato divertido.<\/p>\n<p lang=\"es-ES\" align=\"JUSTIFY\" style=\"padding-left: 40px;\">\n<h3 align=\"JUSTIFY\" style=\"padding-left: 40px;\">PE\u00d1A \u201cLA PITIMA\u201d<\/h3>\n<p lang=\"es-ES\" align=\"JUSTIFY\" style=\"padding-left: 80px;\">Esta pe\u00f1a tiene sus origenes en un grupo de 10 amigos que durante a\u00f1os fueron rotando por diferentes locales. Se constituye como tal en 1982, cuando al no encontrar un espacio d\u00f3nde instaurar su sede piden al Ayuntamiento el local del baile. Al mismo tiempo otros j\u00f3venes del pueblo que tampoco disponen en ese momento de local, les piden poder unirse a ellos, siendo el resultado 160 miembros el primer a\u00f1o de vida.<br \/>Se decide entonces crear un Junta y por votaci\u00f3n se determina que est\u00e9 formada tanto por miembros de la antigua PITIMA como de la nueva PITIMA.<\/p>\n<p lang=\"es-ES\" align=\"JUSTIFY\" style=\"padding-left: 80px;\">En el a\u00f1o 2000 pasa a ser Asociaci\u00f3n cultural.<\/p>\n<p lang=\"es-ES\" align=\"JUSTIFY\" style=\"padding-left: 80px;\">El nombre de la antigua PITIMA se mantuvo y su significado es embriaguez,\u00a0 lo puso uno de los miembros de esta pe\u00f1a, haciendo referencia a una expresi\u00f3n que sol\u00eda decir otro de ellos, \u201cQue P\u00edtima llevo\u201d, un nombre divertido, para una pe\u00f1a donde la diversi\u00f3n es lo que prima y la uni\u00f3n y conexi\u00f3n de todos los socios y de todo aquel que quiera formar parte de las actividades que realizan, es uno de sus objetivos principales.<\/p>\n<p lang=\"es-ES\" align=\"JUSTIFY\" style=\"padding-left: 80px;\">Colaboran junto con el Ayuntamiento en la organizaci\u00f3n de la Semana Cultural, las Fiestas Patronales y San Mill\u00e1n. Dentro de las Fiestas Patronales en las que disponen tambi\u00e9n de su propio programa realizan 3 cenas, 1 comida y se hacen cargo tambi\u00e9n de la charanga.<\/p>\n<p lang=\"es-ES\" align=\"JUSTIFY\" style=\"padding-left: 80px;\">Otras cosas destacables en las que participan, la organizaci\u00f3n de las fiestas de Navidad, los Mayos, adem\u00e1s intentan dar a conocer el pueblo a trav\u00e9s de la naturaleza organizando rutas senderistas como la que realizaron en Mayo de 2016, entre otras muchas cosas\u2026<\/p>\n<p lang=\"es-ES\" align=\"JUSTIFY\" style=\"padding-left: 80px;\">La junta se renueva cada a\u00f1o, el ultimo d\u00eda de las fiestas, el Martes, despu\u00e9s de la comida que se hace en la pe\u00f1a, se realiza la votaci\u00f3n, eligiendo la nueva junta que tomar\u00e1 el cargo y organizaran la siguiente fiesta del municipio San Mill\u00e1n el 12 noviembre.<\/p>\n<h3 align=\"JUSTIFY\" style=\"padding-left: 40px;\"><a href=\"https:\/\/www.facebook.com\/1658556324469182\/photos\/pcb.1677248269266654\/1677248182599996\/?type=3\"><br \/><\/a>ASOCIACION \u201cLA FALAGUERA\u201d<\/h3>\n<p lang=\"es-ES\" align=\"JUSTIFY\" style=\"padding-left: 80px;\">La asociaci\u00f3n La Falaguera se crea en el a\u00f1o 2012, pero ya en 2007 durante las clases de educaci\u00f3n para adultos que se impart\u00edan en el pueblo surge una primera idea y se crea un blog que hoy en d\u00eda sigue en funcionamiento llamado\u00a0<span lang=\"zxx\"><a href=\"https:\/\/l.facebook.com\/l.php?u=http%3A%2F%2Fepaorihueladeltremedal.blogspot.com%2F&amp;h=ATMe2oedBtONxCzMX1kq-_TJoYD43oG_3YNgI5_COCUDaGvowGL4Y94PYzdWvnwozBo11Vqnsr4WMSFQj-m5DW10L0_swGgQLr94OpS4kagkpuvNyACdWAWMtiilTKvNVjMY0w8KZfgkG6ehxZQrdjv5&amp;enc=AZMX-6y78HprVlOwtxXuizSPxvX2iMb0D5s8-G54sdZq8VqGh4EDfi7Ylzz-zbISyzgzMKGW8OITtS3c-F487T8Tm7MIf0kWipiIcdpPpxtsTIP4n90VEj6jJM7PDI6U2DPWeySctKyYCWPV_tMdyUBlJrwK0SPigWQ1kMRoEKih5qpHyggVIyC5_t-QwNnfMCAPq6t5KVSWSs0qy67fhRrO&amp;s=1\" target=\"_blank\" rel=\"noopener noreferrer\">epaorihueladeltremedal.blogspot.com<\/a><\/span><\/p>\n<p lang=\"es-ES\" align=\"JUSTIFY\" style=\"padding-left: 80px;\">Cuenta en la actualidad con 60 socios, siendo una asociaci\u00f3n sin \u00e1nimo de lucro. Los socios solo pagan la adquisici\u00f3n de la revista La Falaguera (de la hacemos referencia m\u00e1s abajo), publicaci\u00f3n que pueden comprar tambi\u00e9n personas que no sean socias.<\/p>\n<p lang=\"es-ES\" align=\"JUSTIFY\" style=\"padding-left: 80px;\">Como dec\u00edamos la asociaci\u00f3n como tal se crea en 2012, con la funci\u00f3n principal de recobrar y fomentar la cultura y tradiciones de la localidad, mediante la elaboraci\u00f3n de una publicaci\u00f3n peri\u00f3dica: La revista La Falaguera. La primera revista se edita un a\u00f1o antes de la constituci\u00f3n como asociaci\u00f3n, en el 2011, y desde entonces hasta nuestros d\u00edas.<\/p>\n<p lang=\"es-ES\" align=\"JUSTIFY\" style=\"padding-left: 80px;\">En la revista La Falaguera se tratan aspectos tanto naturales como culturales, tradiciones, acontecimientos deportivos adem\u00e1s hablan de otras asociaciones, etc.\u2026<br \/>Entrevistan a personas del pueblo que por sus vivencias, poseen conocimientos sobre\u00a0 la cultura, historia, acontecimientos del mismo, intentando hacer eco de la palabra tanto de personas centenarias como de cualquier persona que tenga conocimientos sobre nuestro pueblo plasm\u00e1ndolo en papel para que todo el mundo tenga acceso a ella.<\/p>\n<p lang=\"es-ES\" align=\"JUSTIFY\" style=\"padding-left: 80px;\">Han llevado a cabo muchas actividades, como charlas literarias, conferencias hist\u00f3ricas, presentaciones de la revista, actuaciones musicales y para fomentar el uso del \u00f3rgano y su puesta a punto, exposiciones fotogr\u00e1ficas y tambi\u00e9n de pintura\u2026<\/p>\n<p lang=\"es-ES\" align=\"JUSTIFY\" style=\"padding-left: 80px;\">Como curiosidad, cuando pensaron en el nombre buscaron algo que tuviera que ver por el pueblo y eligieron este nombre La Falaguera porque es asi como en Orihuela se conoce a la planta del helecho y\u00a0 siendo tambi\u00e9n uno de los parajes que encontramos en Orihuela.<\/p>\n<p lang=\"es-ES\" align=\"JUSTIFY\" style=\"padding-left: 80px;\">\n<h3 align=\"LEFT\" style=\"padding-left: 40px;\">ASOCIACI\u00d3N DE MUJERES \u201cSANTA LUCIA\u201d<\/h3>\n<p lang=\"es-ES\" align=\"JUSTIFY\" style=\"padding-left: 80px;\">Creada en 1995, llegaron a ser en su momento 195 socias, contando actualmneto con 117 socias.<br \/>Surgi\u00f3 como una forma de que las mujeres tuvieran un aliciente para salir de su casa, se olvidaran por un rato de sus labores y pasaran ratos divertidos relacion\u00e1ndose con otras mujeres y aprendiendo cosas nuevas.<\/p>\n<p lang=\"es-ES\" align=\"JUSTIFY\" style=\"padding-left: 80px;\">Han llevado a cabo actividades variadas como, cursos de pintura, cester\u00eda, concursos de reposter\u00eda, etc.<\/p>\n<p lang=\"es-ES\" align=\"JUSTIFY\" style=\"padding-left: 80px;\">\u00a0Entre otras actividades, realizan una merienda estival para reunir a todas las socias y activar as\u00ed la convivencia entre ellas, hacen una cena el d\u00eda de Santa \u00c1gueda, el jueves Lardero invitan a todo el mundo a merendar longaniza.<\/p>\n<p lang=\"es-ES\" align=\"JUSTIFY\" style=\"padding-left: 80px;\">Uno de sus objetivos m\u00e1s importantes es recuperar las costumbres del pueblo, adem\u00e1s ahora tambi\u00e9n est\u00e1n enfocando su actividad a dar a conocer el patrimonio natural de Orihuela por ejemplo con la realizaci\u00f3n de andadas. Esta Asociaci\u00f3n ha colaborado durante la Semana Cultural en talleres de abalorios, exposiciones y dem\u00e1s.<\/p>\n<p lang=\"es-ES\" align=\"JUSTIFY\" style=\"padding-left: 80px;\">\n<h3 align=\"LEFT\" style=\"padding-left: 40px;\">ASOCIACI\u00d3N DE TAMBORES Y BOMBOS \u201cEL TREMEDAL\u201d<\/h3>\n<p lang=\"es-ES\" align=\"JUSTIFY\" style=\"padding-left: 80px;\">Asociaci\u00f3n fundada en 1998, por la iniciativa de 17 personas con el \u00e1nimo de crear un grupo donde aparte de poder pasar buenos ratos, se reuniera a gente con la misma pasi\u00f3n de tocar bombos y tambores.<\/p>\n<p lang=\"es-ES\" align=\"JUSTIFY\" style=\"padding-left: 80px;\">Actualmente son 75 socios de los que tocan 30 participando en diferentes actos durante todo el a\u00f1o. Semana Santa, Semana cultural, encuentro anual de bombos y cornetas, tocan en todos los pueblos cercanos que piden su colaboraci\u00f3n\u2026<\/p>\n<p lang=\"es-ES\" align=\"JUSTIFY\" style=\"padding-left: 80px;\">Todos los socios aportan su granito de arena y dedican parte de su tiempo a los ensayos adem\u00e1s de hacer un gran esfuerzo para que esta asociaci\u00f3n contin\u00fae en funcionamiento en el futuro. Incluso durante el invierno sacan sus bombos y tambores para ensayar para en cada acto en el que participan quede todo perfecto.<\/p>\n<p lang=\"es-ES\" align=\"JUSTIFY\" style=\"padding-left: 80px;\">\n<h3 align=\"LEFT\" style=\"padding-left: 40px;\">AGRUPACI\u00d3N LAUDISTICA DE ORIHUELA DEL TREMEDAL<\/h3>\n<p lang=\"es-ES\" align=\"JUSTIFY\" style=\"padding-left: 80px;\">Este grupo comenz\u00f3 su andadura hace m\u00e1s de 30 a\u00f1os, fund\u00e1ndose como agrupaci\u00f3n en al a\u00f1o 1999, por iniciativa de un grupo de personas entusiastas de la m\u00fasica, por el gran esfuerzo de su Director por entonces Pedro Fuertes y por el apoyo de las personas que en ese momento formaban el ayuntamiento de Orihuela<\/p>\n<p lang=\"es-ES\" align=\"JUSTIFY\" style=\"padding-left: 80px;\">En la actualidad est\u00e1 formado por 17 instrumentistas y 12 personas en el grupo vocal.<br \/>Combina m\u00fasica cl\u00e1sica con g\u00e9neros m\u00e1s populares.<\/p>\n<p lang=\"es-ES\" align=\"JUSTIFY\" style=\"padding-left: 80px;\">Esta asociaci\u00f3n colabora estrechamente con el pueblo, participando en Navidad, Semana Santa, Mayos , Semana Cultural ofreciendo un festival y un concierto, misa del d\u00eda de la Virgen y en todos los actos donde les necesitas, todo ello sin \u00e1nimo de lucro.<\/p>\n<p lang=\"es-ES\" align=\"JUSTIFY\" style=\"padding-left: 80px;\">Para poder realizar las citadas actuaciones son muchas horas de trabajo, de dedicaci\u00f3n de tiempo y tambi\u00e9n de esfuerzo econ\u00f3mico pues cada integrante tiene que pagar de su bolsillo por realizarlas.<\/p>\n<p lang=\"es-ES\" align=\"JUSTIFY\" style=\"padding-left: 80px;\">Seg\u00fan nos cuentan lo que les reconforta es saber que todo lo hacen por y para su pueblo.<\/p>\n<p lang=\"es-ES\" align=\"JUSTIFY\" style=\"padding-left: 80px;\">\n<h3 align=\"JUSTIFY\" style=\"padding-left: 40px;\">ASOCIACI\u00d3N DE MADRES Y PADRES (AMPA) DE ORIHUELA DEL TREMEDAL<\/h3>\n<p lang=\"es-ES\" align=\"JUSTIFY\" style=\"padding-left: 80px;\">Una de las asociaciones que colabora con el Ayuntamiento y con el municipio, realizando actividades para que tanto ni\u00f1os como padres se entretengan.<\/p>\n<p lang=\"es-ES\" align=\"JUSTIFY\" style=\"padding-left: 80px;\">Este a\u00f1o ha gestionado la ESCUELA DE VERANO como cada \u00e9poca estival, pero esta vez se realiz\u00f3 por primera vez a trav\u00e9s de una academia especializada para este tipo de actividades y que fue seleccionada por el AMPA ante la propuesta por la Comarca de la Sierra de Albarrac\u00edn, de lo cual est\u00e1n muy contentos ya que ha habido un n\u00famero de inscritos que no se hab\u00eda dado en otras ocasiones, y con felicitaci\u00f3n por parte de los padres por los resultados y la opini\u00f3n de los propios protagonistas que son los ni\u00f1os. Se apoy\u00f3 esta actividad subvencionando a los inscritos casi el 50% del coste, entre Comarca y dicha asociaci\u00f3n.<\/p>\n<p lang=\"es-ES\" align=\"JUSTIFY\" style=\"padding-left: 80px;\">Durante todo este mes de julio los ni\u00f1os inscritos disfrutaron de cantidad de actividades, aprendieron muchas cosas nuevas y pasaron ratos agradables y divertidos con sus compa\u00f1eros y profesores, con actividades como, taller de arcilla, refuerzo escolar, English junior, Master Chef, iniciaci\u00f3n al deporte, juegos alternativos, y como no juegos acu\u00e1ticos\u2026<\/p>\n<p lang=\"es-ES\" align=\"JUSTIFY\" style=\"padding-left: 80px;\">Adem\u00e1s, durante el a\u00f1o organiza diferentes actividades; el a\u00f1o pasado organizaron una vez m\u00e1s la cabalgata de reyes en colaboraci\u00f3n con el ayuntamiento, este a\u00f1o como novedad han preparado con la ayuda de los ni\u00f1os el Bel\u00e9n en la Plaza dentro de la oficina de Turismo, que fue realizado por donaciones de las piezas de Bel\u00e9n que todos tenemos en casa y que no utilizamos, por parte de los vecinos del pueblo, adem\u00e1s de las propias creaciones de los ni\u00f1os.<br \/>Decoraron el \u00e1rbol despu\u00e9s de una jornada de convivencia donde comimos, merendamos y jugamos padres e hijos, el d\u00eda de las vacaciones de navidad del cole, con manualidades hechas por ellos y la ayuda de unas madres que desinteresadamente quisieron rellenar los d\u00edas de navidad con actividades para ellos.<br \/>Como novedad este a\u00f1o el AMPA trajo un circo en colaboraci\u00f3n con el Ayuntamiento, para todos los ni\u00f1os del pueblo y los que nos visitaron esos d\u00edas, con el fin de que la tarde noche de reyes fuese mas divertida y llena de actividades, en un d\u00eda tan ilusionante para los peque\u00f1os.<br \/>El \u00faltimo d\u00eda de colegio se organiza una comida para ni\u00f1os y padres y el jueves lardero tambi\u00e9n, que apoyamos con hinchables y actividades para ellos como un cuentacuentos, juegos tradicionales que se celebr\u00f3 en el merendero de los Pradejones donde adem\u00e1s hay juegos para ni\u00f1os y que disfrutaron como no pod\u00eda ser de otra forma.<br \/>En esta semana cultural, han organizado un Taller de \u201cTu s\u00ed que vales\u201d, que ha tenido lugar esta ma\u00f1ana, en el que han participado tanto los ni\u00f1os ense\u00f1\u00e1ndonos lo que mejor saben hacer como todos los familiares que han querido acompa\u00f1arles.<br \/>Os dejamos unas fotos de la pasada actuaci\u00f3n de reyes.<\/p>\n<p lang=\"es-ES\" align=\"JUSTIFY\" style=\"padding-left: 80px;\">\n<h3 align=\"LEFT\" style=\"padding-left: 40px;\">ASOCIACI\u00d3N DE LA 3\u00aa EDAD \u00abEL GALLO\u00bb<\/h3>\n<p lang=\"es-ES\" align=\"JUSTIFY\" style=\"padding-left: 80px;\">Esta asociaci\u00f3n se constituye en 1987, ya que surge un peque\u00f1o grupo de personas que piensan que es una buena idea crear una asociaci\u00f3n con gente de la misma edad, mismas aficiones etc\u2026 para as\u00ed poder reunirse y pasar ratos agradables.<\/p>\n<p lang=\"es-ES\" align=\"JUSTIFY\" style=\"padding-left: 80px;\">Desde sus comienzos hasta la actualidad ha tenido su sede en el edificio que se encuentra al lado de la Fuente del Gallo, antiguamente el matadero municipal, que el Ayuntamiento de entonces cedi\u00f3, con la planta baja equipada como bar, a esta asociaci\u00f3n para que tuvieran un lugar de reuni\u00f3n y de ocio.<br \/>Ya el alcalde Eusebio Aparicio pens\u00f3 en un primer momento construir este edificio para la asociaci\u00f3n de la tercera edad \u00abEl Gallo\u00bb.<\/p>\n<p lang=\"es-ES\" align=\"JUSTIFY\" style=\"padding-left: 80px;\">Desde sus comienzos ha sido una asociaci\u00f3n sin animo de lucro, que fue creciendo en numero de socios hasta llegar a tener unos 150, realizando encuentros, viajes\u2026 Hoy en d\u00eda se mantiene con unos 90 socios, con una junta de seis personas que se renueva cada 4 a\u00f1os, en una comida que se realiza al pasar los tres eventos m\u00e1s importares de Orihuela; la Semana Cultural, las Fiestas en Honor a la Virgen del Tremedal y la Feria de Ganader\u00eda.<\/p>\n<p lang=\"es-ES\" align=\"JUSTIFY\" style=\"padding-left: 80px;\">\u00a0Tambi\u00e9n organizan una comida anual a modo de encuentro para activar la convivencia entre todos los socios y todo aquel que quiera participar.<\/p>\n<\/div>\n<\/div>\n<\/div>\n<\/div>\n<\/div>\n<p>[\/et_pb_text][\/et_pb_column][\/et_pb_row][\/et_pb_section]<\/p>\n","protected":false},"excerpt":{"rendered":"<p>[et_pb_section fb_built=\u00bb1&#8243; _builder_version=\u00bb4.9.4&#8243; _module_preset=\u00bbdefault\u00bb][et_pb_row _builder_version=\u00bb4.9.4&#8243; _module_preset=\u00bbdefault\u00bb width_tablet=\u00bb\u00bb width_phone=\u00bb100%\u00bb width_last_edited=\u00bbon|phone\u00bb max_width=\u00bb100%\u00bb hover_enabled=\u00bb0&#8243; width=\u00bb100%\u00bb sticky_enabled=\u00bb0&#8243;][et_pb_column type=\u00bb4_4&#8243; _builder_version=\u00bb4.9.4&#8243; _module_preset=\u00bbdefault\u00bb][et_pb_text module_id=\u00bbcustom-text\u00bb _builder_version=\u00bb4.9.4&#8243; _module_preset=\u00bbdefault\u00bb] TEJIDO SOCIAL ASOCIACIONES Conozca todas las asociaciones de Orihuela del Tremedal: Junta de La Virgen, Asociaci\u00f3n Orih-Team, Pe\u00f1a\u00a0\u00abLa Pitima\u00bb, Asociacion\u00a0\u00abLa Falaguera\u00bb, Asociaci\u00f3n de Mujeres\u00a0\u00abSanta Lucia\u00bb, Asociaci\u00f3n de Tambores Y Bombos\u00a0\u00abEl Tremedal\u00bb, Agrupaci\u00f3n Laudistica de Orihuela del [&hellip;]<\/p>\n","protected":false},"author":1,"featured_media":0,"parent":216,"menu_order":0,"comment_status":"closed","ping_status":"closed","template":"","meta":{"_et_pb_use_builder":"on","_et_pb_old_content":"","_et_gb_content_width":"","footnotes":""},"class_list":["post-277","page","type-page","status-publish","hentry"],"_links":{"self":[{"href":"https:\/\/orihuela.itcyhost.es\/index.php\/wp-json\/wp\/v2\/pages\/277","targetHints":{"allow":["GET"]}}],"collection":[{"href":"https:\/\/orihuela.itcyhost.es\/index.php\/wp-json\/wp\/v2\/pages"}],"about":[{"href":"https:\/\/orihuela.itcyhost.es\/index.php\/wp-json\/wp\/v2\/types\/page"}],"author":[{"embeddable":true,"href":"https:\/\/orihuela.itcyhost.es\/index.php\/wp-json\/wp\/v2\/users\/1"}],"replies":[{"embeddable":true,"href":"https:\/\/orihuela.itcyhost.es\/index.php\/wp-json\/wp\/v2\/comments?post=277"}],"version-history":[{"count":5,"href":"https:\/\/orihuela.itcyhost.es\/index.php\/wp-json\/wp\/v2\/pages\/277\/revisions"}],"predecessor-version":[{"id":1263,"href":"https:\/\/orihuela.itcyhost.es\/index.php\/wp-json\/wp\/v2\/pages\/277\/revisions\/1263"}],"up":[{"embeddable":true,"href":"https:\/\/orihuela.itcyhost.es\/index.php\/wp-json\/wp\/v2\/pages\/216"}],"wp:attachment":[{"href":"https:\/\/orihuela.itcyhost.es\/index.php\/wp-json\/wp\/v2\/media?parent=277"}],"curies":[{"name":"wp","href":"https:\/\/api.w.org\/{rel}","templated":true}]}}