{"id":279,"date":"2021-05-18T08:41:05","date_gmt":"2021-05-18T08:41:05","guid":{"rendered":"http:\/\/orihuela.itcyhost.es\/?page_id=279"},"modified":"2021-07-02T12:09:38","modified_gmt":"2021-07-02T12:09:38","slug":"demografia-y-geografia","status":"publish","type":"page","link":"https:\/\/orihuela.itcyhost.es\/index.php\/ayuntamiento\/demografia-y-geografia\/","title":{"rendered":"Demograf\u00eda y Geograf\u00eda"},"content":{"rendered":"<p>[et_pb_section fb_built=\u00bb1&#8243; _builder_version=\u00bb4.9.4&#8243; _module_preset=\u00bbdefault\u00bb][et_pb_row _builder_version=\u00bb4.9.4&#8243; _module_preset=\u00bbdefault\u00bb width_tablet=\u00bb\u00bb width_phone=\u00bb100%\u00bb width_last_edited=\u00bbon|phone\u00bb max_width=\u00bb100%\u00bb hover_enabled=\u00bb0&#8243; width=\u00bb100%\u00bb sticky_enabled=\u00bb0&#8243;][et_pb_column type=\u00bb4_4&#8243; _builder_version=\u00bb4.9.4&#8243; _module_preset=\u00bbdefault\u00bb][et_pb_text module_id=\u00bbcustom-text\u00bb _builder_version=\u00bb4.9.4&#8243; _module_preset=\u00bbdefault\u00bb]<\/p>\n<div class=\"enigma_header_breadcrum_title\">\n<div class=\"container\">\n<div class=\"row\">\n<div class=\"col-md-12\">\n<h2><strong>DEMOGRAF\u00cdA Y GEOGRAF\u00cdA<\/strong><\/h2>\n<\/div>\n<\/div>\n<\/div>\n<\/div>\n<div class=\"container\">\n<div class=\"row enigma_blog_wrapper\">\n<div class=\"col-md-12\">\n<div class=\"enigma_blog_full\">\n<div class=\"enigma_blog_post_content\">\n<h2 style=\"padding-left: 40px;\">DEMOGRAFIA<\/h2>\n<p style=\"padding-left: 40px;\">\n<p style=\"padding-left: 80px;\"><span lang=\"es-ES\">Orihuela del Tremedal ha sido por su localizaci\u00f3n, un lugar que ha contado desde tiempos antiguos con una poblaci\u00f3n considerable, alcanzando un importante numero de habitantes en el siglo XVIII. Fue en dicho siglo cuando tuvo lugar un importante crecimiento demogr\u00e1fico como consecuencia de la boyante econom\u00eda del municipio, durante la segunda mitas del S.XVIII la poblaci\u00f3n llego a tener un censo de 1251 habitantes.<br \/><\/span><\/p>\n<p style=\"padding-left: 80px;\">El siglo S.XIX fue para Orihuela un \u00e9poca dura debido a la guerra de independencia. El ataque franc\u00e9s, dejo\u00a0 el balnce de un pueblo totalmente destrozado, lo que propicio que las gentes abandonaran Orihuela, por lo que demogr\u00e1ficamente hablando, la poblaci\u00f3n disminuyo considerablemente.<\/p>\n<p style=\"padding-left: 80px;\"><span lang=\"es-ES\">Aunque en 1815 momento en el que Fernando VII concede al pueblo el privilegio de realizar 3 d\u00edas de Feria para recuperar las arcas municipales, siendo este el origen de\u00a0 la Feria de Ganader\u00eda y Artesanal de Orihuela,\u00a0 debido a la celebraci\u00f3n de esta Feria nuestra localidad comenz\u00f3 a recuperarse economicamnte y como consecuencia fue recuperando parte de la poblaci\u00f3n perdida que desde entonces fue en aumento hasta estabilizarse. Manteniendo la poblaci\u00f3n a trav\u00e9s del tiempo hasta la actualidad, debido a la gran econom\u00eda de Orihuela, basada principalmente en la explotaci\u00f3n de la madera y a la incipiente explotaci\u00f3n del turismo.<\/span><\/p>\n<p style=\"padding-left: 80px;\">En la actualidad cuenta con 539 habitantes, y sigue ocupando el segundo puesto como municipio m\u00e1s poblado y dotado de servicios de esta Comarca, despu\u00e9s de la Capital Comarcal, Albarracin.<\/p>\n<p style=\"padding-left: 80px;\"><span><u><a href=\"http:\/\/www.ine.es\/consul\/serie.do?s=6-20181&amp;L=0\" target=\"_blank\" rel=\"noopener noreferrer\"><span lang=\"es-ES\"><\/span><\/a><\/u><\/span><\/p>\n<h2 style=\"padding-left: 40px;\">GEOGRAFIA<\/h2>\n<p style=\"padding-left: 80px;\"><span><span lang=\"es-ES\">Municipio de la Provincia de Teruel, ubicado en la parte oeste de la misma a 60 km aproximadamente de la Capital Provincial y a unos 37 kil\u00f3metros de la Capital Comarcal, Albarracin. A 1447 metros de altitud, encontrando en su t\u00e9rmino municipal la m\u00e1xima altitud de los Montes Universales, el Pico Caimodorro con 1936 metros de altitud, en el que se encuentra localizado uno de los v\u00e9rtices geod\u00e9sicos repartidos por todo nuestro territorio nacional. Limita\u00a0<\/span><\/span><span><span lang=\"es-ES\">con los siguientes municipios: al norte con<\/span><\/span><span><span lang=\"es-ES\">\u00a0<\/span><\/span><span><a href=\"https:\/\/es.wikipedia.org\/wiki\/R%C3%B3denas\"><span lang=\"es-ES\">R\u00f3denas<\/span><\/a><\/span><span><span lang=\"es-ES\">\u00a0<\/span><\/span><span><span lang=\"es-ES\">\u00a0y con<\/span><\/span><span><span lang=\"es-ES\">\u00a0<\/span><\/span><span><a href=\"https:\/\/es.wikipedia.org\/wiki\/Alustante\"><span lang=\"es-ES\">Alustante<\/span><\/a><\/span><span><span lang=\"es-ES\">\u00a0<\/span><\/span><span><span lang=\"es-ES\">y<\/span><\/span><span><span lang=\"es-ES\">\u00a0<\/span><\/span><span><a href=\"https:\/\/es.wikipedia.org\/wiki\/Motos\"><span lang=\"es-ES\">Motos<\/span><\/a><\/span><span><span lang=\"es-ES\">, en la provincia de Guadalajara. Al sur con<\/span><\/span><span><span lang=\"es-ES\">\u00a0<\/span><\/span><span><a href=\"https:\/\/es.wikipedia.org\/wiki\/Noguera_de_Albarrac%C3%ADn\"><span lang=\"es-ES\">Noguera de Albarrac\u00edn<\/span><\/a><\/span><span><span lang=\"es-ES\">,<\/span><\/span><span><span lang=\"es-ES\">\u00a0<\/span><\/span><span><a href=\"https:\/\/es.wikipedia.org\/wiki\/Griegos_(Teruel)\"><span lang=\"es-ES\">Griegos<\/span><\/a><\/span><span><span lang=\"es-ES\">\u00a0<\/span><\/span><span><span lang=\"es-ES\">y<\/span><\/span><span><span lang=\"es-ES\">\u00a0<\/span><\/span><span><a href=\"https:\/\/es.wikipedia.org\/wiki\/Villar_del_Cobo\"><span lang=\"es-ES\">Villar del Cobo<\/span><\/a><\/span><span><span lang=\"es-ES\">. Al este con<\/span><\/span><span><span lang=\"es-ES\">\u00a0<\/span><\/span><span><a href=\"https:\/\/es.wikipedia.org\/wiki\/Bronchales\"><span lang=\"es-ES\">Bronchales<\/span><\/a><\/span><span><span lang=\"es-ES\">\u00a0<\/span><\/span><span><span lang=\"es-ES\">y al oeste con<\/span><\/span><span><span lang=\"es-ES\">\u00a0<\/span><\/span><span><a href=\"https:\/\/es.wikipedia.org\/wiki\/Orea\"><span lang=\"es-ES\">Orea<\/span><\/a><\/span><span><span lang=\"es-ES\">\u00a0<\/span><\/span><span><span lang=\"es-ES\">en la provincia de Guadalajara.<\/span><\/span><\/p>\n<p lang=\"es-ES\" style=\"padding-left: 80px;\"><span>Enclavada en el Macizo del Tremedal, conocido internacionalmente debido a su importancia y extensi\u00f3n.<br \/><\/span><\/p>\n<p lang=\"es-ES\" style=\"padding-left: 80px;\"><span>Del cuaternario, de \u00e9poca periglaciar, curiosas formaciones como los r\u00edos de piedra y los humedales, que podemos encontrar en todo su termino municipal.<\/span><\/p>\n<\/div>\n<\/div>\n<\/div>\n<\/div>\n<\/div>\n<p>[\/et_pb_text][\/et_pb_column][\/et_pb_row][\/et_pb_section]<\/p>\n","protected":false},"excerpt":{"rendered":"<p>[et_pb_section fb_built=\u00bb1&#8243; _builder_version=\u00bb4.9.4&#8243; _module_preset=\u00bbdefault\u00bb][et_pb_row _builder_version=\u00bb4.9.4&#8243; _module_preset=\u00bbdefault\u00bb width_tablet=\u00bb\u00bb width_phone=\u00bb100%\u00bb width_last_edited=\u00bbon|phone\u00bb max_width=\u00bb100%\u00bb hover_enabled=\u00bb0&#8243; width=\u00bb100%\u00bb sticky_enabled=\u00bb0&#8243;][et_pb_column type=\u00bb4_4&#8243; _builder_version=\u00bb4.9.4&#8243; _module_preset=\u00bbdefault\u00bb][et_pb_text module_id=\u00bbcustom-text\u00bb _builder_version=\u00bb4.9.4&#8243; _module_preset=\u00bbdefault\u00bb] DEMOGRAF\u00cdA Y GEOGRAF\u00cdA DEMOGRAFIA Orihuela del Tremedal ha sido por su localizaci\u00f3n, un lugar que ha contado desde tiempos antiguos con una poblaci\u00f3n considerable, alcanzando un importante numero de habitantes en el siglo XVIII. Fue en [&hellip;]<\/p>\n","protected":false},"author":1,"featured_media":0,"parent":216,"menu_order":0,"comment_status":"closed","ping_status":"closed","template":"","meta":{"_et_pb_use_builder":"on","_et_pb_old_content":"","_et_gb_content_width":"","footnotes":""},"class_list":["post-279","page","type-page","status-publish","hentry"],"_links":{"self":[{"href":"https:\/\/orihuela.itcyhost.es\/index.php\/wp-json\/wp\/v2\/pages\/279","targetHints":{"allow":["GET"]}}],"collection":[{"href":"https:\/\/orihuela.itcyhost.es\/index.php\/wp-json\/wp\/v2\/pages"}],"about":[{"href":"https:\/\/orihuela.itcyhost.es\/index.php\/wp-json\/wp\/v2\/types\/page"}],"author":[{"embeddable":true,"href":"https:\/\/orihuela.itcyhost.es\/index.php\/wp-json\/wp\/v2\/users\/1"}],"replies":[{"embeddable":true,"href":"https:\/\/orihuela.itcyhost.es\/index.php\/wp-json\/wp\/v2\/comments?post=279"}],"version-history":[{"count":6,"href":"https:\/\/orihuela.itcyhost.es\/index.php\/wp-json\/wp\/v2\/pages\/279\/revisions"}],"predecessor-version":[{"id":1250,"href":"https:\/\/orihuela.itcyhost.es\/index.php\/wp-json\/wp\/v2\/pages\/279\/revisions\/1250"}],"up":[{"embeddable":true,"href":"https:\/\/orihuela.itcyhost.es\/index.php\/wp-json\/wp\/v2\/pages\/216"}],"wp:attachment":[{"href":"https:\/\/orihuela.itcyhost.es\/index.php\/wp-json\/wp\/v2\/media?parent=279"}],"curies":[{"name":"wp","href":"https:\/\/api.w.org\/{rel}","templated":true}]}}