{"id":507,"date":"2021-05-19T06:13:15","date_gmt":"2021-05-19T06:13:15","guid":{"rendered":"http:\/\/orihuela.itcyhost.es\/?page_id=507"},"modified":"2021-07-02T12:10:01","modified_gmt":"2021-07-02T12:10:01","slug":"turismo","status":"publish","type":"page","link":"https:\/\/orihuela.itcyhost.es\/index.php\/turismo\/","title":{"rendered":"Turismo"},"content":{"rendered":"<p>[et_pb_section fb_built=\u00bb1&#8243; _builder_version=\u00bb4.9.4&#8243; _module_preset=\u00bbdefault\u00bb hover_enabled=\u00bb0&#8243; sticky_enabled=\u00bb0&#8243;][et_pb_row _builder_version=\u00bb4.9.4&#8243; _module_preset=\u00bbdefault\u00bb width=\u00bb70%\u00bb max_width=\u00bb100%\u00bb hover_enabled=\u00bb0&#8243; width_last_edited=\u00bbon|phone\u00bb sticky_enabled=\u00bb0&#8243; width_phone=\u00bb90%\u00bb][et_pb_column type=\u00bb4_4&#8243; _builder_version=\u00bb4.9.4&#8243; _module_preset=\u00bbdefault\u00bb][et_pb_text module_id=\u00bbcustom-text\u00bb _builder_version=\u00bb4.9.4&#8243; _module_preset=\u00bbdefault\u00bb]<\/p>\n<h1>TURISMO<\/h1>\n<p>&nbsp;<\/p>\n<h2>Orihuela Destino Tur\u00edstico<\/h2>\n<p>&nbsp;<\/p>\n<p>Video promocional de Orihuela del Tremedal<\/p>\n<p>[\/et_pb_text][et_pb_video src=\u00bbhttps:\/\/www.youtube.com\/watch?v=NtETbPFkfso\u00bb _builder_version=\u00bb4.9.4&#8243; _module_preset=\u00bbdefault\u00bb width=\u00bb35%\u00bb custom_margin=\u00bb||||false|false\u00bb hover_enabled=\u00bb0&#8243; width_last_edited=\u00bbon|phone\u00bb sticky_enabled=\u00bb0&#8243; width_phone=\u00bb100%\u00bb][\/et_pb_video][et_pb_text module_id=\u00bbcustom-text\u00bb _builder_version=\u00bb4.9.4&#8243; _module_preset=\u00bbdefault\u00bb]<\/p>\n<p>Lipdub Orihuela del Tremedal 2017.<\/p>\n<p>[\/et_pb_text][et_pb_video src=\u00bbhttps:\/\/www.youtube.com\/watch?v=LIBDy622NqU\u00bb _builder_version=\u00bb4.9.4&#8243; _module_preset=\u00bbdefault\u00bb width=\u00bb35%\u00bb custom_margin=\u00bb||||false|false\u00bb hover_enabled=\u00bb0&#8243; width_last_edited=\u00bbon|phone\u00bb sticky_enabled=\u00bb0&#8243; width_phone=\u00bb100%\u00bb][\/et_pb_video][et_pb_text module_id=\u00bbcustom-text\u00bb _builder_version=\u00bb4.9.4&#8243; _module_preset=\u00bbdefault\u00bb]<\/p>\n<h2><strong>Secciones:<\/strong><\/h2>\n<p>&nbsp;<\/p>\n<div class=\"page-list page-list-ext \">\n<div class=\"page-list-ext-item\">\n<h3 class=\"page-list-ext-title\" style=\"padding-left: 40px;\"><a href=\"http:\/\/orihuela.itcyhost.es\/index.php\/turismo\/situacion-como-llegar\/\" title=\"SITUACI\u00d3N. C\u00d3MO LLEGAR.\">SITUACI\u00d3N. C\u00d3MO LLEGAR.<\/a><\/h3>\n<\/div>\n<div class=\"page-list-ext-item\" style=\"padding-left: 40px;\">\n<h3 class=\"page-list-ext-title\"><a href=\"http:\/\/orihuela.itcyhost.es\/index.php\/turismo\/historia\/\" title=\"Historia\">HISTORIA<\/a><\/h3>\n<div class=\"page-list-ext-item-content\">Orihuela del Tremedal ha tenido por su localizaci\u00f3n un importante papel hist\u00f3rico. Los primeros asentamientos humanos de los que hay certeza, son los del Bronce de las casas, el yacimiento celtibero del Toril, el Hoyon del Torrej\u00f3n, y m\u00e1s delante de &#8230;<\/div>\n<\/div>\n<div class=\"page-list-ext-item\">\n<h3 class=\"page-list-ext-title\" style=\"padding-left: 40px;\"><a href=\"http:\/\/orihuela.itcyhost.es\/index.php\/turismo\/gastronomia\/\" title=\"GASTRONOM\u00cdA\">GASTRONOM\u00cdA<\/a><\/h3>\n<div class=\"page-list-ext-item-content\" style=\"padding-left: 40px;\">La gastronom\u00eda de la Sierra de Albarrac\u00edn , siempre a estado muy ligada a los productos que ha ofrecido la tierra a sus habitantes, recordemos que esta zona ha sido predominantemente agricultora y ganadera y por ello se aprovechaban los alimentos que s&#8230;<\/div>\n<\/div>\n<div class=\"page-list-ext-item\" style=\"padding-left: 40px;\">\n<h3 class=\"page-list-ext-title\"><a href=\"http:\/\/orihuela.itcyhost.es\/index.php\/turismo\/fiestas-y-tradiciones\/\" title=\"FIESTAS Y TRADICIONES\">FIESTAS Y TRADICIONES<\/a><\/h3>\n<div class=\"page-list-ext-item-content\">En Orihuela celebramos varios acontencimientos anulamente y de muy disitinto car\u00e1cter: La Semana Santa, Los mayos, La semana cultural, Las fiestas patronales en honor a La Virgen del Tremedal, La romer\u00eda de La Virgen del Tremedal, &#8230;<\/div>\n<\/div>\n<div class=\"page-list-ext-item\">\n<h3 class=\"page-list-ext-title\" style=\"padding-left: 40px;\"><a href=\"http:\/\/orihuela.itcyhost.es\/index.php\/turismo\/que-puedes-visitar\/\" title=\"Qu\u00e9 puede visitar\">QU\u00c9 PUEDE VISITAR<\/a><\/h3>\n<div class=\"page-list-ext-item-content\" style=\"padding-left: 40px;\">La Plaza del Ayuntamiento de Orihuela del Tremedal Empezaremos este paseo por la La Plaza del ayuntamiento de Orihuela del Tremedal, lugar que es y ha sido el lugar de reuni\u00f3n por excelencia desde anta\u00f1o. Destaca por su car\u00e1cter abierto, siendo un en&#8230;<\/div>\n<\/div>\n<div class=\"page-list-ext-item\" style=\"padding-left: 40px;\">\n<h3 class=\"page-list-ext-title\"><a href=\"http:\/\/orihuela.itcyhost.es\/index.php\/turismo\/estancias-al-aire-libre\/\" title=\"ESTANCIAS AL AIRE LIBRE\">ESTANCIAS AL AIRE LIBRE<\/a><\/h3>\n<div class=\"page-list-ext-item-content\">CAMPAMENTO MONTES UNIVERSALES Campamento juvenil situado en Orihuela del Tremedal, en un entorno tan privilegiado como el puerto de Orihuela del Tremedal y de la Comunidad de Albarrac\u00edn. Pagina de facebook: https:\/\/www.facebook.com\/CampamentoMontesUniversalesOrihuelaDelTremedal\/ &#8230;<\/div>\n<\/div>\n<div class=\"page-list-ext-item\" style=\"padding-left: 40px;\">\n<h3 class=\"page-list-ext-title\"><a href=\"http:\/\/orihuela.itcyhost.es\/index.php\/turismo\/rutas-senderos-interes\/\" title=\"RUTAS Y SENDEROS DE INTERES\">RUTAS Y SENDEROS DE INTERES<\/a><\/h3>\n<div class=\"page-list-ext-item-content\">SENDEROS GR (Gran recorrido) Si por algo se caracteriza Orihuela es por la cantidad de senderos que componen sus alrededores, cantidad de rutas que nos acercan a su bello entorno y nos muestran su inmenso patrimonio natural en todo su esplendor, as\u00ed &#8230;<\/div>\n<\/div>\n<div class=\"page-list-ext-item\">\n<h3 class=\"page-list-ext-title\" style=\"padding-left: 40px;\"><a href=\"http:\/\/orihuela.itcyhost.es\/index.php\/turismo\/servicios-al-visitante\/\" title=\"SERVICIOS AL VISITANTE\">SERVICIOS AL VISITANTE<\/a><\/h3>\n<div class=\"page-list-ext-item-content\" style=\"padding-left: 40px;\"><\/div>\n<\/div>\n<\/div>\n<p>[\/et_pb_text][\/et_pb_column][\/et_pb_row][\/et_pb_section]<\/p>\n","protected":false},"excerpt":{"rendered":"<p>[et_pb_section fb_built=\u00bb1&#8243; _builder_version=\u00bb4.9.4&#8243; _module_preset=\u00bbdefault\u00bb hover_enabled=\u00bb0&#8243; sticky_enabled=\u00bb0&#8243;][et_pb_row _builder_version=\u00bb4.9.4&#8243; _module_preset=\u00bbdefault\u00bb width=\u00bb70%\u00bb max_width=\u00bb100%\u00bb hover_enabled=\u00bb0&#8243; width_last_edited=\u00bbon|phone\u00bb sticky_enabled=\u00bb0&#8243; width_phone=\u00bb90%\u00bb][et_pb_column type=\u00bb4_4&#8243; _builder_version=\u00bb4.9.4&#8243; _module_preset=\u00bbdefault\u00bb][et_pb_text module_id=\u00bbcustom-text\u00bb _builder_version=\u00bb4.9.4&#8243; _module_preset=\u00bbdefault\u00bb] TURISMO &nbsp; Orihuela Destino Tur\u00edstico &nbsp; Video promocional de Orihuela del Tremedal [\/et_pb_text][et_pb_video src=\u00bbhttps:\/\/www.youtube.com\/watch?v=NtETbPFkfso\u00bb _builder_version=\u00bb4.9.4&#8243; _module_preset=\u00bbdefault\u00bb width=\u00bb35%\u00bb custom_margin=\u00bb||||false|false\u00bb hover_enabled=\u00bb0&#8243; width_last_edited=\u00bbon|phone\u00bb sticky_enabled=\u00bb0&#8243; width_phone=\u00bb100%\u00bb][\/et_pb_video][et_pb_text module_id=\u00bbcustom-text\u00bb _builder_version=\u00bb4.9.4&#8243; _module_preset=\u00bbdefault\u00bb] Lipdub Orihuela del Tremedal 2017. [\/et_pb_text][et_pb_video src=\u00bbhttps:\/\/www.youtube.com\/watch?v=LIBDy622NqU\u00bb _builder_version=\u00bb4.9.4&#8243; _module_preset=\u00bbdefault\u00bb width=\u00bb35%\u00bb [&hellip;]<\/p>\n","protected":false},"author":1,"featured_media":0,"parent":0,"menu_order":0,"comment_status":"closed","ping_status":"closed","template":"","meta":{"_et_pb_use_builder":"on","_et_pb_old_content":"","_et_gb_content_width":"","footnotes":""},"class_list":["post-507","page","type-page","status-publish","hentry"],"_links":{"self":[{"href":"https:\/\/orihuela.itcyhost.es\/index.php\/wp-json\/wp\/v2\/pages\/507","targetHints":{"allow":["GET"]}}],"collection":[{"href":"https:\/\/orihuela.itcyhost.es\/index.php\/wp-json\/wp\/v2\/pages"}],"about":[{"href":"https:\/\/orihuela.itcyhost.es\/index.php\/wp-json\/wp\/v2\/types\/page"}],"author":[{"embeddable":true,"href":"https:\/\/orihuela.itcyhost.es\/index.php\/wp-json\/wp\/v2\/users\/1"}],"replies":[{"embeddable":true,"href":"https:\/\/orihuela.itcyhost.es\/index.php\/wp-json\/wp\/v2\/comments?post=507"}],"version-history":[{"count":7,"href":"https:\/\/orihuela.itcyhost.es\/index.php\/wp-json\/wp\/v2\/pages\/507\/revisions"}],"predecessor-version":[{"id":964,"href":"https:\/\/orihuela.itcyhost.es\/index.php\/wp-json\/wp\/v2\/pages\/507\/revisions\/964"}],"wp:attachment":[{"href":"https:\/\/orihuela.itcyhost.es\/index.php\/wp-json\/wp\/v2\/media?parent=507"}],"curies":[{"name":"wp","href":"https:\/\/api.w.org\/{rel}","templated":true}]}}