{"id":514,"date":"2021-05-19T06:29:24","date_gmt":"2021-05-19T06:29:24","guid":{"rendered":"http:\/\/orihuela.itcyhost.es\/?page_id=514"},"modified":"2021-07-02T12:10:01","modified_gmt":"2021-07-02T12:10:01","slug":"situacion-como-llegar","status":"publish","type":"page","link":"https:\/\/orihuela.itcyhost.es\/index.php\/turismo\/situacion-como-llegar\/","title":{"rendered":"Situaci\u00f3n. C\u00f3mo llegar"},"content":{"rendered":"<p>[et_pb_section fb_built=\u00bb1&#8243; _builder_version=\u00bb4.9.4&#8243; _module_preset=\u00bbdefault\u00bb][et_pb_row _builder_version=\u00bb4.9.4&#8243; _module_preset=\u00bbdefault\u00bb width=\u00bb100%\u00bb width_tablet=\u00bb\u00bb width_phone=\u00bb90%\u00bb width_last_edited=\u00bbon|phone\u00bb max_width=\u00bb100%\u00bb][et_pb_column type=\u00bb4_4&#8243; _builder_version=\u00bb4.9.4&#8243; _module_preset=\u00bbdefault\u00bb][et_pb_text module_id=\u00bbcustom-text\u00bb _builder_version=\u00bb4.9.4&#8243; _module_preset=\u00bbdefault\u00bb]<\/p>\n<div class=\"container\">\n<div class=\"enigma_header_breadcrum_title\">\n<h2><strong>SITUACI\u00d3N. C\u00d3MO LLEGAR.<\/strong><\/h2>\n<\/div>\n<div id=\"et-boc\" class=\"et-boc\">\n<h2 style=\"padding-left: 40px;\"><span>ENTORNO<\/span><\/h2>\n<p><img decoding=\"async\" loading=\"lazy\" class=\"wp-image-766 size-medium alignright\" src=\"http:\/\/orihuela.itcyhost.es\/wp-content\/uploads\/2021\/05\/foto-para-este-apartado-1024x683-1-300x200.jpg\" alt=\"entrada\" width=\"300\" height=\"200\" sizes=\"auto, (max-width: 300px) 100vw, 300px\" \/><\/p>\n<p style=\"padding-left: 80px;\"><span><strong><span class='et-dropcap'>O<\/span><\/strong>rihuela del Tremedal se encuentra localizada en la parte oeste de la Provincia de Teruel, en una de las comarcas m\u00e1s conocidas de la misma, La Comarca de la Sierra de Albarracin.<\/span><\/p>\n<p style=\"padding-left: 80px;\"><span><span lang=\"es-ES\">Limitando con los siguientes municipios: al norte con<\/span><\/span><span><span lang=\"es-ES\">\u00a0<\/span><\/span><span><a href=\"https:\/\/es.wikipedia.org\/wiki\/R%C3%B3denas\"><span lang=\"es-ES\">R\u00f3denas<\/span><\/a><\/span><span><span lang=\"es-ES\">,<\/span><\/span><span><span lang=\"es-ES\">\u00a0al sur con<\/span><\/span><span><span lang=\"es-ES\">\u00a0<\/span><\/span><span><a href=\"https:\/\/es.wikipedia.org\/wiki\/Noguera_de_Albarrac%C3%ADn\"><span lang=\"es-ES\">Noguera de Albarrac\u00edn<\/span><\/a><\/span><span><span lang=\"es-ES\">,<\/span><\/span><span><span lang=\"es-ES\">\u00a0<\/span><\/span><span><a href=\"https:\/\/es.wikipedia.org\/wiki\/Griegos_(Teruel)\"><span lang=\"es-ES\">Griegos<\/span><\/a><\/span><span><span lang=\"es-ES\">\u00a0<\/span><\/span><span><span lang=\"es-ES\">y<\/span><\/span><span><span lang=\"es-ES\">\u00a0<\/span><\/span><span><a href=\"https:\/\/es.wikipedia.org\/wiki\/Villar_del_Cobo\"><span lang=\"es-ES\">Villar del Cobo<\/span><\/a><\/span><span><span lang=\"es-ES\">, al este con<\/span><\/span><span><span lang=\"es-ES\">\u00a0<\/span><\/span><span><a href=\"https:\/\/es.wikipedia.org\/wiki\/Bronchales\"><span lang=\"es-ES\">Bronchales<\/span><\/a><\/span><span><span lang=\"es-ES\">\u00a0y con Alustante y Motos (Guadalajara),<\/span><\/span><span><span lang=\"es-ES\">\u00a0y al oeste con<\/span><\/span><span><span lang=\"es-ES\">\u00a0<\/span><\/span><span><a href=\"https:\/\/es.wikipedia.org\/wiki\/Orea\"><span lang=\"es-ES\">Orea<\/span><\/a><\/span><span><span lang=\"es-ES\">\u00a0<\/span><\/span><span><span lang=\"es-ES\">(Guadalajara).<\/span><\/span><\/p>\n<p style=\"padding-left: 80px;\"><span>A 1447 m de altitud, en su t\u00e9rmino municipal encontramos el Pico m\u00e1s alto de los Montes Universales, El Caimodorro\u00bb con 1936m de altitud y por supuesto el nacimiento del rio Gallo, el cual se encuentra a unos kil\u00f3metros del municipio, atraves\u00e1ndolo por completo, para irse despu\u00e9s hacia la Provincia de Guadalajara y aumentar el caudal de uno de los r\u00edos mas importantes de la geograf\u00eda Espa\u00f1ola, el rio Tajo.<\/span><\/p>\n<p style=\"padding-left: 80px;\"><span>Su localizaci\u00f3n se caracteriza por la cercan\u00eda tanto a la Capital Provincial, Teruel, de la que dista unos 60km aproximadamente, como de la cabecera comarcal , Albarracin, de la que se encuentra a 30 km aproximadamente.<\/span><\/p>\n<p style=\"padding-left: 80px;\"><span>Las comunicaciones est\u00e1n basadas en la red de carreteras comarcales A-1111 y A-1112, que la unen con el resto de la provincia, y la A-2707, que la une con Guadalajara.<\/span><\/p>\n<p style=\"padding-left: 80px;\"><span>Esta buena red de comunicaciones y la cercan\u00eda entre todos los pueblos de la sierra de Albarracin se unen a la belleza de los paisajes que nos encontramos por estas carreteras, disfrutado por muchas de ellas de paisajes t\u00edpicamente serranos.<\/span><\/p>\n<p style=\"padding-left: 80px;\"><span>Cuenta tambi\u00e9n con buenas comunicaciones hacia otros lugares y provincias como Molina de Arag\u00f3n de la que se encuentra a unos 60km y que desde all\u00ed nos conduce hasta Madrid. Cercan\u00eda a la Autov\u00eda Mud\u00e9jar A-23 que nos permite viajar con comodidad hasta la Comunidad Valenciana y el resto de Arag\u00f3n, asi como a otros lugares de la geograf\u00eda espa\u00f1ola.<\/span><\/p>\n<\/div>\n<\/div>\n<p>[\/et_pb_text][et_pb_map address=\u00bbOrihuela del Tremedal\u00bb _builder_version=\u00bb4.9.4&#8243; _module_preset=\u00bbdefault\u00bb width=\u00bb48%\u00bb width_tablet=\u00bb\u00bb width_phone=\u00bb100%\u00bb width_last_edited=\u00bbon|phone\u00bb custom_margin=\u00bb|auto||auto|false|false\u00bb][\/et_pb_map][\/et_pb_column][\/et_pb_row][et_pb_row column_structure=\u00bb1_2,1_2&#8243; _builder_version=\u00bb4.9.4&#8243; _module_preset=\u00bbdefault\u00bb width=\u00bb100%\u00bb width_tablet=\u00bb\u00bb width_phone=\u00bb90%\u00bb width_last_edited=\u00bbon|phone\u00bb max_width=\u00bb100%\u00bb][et_pb_column type=\u00bb1_2&#8243; _builder_version=\u00bb4.9.4&#8243; _module_preset=\u00bbdefault\u00bb][et_pb_text module_id=\u00bbcustom-text\u00bb _builder_version=\u00bb4.9.4&#8243; _module_preset=\u00bbdefault\u00bb hover_enabled=\u00bb0&#8243; sticky_enabled=\u00bb0&#8243;]<\/p>\n<h2 style=\"padding-left: 40px;\">Conexiones.<\/h2>\n<p>&nbsp;<\/p>\n<p style=\"padding-left: 80px;\"><a href=\"https:\/\/goo.gl\/maps\/9Pc1VNxA8aU2\" target=\"_blank\" rel=\"noopener noreferrer\">ALICANTE<\/a><\/p>\n<p style=\"padding-left: 80px;\"><a href=\"https:\/\/goo.gl\/maps\/3GybGPSN5XJ2\" target=\"_blank\" rel=\"noopener noreferrer\">CASTELLON<\/a><\/p>\n<p style=\"padding-left: 80px;\"><a href=\"https:\/\/goo.gl\/maps\/qbsfEkHCAfo\" target=\"_blank\" rel=\"noopener noreferrer\">CUENCA<\/a><\/p>\n<p style=\"padding-left: 80px;\"><a href=\"https:\/\/goo.gl\/maps\/JC5z3qu3L6w\" target=\"_blank\" rel=\"noopener noreferrer\">GUADALAJARA<\/a><\/p>\n<p style=\"padding-left: 80px;\"><a href=\"https:\/\/goo.gl\/maps\/m2FcM4BrcSt\" target=\"_blank\" rel=\"noopener noreferrer\">MADRID<\/a><\/p>\n<p style=\"padding-left: 80px;\"><a href=\"https:\/\/goo.gl\/maps\/KoRzwUFsw6U2\" target=\"_blank\" rel=\"noopener noreferrer\">MURCIA<\/a><\/p>\n<p style=\"padding-left: 80px;\"><a href=\"https:\/\/goo.gl\/maps\/TJLdkKGuoD92\" target=\"_blank\" rel=\"noopener noreferrer\">TERUEL<\/a><\/p>\n<p style=\"padding-left: 80px;\"><a href=\"https:\/\/goo.gl\/maps\/GE4gMzNqc962\" target=\"_blank\" rel=\"noopener noreferrer\">VALENCIA<\/a><\/p>\n<p style=\"padding-left: 80px;\"><a href=\"https:\/\/goo.gl\/maps\/GE4gMzNqc962\" target=\"_blank\" rel=\"noopener noreferrer\">ZARAGOZA<\/a><\/p>\n<p>[\/et_pb_text][\/et_pb_column][et_pb_column type=\u00bb1_2&#8243; _builder_version=\u00bb4.9.4&#8243; _module_preset=\u00bbdefault\u00bb][et_pb_text module_id=\u00bbcustom-text\u00bb _builder_version=\u00bb4.9.4&#8243; _module_preset=\u00bbdefault\u00bb hover_enabled=\u00bb0&#8243; sticky_enabled=\u00bb0&#8243;]<\/p>\n<h2 style=\"padding-left: 40px;\">AUTOBUSES<\/h2>\n<p>&nbsp;<\/p>\n<h3 style=\"padding-left: 80px;\">ESTACI\u00d3N DE AUTOBUSES DE TERUEL<\/h3>\n<p style=\"padding-left: 80px;\"><strong>Direcci\u00f3n<\/strong>: Ronda de Ambeles, 44001- Teruel, Teruel<br \/>\n<strong>Tel\u00e9fono<\/strong>: 978 61 07 89<\/p>\n<p style=\"padding-left: 80px;\"><a href=\"http:\/\/www.horario-autobuses.com\/horarios-autobuses\/aragon\/teruel.html\" target=\"_blank\" rel=\"noopener noreferrer\">http:\/\/www.horario-autobuses.com\/horarios-autobuses\/aragon\/teruel.html<\/a><\/p>\n<h2 style=\"padding-left: 80px;\">TRENES<\/h2>\n<h3 style=\"padding-left: 80px;\">ESTACI\u00d3N DE TREN DE TERUEL<\/h3>\n<p style=\"padding-left: 80px;\"><strong>Direcci\u00f3n<\/strong>: Camino de la Estaci\u00f3n, s\/n. \u2013 44001- Teruel, Teruel<\/p>\n<p style=\"padding-left: 80px;\"><a href=\"http:\/\/www.adif.es\/es_ES\/infraestructuras\/estaciones\/67200\/informacion_000092.shtml\" target=\"_blank\" rel=\"noopener noreferrer\">http:\/\/www.adif.es\/es_ES\/infraestructuras\/estaciones\/67200\/informacion_000092.shtml<\/a><\/p>\n<p>[\/et_pb_text][\/et_pb_column][\/et_pb_row][\/et_pb_section]<\/p>\n","protected":false},"excerpt":{"rendered":"<p>[et_pb_section fb_built=\u00bb1&#8243; _builder_version=\u00bb4.9.4&#8243; _module_preset=\u00bbdefault\u00bb][et_pb_row _builder_version=\u00bb4.9.4&#8243; _module_preset=\u00bbdefault\u00bb width=\u00bb100%\u00bb width_tablet=\u00bb\u00bb width_phone=\u00bb90%\u00bb width_last_edited=\u00bbon|phone\u00bb max_width=\u00bb100%\u00bb][et_pb_column type=\u00bb4_4&#8243; _builder_version=\u00bb4.9.4&#8243; _module_preset=\u00bbdefault\u00bb][et_pb_text module_id=\u00bbcustom-text\u00bb _builder_version=\u00bb4.9.4&#8243; _module_preset=\u00bbdefault\u00bb] SITUACI\u00d3N. C\u00d3MO LLEGAR. ENTORNO rihuela del Tremedal se encuentra localizada en la parte oeste de la Provincia de Teruel, en una de las comarcas m\u00e1s conocidas de la misma, La Comarca de la Sierra de Albarracin. Limitando con [&hellip;]<\/p>\n","protected":false},"author":1,"featured_media":0,"parent":507,"menu_order":0,"comment_status":"closed","ping_status":"closed","template":"","meta":{"_et_pb_use_builder":"on","_et_pb_old_content":"","_et_gb_content_width":"","footnotes":""},"class_list":["post-514","page","type-page","status-publish","hentry"],"_links":{"self":[{"href":"https:\/\/orihuela.itcyhost.es\/index.php\/wp-json\/wp\/v2\/pages\/514","targetHints":{"allow":["GET"]}}],"collection":[{"href":"https:\/\/orihuela.itcyhost.es\/index.php\/wp-json\/wp\/v2\/pages"}],"about":[{"href":"https:\/\/orihuela.itcyhost.es\/index.php\/wp-json\/wp\/v2\/types\/page"}],"author":[{"embeddable":true,"href":"https:\/\/orihuela.itcyhost.es\/index.php\/wp-json\/wp\/v2\/users\/1"}],"replies":[{"embeddable":true,"href":"https:\/\/orihuela.itcyhost.es\/index.php\/wp-json\/wp\/v2\/comments?post=514"}],"version-history":[{"count":17,"href":"https:\/\/orihuela.itcyhost.es\/index.php\/wp-json\/wp\/v2\/pages\/514\/revisions"}],"predecessor-version":[{"id":1549,"href":"https:\/\/orihuela.itcyhost.es\/index.php\/wp-json\/wp\/v2\/pages\/514\/revisions\/1549"}],"up":[{"embeddable":true,"href":"https:\/\/orihuela.itcyhost.es\/index.php\/wp-json\/wp\/v2\/pages\/507"}],"wp:attachment":[{"href":"https:\/\/orihuela.itcyhost.es\/index.php\/wp-json\/wp\/v2\/media?parent=514"}],"curies":[{"name":"wp","href":"https:\/\/api.w.org\/{rel}","templated":true}]}}