{"id":516,"date":"2021-05-19T06:30:40","date_gmt":"2021-05-19T06:30:40","guid":{"rendered":"http:\/\/orihuela.itcyhost.es\/?page_id=516"},"modified":"2021-07-02T12:09:46","modified_gmt":"2021-07-02T12:09:46","slug":"historia","status":"publish","type":"page","link":"https:\/\/orihuela.itcyhost.es\/index.php\/turismo\/historia\/","title":{"rendered":"Historia"},"content":{"rendered":"<p>[et_pb_section fb_built=\u00bb1&#8243; _builder_version=\u00bb4.9.4&#8243; _module_preset=\u00bbdefault\u00bb][et_pb_row _builder_version=\u00bb4.9.4&#8243; _module_preset=\u00bbdefault\u00bb width=\u00bb100%\u00bb width_tablet=\u00bb\u00bb width_phone=\u00bb90%\u00bb width_last_edited=\u00bbon|phone\u00bb max_width=\u00bb100%\u00bb][et_pb_column type=\u00bb4_4&#8243; _builder_version=\u00bb4.9.4&#8243; _module_preset=\u00bbdefault\u00bb][et_pb_text module_id=\u00bbcustom-text\u00bb _builder_version=\u00bb4.9.4&#8243; _module_preset=\u00bbdefault\u00bb hover_enabled=\u00bb0&#8243; sticky_enabled=\u00bb0&#8243;]<\/p>\n<div class=\"container\">\n<h2><strong>HISTORIA<\/strong><\/h2>\n<p><strong><\/strong><\/p>\n<p style=\"padding-left: 40px;\"><a href=\"http:\/\/orihuela.itcyhost.es\/wp-content\/uploads\/2021\/05\/foto-introduccion-1024x683-1-300x200.jpg\" data-slb-active=\"1\" data-slb-asset=\"1644009251\" data-slb-internal=\"0\" data-slb-group=\"183\"><img decoding=\"async\" loading=\"lazy\" class=\"alignright wp-image-769 size-medium\" src=\"http:\/\/orihuela.itcyhost.es\/wp-content\/uploads\/2021\/05\/foto-introduccion-1024x683-1-300x200.jpg\" alt=\"\" width=\"300\" height=\"200\" sizes=\"auto, (max-width: 300px) 100vw, 300px\" \/><\/a><span class='et-dropcap'>O<\/span>rihuela del Tremedal ha tenido por su localizaci\u00f3n un importante papel hist\u00f3rico.<br \/>\nLos primeros asentamientos humanos de los que hay certeza, son los del Bronce de las casas, el yacimiento celtibero del Toril, el Hoyon del Torrej\u00f3n, y m\u00e1s delante de \u00e9poca romana la historia nos habla del alfar del Royo y del campamento militar de las tejedas.<\/p>\n<p style=\"padding-left: 40px;\">Durante la conquista musulmana de la pen\u00ednsula ib\u00e9rica, los Banu Razin se asentaron en nuestra Comarca creando una de las taifas de la Espa\u00f1a Musulmana en la Sierra de Albarracin, ocupaci\u00f3n que durar\u00eda hasta 1170 cuando Muhammad ben Mardanis, conocido como el Rey lobo, ceder\u00e1 este territorio a un Se\u00f1or navarro Don Pedro Ruiz de Azagra.<\/p>\n<p style=\"padding-left: 40px;\">Estos pobladores Navarros dejar\u00e1n importantes muestras de su ocupaci\u00f3n, como la dedicaci\u00f3n de nuestra iglesia a San Mill\u00e1n de la Cogolla, el apellido del rio Gallo y en el culto mariano a la Virgen del Tremedal. Construyendose en\u00a0\u00a0 en su honor, un Santuario, que se ha conservado a btarves del tiempo y se construyo debido a la aparici\u00f3n de nuestra Se\u00f1ora del Tremedal, llegando a ser unos de los principales centros de Peregrinaci\u00f3n en Arag\u00f3n.<\/p>\n<p style=\"padding-left: 40px;\">Otra nota importante en la historia del municipio es que en 1696 se redactan en su Sal\u00f3n de Sesiones las Ordenanzas de la Comunidad de Albarrac\u00edn<\/p>\n<p style=\"padding-left: 40px;\">El Siglo XVIII es uno de los m\u00e1s importantes para Orihuela. La explosi\u00f3n demogr\u00e1fica de nuestro municipio tuvo lugar en este siglo, llegando a contar con una poblaci\u00f3n de unos 1200 habitantes.<\/p>\n<p style=\"padding-left: 40px;\">Las multitudinarias visitas al Santuario para la veneraci\u00f3n de la Virgen del Tremedal, como por otro lado, las familias notables que se establecieron en Orihuela, hizo que se convirtiera en uno de los pueblos m\u00e1s importantes de la Serran\u00eda. Tanto fue el poder\u00edo econ\u00f3mico que se llego a tener que se inaugura el nuevo Santuario y Hospeder\u00eda -1748-, se construye la nueva iglesia -1776-.<\/p>\n<p style=\"padding-left: 40px;\">Pero la buenaventura de la que gozaban los habitantes de Orihuela no duro para siempre, ya que durante la guerra de la independencia, en la conocida batalla de Malatarde, las tropas francesas tomaron el municipio e incendiaron y saquearon el mismo quedando Orihuela totalmente destrozada.<\/p>\n<p style=\"padding-left: 40px;\">En 1815, tras el balance de un pueblo totalmente destrozado,Fernando VII, autorizo la celebraci\u00f3n de tres d\u00edas de Feria para reactivar la econom\u00eda de Orihuela del Tremedal.<\/p>\n<p style=\"padding-left: 40px;\">Este es el Origen de la actual Feria Ganadera y Artesanal, uno de los eventos m\u00e1s importantes del municipio, debido a su trascendencia hist\u00f3rica y a que desde su primeras celebraciones se convirti\u00f3 en el punto de encuentro y reuni\u00f3n m\u00e1s importante de la Comarca de la Sierra de Albarracin, de todos los habitantes de la Sierra de Albarracin y municipios que lo rodean, llegando con esa esencia hasta nuestros d\u00edas.<\/p>\n<p style=\"padding-left: 40px;\">Contamos con la explotaci\u00f3n forestal m\u00e1s importante de Arag\u00f3n, debido a la inmensa masa de pinar, la facilidad de penetraci\u00f3n al monte que se debe a la infinidad de caminos forestales que ya se utilizaban desde tiempos antiguos para el trabajo de la madera, por lo que el trabajo de la madera ha sido una de las fuentes econ\u00f3micas importantes de Orihuela, contado desde finales del S. XIX con importantes serrer\u00edas y carpinter\u00edas.<\/p>\n<p style=\"padding-left: 40px;\">Hoy en d\u00eda, aunque la madera sigue siendo una de nuestra fuente de ingresos m\u00e1s importantes, el turismo ha tomado fuerza y se esta posicionado como otro de los principales factores en nuestra econom\u00eda e historia.<\/p>\n<p style=\"padding-left: 40px;\">Contando con tres ases que nos permiten evolucionar y reinventarnos, nuestra Historia, nuestra Arquitectura, y como no nuestro Medio Natural. Ejes principales para una afluencia tur\u00edstica como la que hoy tenemos.<\/p>\n<p style=\"padding-left: 40px;\"><span>\u00a0<\/span><\/p>\n<p style=\"padding-left: 40px;\">Analizaremos:<\/p>\n<ol>\n<li style=\"list-style-type: none;\">\n<ol>\n<li style=\"list-style-type: none;\">\n<ol>\n<li data-original-title=\"\" title=\"\"><a href=\"http:\/\/orihuela.itcyhost.es\/index.php\/turismo\/historia\/estructura-socio-economica\/\">Estructura socio economica<\/a><\/li>\n<li data-original-title=\"\" title=\"\"><a href=\"http:\/\/orihuela.itcyhost.es\/index.php\/turismo\/historia\/forja\/\">La Forja<\/a><\/li>\n<li data-original-title=\"\" title=\"\"><a href=\"http:\/\/orihuela.itcyhost.es\/index.php\/turismo\/historia\/patrimonio-arquitectonico\/\">Patrimonio arquitect\u00f3nico<\/a><\/li>\n<li data-original-title=\"\" title=\"\"><a href=\"http:\/\/orihuela.itcyhost.es\/index.php\/turismo\/historia\/patrimonio-natural\/\">Patrimonio natural<\/a><\/li>\n<li data-original-title=\"\" title=\"\"><a href=\"http:\/\/orihuela.itcyhost.es\/index.php\/turismo\/historia\/feria-ganadera-artesanal\/\">Feria Ganadera y Artesanal<\/a><\/li>\n<li data-original-title=\"\" title=\"\"><a href=\"http:\/\/orihuela.itcyhost.es\/index.php\/turismo\/historia\/oriolanos-ilustres\/\">Oriolanos ilustres<\/a><\/li>\n<\/ol>\n<\/li>\n<\/ol>\n<\/li>\n<\/ol>\n<\/div>\n<p>[\/et_pb_text][\/et_pb_column][\/et_pb_row][\/et_pb_section]<\/p>\n","protected":false},"excerpt":{"rendered":"<p>[et_pb_section fb_built=\u00bb1&#8243; _builder_version=\u00bb4.9.4&#8243; _module_preset=\u00bbdefault\u00bb][et_pb_row _builder_version=\u00bb4.9.4&#8243; _module_preset=\u00bbdefault\u00bb width=\u00bb100%\u00bb width_tablet=\u00bb\u00bb width_phone=\u00bb90%\u00bb width_last_edited=\u00bbon|phone\u00bb max_width=\u00bb100%\u00bb][et_pb_column type=\u00bb4_4&#8243; _builder_version=\u00bb4.9.4&#8243; _module_preset=\u00bbdefault\u00bb][et_pb_text module_id=\u00bbcustom-text\u00bb _builder_version=\u00bb4.9.4&#8243; _module_preset=\u00bbdefault\u00bb hover_enabled=\u00bb0&#8243; sticky_enabled=\u00bb0&#8243;] HISTORIA rihuela del Tremedal ha tenido por su localizaci\u00f3n un importante papel hist\u00f3rico. Los primeros asentamientos humanos de los que hay certeza, son los del Bronce de las casas, el yacimiento celtibero del Toril, el Hoyon [&hellip;]<\/p>\n","protected":false},"author":1,"featured_media":0,"parent":507,"menu_order":0,"comment_status":"closed","ping_status":"closed","template":"","meta":{"_et_pb_use_builder":"on","_et_pb_old_content":"","_et_gb_content_width":"","footnotes":""},"class_list":["post-516","page","type-page","status-publish","hentry"],"_links":{"self":[{"href":"https:\/\/orihuela.itcyhost.es\/index.php\/wp-json\/wp\/v2\/pages\/516","targetHints":{"allow":["GET"]}}],"collection":[{"href":"https:\/\/orihuela.itcyhost.es\/index.php\/wp-json\/wp\/v2\/pages"}],"about":[{"href":"https:\/\/orihuela.itcyhost.es\/index.php\/wp-json\/wp\/v2\/types\/page"}],"author":[{"embeddable":true,"href":"https:\/\/orihuela.itcyhost.es\/index.php\/wp-json\/wp\/v2\/users\/1"}],"replies":[{"embeddable":true,"href":"https:\/\/orihuela.itcyhost.es\/index.php\/wp-json\/wp\/v2\/comments?post=516"}],"version-history":[{"count":9,"href":"https:\/\/orihuela.itcyhost.es\/index.php\/wp-json\/wp\/v2\/pages\/516\/revisions"}],"predecessor-version":[{"id":1448,"href":"https:\/\/orihuela.itcyhost.es\/index.php\/wp-json\/wp\/v2\/pages\/516\/revisions\/1448"}],"up":[{"embeddable":true,"href":"https:\/\/orihuela.itcyhost.es\/index.php\/wp-json\/wp\/v2\/pages\/507"}],"wp:attachment":[{"href":"https:\/\/orihuela.itcyhost.es\/index.php\/wp-json\/wp\/v2\/media?parent=516"}],"curies":[{"name":"wp","href":"https:\/\/api.w.org\/{rel}","templated":true}]}}