{"id":522,"date":"2021-05-19T06:32:45","date_gmt":"2021-05-19T06:32:45","guid":{"rendered":"http:\/\/orihuela.itcyhost.es\/?page_id=522"},"modified":"2021-07-02T12:09:46","modified_gmt":"2021-07-02T12:09:46","slug":"fiestas-y-tradiciones","status":"publish","type":"page","link":"https:\/\/orihuela.itcyhost.es\/index.php\/turismo\/fiestas-y-tradiciones\/","title":{"rendered":"Fiestas y Tradiciones"},"content":{"rendered":"<p>[et_pb_section fb_built=\u00bb1&#8243; _builder_version=\u00bb4.9.4&#8243; _module_preset=\u00bbdefault\u00bb][et_pb_row use_custom_gutter=\u00bbon\u00bb gutter_width=\u00bb2&#8243; _builder_version=\u00bb4.9.4&#8243; _module_preset=\u00bbdefault\u00bb width=\u00bb100%\u00bb width_tablet=\u00bb\u00bb width_phone=\u00bb90%\u00bb width_last_edited=\u00bbon|phone\u00bb max_width=\u00bb100%\u00bb][et_pb_column type=\u00bb4_4&#8243; _builder_version=\u00bb4.9.4&#8243; _module_preset=\u00bbdefault\u00bb][et_pb_text module_id=\u00bbcustom-text\u00bb _builder_version=\u00bb4.9.4&#8243; _module_preset=\u00bbdefault\u00bb hover_enabled=\u00bb0&#8243; sticky_enabled=\u00bb0&#8243;]<\/p>\n<div class=\"container\">\n<h2><strong>FIESTAS Y TRADICIONES<\/strong><\/h2>\n<div id=\"attachment_895\" class=\"wp-caption alignright\"><\/div>\n<p>En Orihuela celebramos varios acontencimientos anulamente y de muy disitinto car\u00e1cter:<\/p>\n<ol>\n<li style=\"list-style-type: none;\">\n<ol>\n<li data-original-title=\"\" title=\"\">La Semana Santa,<\/li>\n<li data-original-title=\"\" title=\"\">Los mayos,<\/li>\n<li data-original-title=\"\" title=\"\">La semana cultural,<\/li>\n<li data-original-title=\"\" title=\"\">Las fiestas patronales en honor a La Virgen del Tremedal,<\/li>\n<li data-original-title=\"\" title=\"\">La romer\u00eda de La Virgen del Tremedal,<\/li>\n<li data-original-title=\"\" title=\"\">Los tradicionales encierros a Caballo,<\/li>\n<li data-original-title=\"\" title=\"\">San Mill\u00e1n y<\/li>\n<li data-original-title=\"\" title=\"\"><a href=\"http:\/\/orihuela.itcyhost.es\/index.php\/turismo\/historia\/feria-ganadera-artesanal\/\">la Feria Ganadera y Artesanal<\/a><span>\u00a0<\/span>(enlace)<\/li>\n<\/ol>\n<\/li>\n<\/ol>\n<p>Dispone de una galeria de im\u00e1genes al final de la p\u00e1gina.<\/p>\n<h2 style=\"padding-left: 40px;\">Semana Santa<\/h2>\n<p style=\"padding-left: 80px;\">La Semana Santa en Orihuela como en todo nuestro pa\u00eds es una celebraci\u00f3n arraigada, que se celebra haciendo referencia sobre todo a su tradici\u00f3n, a la hermandad y fraternidad que trae consigo, en unos d\u00edas en los que los actos programados unen todav\u00eda m\u00e1s a los habitantes de la localidad y atraen a visitantes de otros lugares debido a la belleza de las procesiones y misas.<\/p>\n<p style=\"padding-left: 80px;\">Unos d\u00edas en los que se realizan bellos actos en Orihuela, como la exaltaci\u00f3n y toques de bombos, la diversas procesiones con sus correspondientes im\u00e1genes, todas ellas de gran valor y la realizaci\u00f3n de uno de los actos m\u00e1s emotivos y que m\u00e1s multitud atrae es el (romper la hora) la rompida de la hora, en la cual la asociaci\u00f3n de bombos y tambores \u00abEl Tremedal\u00bb que se re\u00fane en la plaza del ayuntamiento, para tocar sus instrumentos al un\u00edsono.<\/p>\n<p style=\"padding-left: 80px;\"><img decoding=\"async\" loading=\"lazy\" class=\"alignnone size-medium wp-image-1207\" src=\"http:\/\/orihuela.itcyhost.es\/wp-content\/uploads\/2021\/05\/semanasanta01-1-300x169.jpg\" alt=\"\" width=\"300\" height=\"169\" sizes=\"auto, (max-width: 300px) 100vw, 300px\" \/><\/p>\n<h2 style=\"padding-left: 40px;\">Los Mayos<\/h2>\n<p style=\"padding-left: 80px;\">Otra de las bonitas tradiciones de la Sierra de Albarracin, que todav\u00eda se sigue celebrando en alguno de sus pueblos como es el caso de Orihuela, es la de los Mayos,\u00a0 con unos\u00a0 400 a\u00f1os de tradici\u00f3n, y haciendo referencia a la reminiscencia de las antiguas fiestas de la fertilidad y la llegada de la primavera.<\/p>\n<p style=\"padding-left: 80px;\"><img decoding=\"async\" loading=\"lazy\" class=\"alignleft size-thumbnail wp-image-898\" src=\"http:\/\/orihuela.itcyhost.es\/wp-content\/uploads\/2021\/05\/mayos.jpg\" alt=\"\" width=\"150\" height=\"150\" \/>Antiguamente consist\u00eda en el emparejamiento temporal de los mozos y mozas de estos municipios. El 30 de Abril se realizaba un sorteo, se colocaban en un recipiente los nombres de los muchachos y muchachas, \u00a0solteros y casaderos, para emparejarlos.<\/p>\n<p style=\"padding-left: 80px;\">Durante unos meses, hasta el d\u00eda de San Juan, el Mayo rondar\u00eda a la Maya. En v\u00edsperas de San Juan, los Mayos a los que les gusta la Maya preparaban una bonita enramada que decoraban con flores y que colgaban en el balc\u00f3n de la casa de su correspondiente Maya la citada noche de San Juan.<\/p>\n<p style=\"padding-left: 80px;\">La celebraci\u00f3n de los Mayos, era una de las pocas formas para que los j\u00f3venes se conociesen, ya que muchas veces la relaciones ficticia de Maya y Mayo continuaba en noviazgo para m\u00e1s tarde casarse.<\/p>\n<p style=\"padding-left: 80px;\">No en vano el cortejo y la jota se han dado la mano en Arag\u00f3n desde hace m\u00e1s de un siglo. \u201cMayos\u201d se llaman, de hecho, los cantos que se dedican a las solteras en la noche del 30 de abril al 1 de mayo. Son \u201cpoemas\u201d de amor, a veces compuestos para la ocasi\u00f3n.<\/p>\n<p style=\"padding-left: 80px;\">Actualmente la celebraci\u00f3n ha cambiado debido a los nuevas formas de vida, pero guarda totalmente la esencia de los tiempos pasados, los Mayos se comenzar\u00e1n a celebrar el 30 de abril y se prolongar\u00e1n durante todo el mes de Mayo. En Orihuela se realiza el sorteo entre todos los mozos y mozas solteros, y se cantar\u00e1n en la Plaza del Ayuntamiento, por la rondalla de la localidad, con la letra en la actualidad, que escribi\u00f3 Jesus Sanchez m\u00fasico Oriolano con gran arraigo a su pueblo.<\/p>\n<h2 style=\"padding-left: 40px;\">Semana Cultural<\/h2>\n<p style=\"padding-left: 80px;\"><img decoding=\"async\" loading=\"lazy\" class=\"alignright size-thumbnail wp-image-892\" src=\"http:\/\/orihuela.itcyhost.es\/wp-content\/uploads\/2021\/05\/semanacultural.jpg\" alt=\"\" width=\"150\" height=\"150\" \/>Otra de las celebraciones tradicionales en nuestra localidad, teniendo lugar siempre durante la primera semana de Agosto. En ella se dan cita diversos actos culturales, did\u00e1cticos, de animaci\u00f3n etc que re\u00fanen tanto a Oriolanos como a visitantes, para disfrutar de una semana llena de actividades.<\/p>\n<p style=\"padding-left: 80px;\">Nuestra Semana Cultural lleva realiz\u00e1ndose 20 a\u00f1os, cuando Alberto Vill\u00e9n\u00a0 Pinilla Alcalde de nuestro municipio tuvo la iniciativa de realizarla, dando principal protagonismo a todas las asociaciones de Orihuela. Son ellas las que posibilitan las diferentes actividades y eventos en funci\u00f3n de su actividad central, creando as\u00ed una semana \u00fanica, que nos invita a conocer el tejido asociativo de Orihuela y los frutos del esfuerzo de prepararse cada d\u00eda en nuestro largo invierno.<\/p>\n<p style=\"padding-left: 80px;\">El Ayuntamiento completa con otros actos y actividades culturales la semana, quedando una gran oferta para todos los que nos visitan en esos d\u00edas y nuestros vecinos, siendo todos los contenidos de una gran calidad y nivel cultural.<\/p>\n<h2 style=\"padding-left: 40px;\">Fiestas Patronales en Honor a La Virgen Del Tremedal<\/h2>\n<p style=\"padding-left: 80px;\">Las Fiestas en Honor a la Virgen del Tremedal, tienen sus ra\u00edces muy arraigadas en Orihuela y en su historia, ya que como todos sabemos la Virgen eligi\u00f3 nuestras Tierras y en concreto el Cerro del Tremedal para quedarse, brindando un milagro a un pastorcillo manco, que ser\u00eda el primer signo de su presencia en Orihuela. Agradecidos los Oriolanos por su aparici\u00f3n, protecci\u00f3n y bendici\u00f3n le construyeron en su honor un Santuario; el Santuario de la Virgen del Tremedal. Desde el cual, encontrando a sus pies el municipio, nuestra Virgen nos vigila y protege.<\/p>\n<p style=\"padding-left: 80px;\"><img decoding=\"async\" loading=\"lazy\" class=\"alignright size-thumbnail wp-image-890\" src=\"http:\/\/orihuela.itcyhost.es\/wp-content\/uploads\/2021\/05\/romeria2.jpg\" alt=\"\" width=\"150\" height=\"150\" \/>La devoci\u00f3n por la Virgen ha sido inmensa, ya en S.XV hay datos de la realizaci\u00f3n de la romer\u00eda en su honor. Romer\u00eda que ha sobrevivido al paso de los a\u00f1os, y realiz\u00e1ndose todav\u00eda, podemos decir que la devoci\u00f3n por la Virgen es y ha sido enorme. La celebraci\u00f3n de la romer\u00eda en Honor a la Virgen del Tremedal es un d\u00eda de alegr\u00eda, gozo, alabanza, agradecimiento\u2026 en el que Orihuela recibe cientos de visitantes, y los Oriolanos y Oriolanas se visten con los tradicionales trajes de baturros y baturras para llevar las flores a su Patrona.<\/p>\n<p style=\"padding-left: 80px;\">Como os decimos el culto a la Virgen fue tan intenso que se extendi\u00f3 a otros lugares del pa\u00eds y el mundo, y que todav\u00eda hoy son focos vivos de su devoci\u00f3n, por ejemplo Tronch\u00f3n en el Maestrazgo, Loscos en la Comarca del Jiloca, pueblo natal del padre Francisco Lorente, autor de la historia paneg\u00edrica. Llegando incluso hasta Pinilla del Olmo en Soria, que posiblemente debido a su vinculaci\u00f3n con el pastoreo, trashumancia y la incipiente industria textil que florece es esos tiempos en las tierras de la Comunidad de Albarrac\u00edn, seguro que conocieron de cerca el culto que veneraban los vecinos de Orihuela por su patrona.<\/p>\n<p style=\"padding-left: 80px;\">Tambi\u00e9n en Alcocer Guadalajara, algunos autores afirman que el arraigo de la devoci\u00f3n a nuestra patrona fue porque Jorge Jim\u00e9nez Membrado, natural de Orihuela, y p\u00e1rroco de Alcocer fue quien introdujo el culto a la Virgen es esta localidad. Llegando incluso a Costa Rica a la Parroquia de San Ram\u00f3n.<\/p>\n<p style=\"padding-left: 80px;\">Otras de las cosas interesantes de la devoci\u00f3n a la Virgen son las muchas familias que han dejado testimonio de su agradecimiento a la Virgen del Tremedal por ver cumplidas sus suplicas, tambi\u00e9n por todo el territorio espa\u00f1ol y resto del mundo como; Burriana (Alicante), Setiles (Guadalajara), Maipu-Mendoza(Argentina), Motos (Guadalajara) y otros muchos ejemplos m\u00e1s.<\/p>\n<p style=\"padding-left: 80px;\">Devoci\u00f3n que se ha plasmado tambi\u00e9n en algunas coplas joteras como la que comienza as\u00ed:<\/p>\n<p style=\"padding-left: 80px;\"><em>Morena la Virgen de Arcos,<\/em><br \/><em>Morena la del Pilar,<\/em><br \/><em>Para morena y con garbo,<\/em><br \/><em>La virgen del Tremedal\u2026<\/em><\/p>\n<p style=\"padding-left: 80px;\">Y as\u00ed con todas estas manifestaciones religiosas, art\u00edsticas\u2026 queda reflejado, el por qu\u00e9, La virgen del Tremedal es nuestra Patrona y la devoci\u00f3n que se procesa hacia ella.<\/p>\n<h2 style=\"padding-left: 120px;\">Romeria de La Virgen del Tremedal<\/h2>\n<p style=\"padding-left: 80px;\">Como ha llegado hasta nuestros d\u00edas, en Orihuela tuvo lugar la aparici\u00f3n de la Virgen a un Pastorcillo manco al que devolvi\u00f3 la mano y manifiesto su intenci\u00f3n de quedarse por las tierra de Orihuela del Tremedal.<\/p>\n<p style=\"padding-left: 80px;\">Desde entonces, los habitantes del pueblo, agradecidos por esta venida, construyeron un Santuario en su honor, y la protegieron y custodiaron hasta nuestro d\u00edas.<\/p>\n<p style=\"padding-left: 80px;\">Desde aquel momento de la aparici\u00f3n se comenzar\u00eda a realizar una romer\u00eda en Honor a la Virgen del Tremedal, que gracias al buen hacer de nuestros habitantes ha llegado hasta nuestros d\u00edas. Desde la antig\u00fcedad esta romer\u00eda ha atra\u00eddo a centenares de personas que vienen de diferentes lugares de la Provincia para disfrutar de este d\u00eda lleno de emociones.<\/p>\n<p style=\"padding-left: 80px;\">Se Celebra el domingo de las Fiesta Patronales, segundo fin de semana de Septiembre, y es uno de los d\u00edas grandes del municipio, donde todos los Oriolanos y Oriolanas visten sus trajes de baturros y baturras.<\/p>\n<p style=\"padding-left: 80px;\">La Virgen es subida por los habitantes del municipio, a hombros por el camino viejo, camino antiguo por el que siempre se ha realizado la romer\u00eda, para llegar al Cerro donde se celebra en su honor una misa baturra, acompa\u00f1ada de una ofrenda de flores.<\/p>\n<p style=\"padding-left: 80px;\">Una de las tradiciones m\u00e1s arraigadas en Orihuela y que m\u00e1s gente concentra debido a su belleza y emotividad.<\/p>\n<p style=\"padding-left: 80px;\"><img decoding=\"async\" loading=\"lazy\" class=\"alignnone size-medium wp-image-1209\" src=\"http:\/\/orihuela.itcyhost.es\/wp-content\/uploads\/2021\/05\/romeria-300x200.jpg\" alt=\"\" width=\"300\" height=\"200\" sizes=\"auto, (max-width: 300px) 100vw, 300px\" \/><\/p>\n<h2 style=\"padding-left: 40px;\">Tradicionales encierros a Caballo<\/h2>\n<p style=\"padding-left: 80px;\">Las Fiestas Patronales traen consigo, una de las celebraciones m\u00e1s antiguas de la Sierra de Albarracin, como son los tradicionales encierros a caballo.<\/p>\n<p style=\"padding-left: 80px;\">Ya en 1801 se habla de esta tradici\u00f3n serrana. En Orihuela las corridas de toros se celebraban en la Plaza del Ayuntamiento y en la que se montaba un Plaza de toros con vigas de madera, para que disfrutaran tanto vecinos como visitantes que acud\u00edan con ganas a tales festejos. M\u00e1s adelante se construyo la plaza de toros donde hoy en d\u00eda se celebran este tipo de festejos, construida por el alcalde del momento, Manuel Sanz, medida muy criticada entonces y siendo hoy el mejor emplazamiento taurino de toda la Sierra de Albarrac\u00edn por no haber ninguna que se le asemeje.<br \/>Los encierros a caballo, la forma de vivirlos y realizarlos por sus vecinos, son una de las caracter\u00edsticas m\u00e1s destacables de los mismos. Los Toros se traen montes a trav\u00e9s guiados por expertos jinetes, que tambi\u00e9n los conducir\u00e1n con maestr\u00eda hasta la plaza.<\/p>\n<p style=\"padding-left: 80px;\">En nuestro municipio se realizan 2 encierros durante las Fiestas Patronales, Lunes y Martes, el primero con cuatro novillos que bajar\u00e1n directamente desde el puerto de Orihuela a la plaza. El Martes dos novillos, que atravesar\u00e1n el pueblo hasta llegar a la plaza de toros.<\/p>\n<p style=\"padding-left: 80px;\">El ultimo d\u00eda de las fiestas se realiza una gran comida de vecindad con la carne de los becerros, que se guisa \u00aba la pastora\u00bb tradicionalmente seg\u00fan nuestra gastronom\u00eda local, y preparada por voluntarios del municipio.<\/p>\n<p style=\"padding-left: 80px;\"><img decoding=\"async\" loading=\"lazy\" class=\"alignnone size-medium wp-image-1211\" src=\"http:\/\/orihuela.itcyhost.es\/wp-content\/uploads\/2021\/05\/encierros-300x200.jpg\" alt=\"\" width=\"300\" height=\"200\" sizes=\"auto, (max-width: 300px) 100vw, 300px\" \/><\/p>\n<h2 style=\"padding-left: 40px;\">San Mill\u00e1n<\/h2>\n<p style=\"padding-left: 80px;\">Como bien cuenta la historia en el a\u00f1o 711, tropas musulmanas compuestas por \u00c1rabes y Bereberes, cruzaron el estrecho de Gibraltar iniciando as\u00ed la conquista de la Pen\u00ednsula Ib\u00e9rica.<\/p>\n<p style=\"padding-left: 80px;\">Se crear\u00e1 en nuestra zona una de las Taifas de la Espa\u00f1a musulmana, que perdurar\u00e1 hasta el a\u00f1o 1170 cuando esta zona es cedida por el Rey Lobo de Murcia, Muhammad ibn Mardanis a un Se\u00f1or Navarro Don Pedro Ruiz de Azagra, estableci\u00e9ndose as\u00ed en esta zona un se\u00f1or\u00edo independiente en manos de navarros.<\/p>\n<p style=\"padding-left: 80px;\">Se\u00f1or\u00edo que se mantuvo independiente hasta 1379, cuando Pedro IV lo incorpor\u00f3 definitivamente al Reino de Arag\u00f3n.<\/p>\n<p style=\"padding-left: 80px;\">Sabemos que los Navarros fueron los primeros pobladores cristianos de la zona ya que dejan una gran impronta\u00a0 en nuestra Sierra y sobre todo en Orihuela con la dedicaci\u00f3n de nuestra iglesia a San Mill\u00e1n de la Cogolla, un Santo, que nada tendr\u00eda que ver con Arag\u00f3n, sino con el antiguo reino de Navarra.<\/p>\n<p style=\"padding-left: 80px;\">Estos primeros pobladores Navarros, dejan como decimos una huella tan importante que todav\u00eda perdura en nuestro Municipio, San Mill\u00e1n de la Cogolla dedicaci\u00f3n de nuestra Iglesia parroquial y Patr\u00f3n de Orihuela del Tremedal.<\/p>\n<p style=\"padding-left: 80px;\">El cual est\u00e1 reflejado varias veces en la iglesia, con bellas y trabajadas representaciones y recordando a estos primeros pobladores y cuya festividad se celebra el 12 de Noviembre.<\/p>\n<p style=\"padding-left: 80px;\"><img decoding=\"async\" loading=\"lazy\" class=\"alignnone wp-image-1231\" src=\"http:\/\/orihuela.itcyhost.es\/wp-content\/uploads\/2021\/05\/SAN-MILLAN-288x300.jpg\" alt=\"\" width=\"281\" height=\"292\" sizes=\"auto, (max-width: 281px) 100vw, 281px\" \/><\/p>\n<p style=\"padding-left: 40px;\">\n<h3><strong>Galer\u00eda de im\u00e1genes \u2018Fiestas y tradiciones\u2019<\/strong><\/h3>\n<\/div>\n<p>[\/et_pb_text][et_pb_gallery gallery_ids=\u00bb727,721,718,720,560,556,717,719,728&#8243; posts_number=\u00bb16&#8243; show_title_and_caption=\u00bboff\u00bb show_pagination=\u00bboff\u00bb _builder_version=\u00bb4.9.4&#8243; _module_preset=\u00bbdefault\u00bb][\/et_pb_gallery][\/et_pb_column][\/et_pb_row][\/et_pb_section]<\/p>\n","protected":false},"excerpt":{"rendered":"<p>[et_pb_section fb_built=\u00bb1&#8243; _builder_version=\u00bb4.9.4&#8243; _module_preset=\u00bbdefault\u00bb][et_pb_row use_custom_gutter=\u00bbon\u00bb gutter_width=\u00bb2&#8243; _builder_version=\u00bb4.9.4&#8243; _module_preset=\u00bbdefault\u00bb width=\u00bb100%\u00bb width_tablet=\u00bb\u00bb width_phone=\u00bb90%\u00bb width_last_edited=\u00bbon|phone\u00bb max_width=\u00bb100%\u00bb][et_pb_column type=\u00bb4_4&#8243; _builder_version=\u00bb4.9.4&#8243; _module_preset=\u00bbdefault\u00bb][et_pb_text module_id=\u00bbcustom-text\u00bb _builder_version=\u00bb4.9.4&#8243; _module_preset=\u00bbdefault\u00bb hover_enabled=\u00bb0&#8243; sticky_enabled=\u00bb0&#8243;] FIESTAS Y TRADICIONES En Orihuela celebramos varios acontencimientos anulamente y de muy disitinto car\u00e1cter: La Semana Santa, Los mayos, La semana cultural, Las fiestas patronales en honor a La Virgen del Tremedal, La romer\u00eda [&hellip;]<\/p>\n","protected":false},"author":1,"featured_media":0,"parent":507,"menu_order":0,"comment_status":"closed","ping_status":"closed","template":"","meta":{"_et_pb_use_builder":"on","_et_pb_old_content":"","_et_gb_content_width":"","footnotes":""},"class_list":["post-522","page","type-page","status-publish","hentry"],"_links":{"self":[{"href":"https:\/\/orihuela.itcyhost.es\/index.php\/wp-json\/wp\/v2\/pages\/522","targetHints":{"allow":["GET"]}}],"collection":[{"href":"https:\/\/orihuela.itcyhost.es\/index.php\/wp-json\/wp\/v2\/pages"}],"about":[{"href":"https:\/\/orihuela.itcyhost.es\/index.php\/wp-json\/wp\/v2\/types\/page"}],"author":[{"embeddable":true,"href":"https:\/\/orihuela.itcyhost.es\/index.php\/wp-json\/wp\/v2\/users\/1"}],"replies":[{"embeddable":true,"href":"https:\/\/orihuela.itcyhost.es\/index.php\/wp-json\/wp\/v2\/comments?post=522"}],"version-history":[{"count":11,"href":"https:\/\/orihuela.itcyhost.es\/index.php\/wp-json\/wp\/v2\/pages\/522\/revisions"}],"predecessor-version":[{"id":1442,"href":"https:\/\/orihuela.itcyhost.es\/index.php\/wp-json\/wp\/v2\/pages\/522\/revisions\/1442"}],"up":[{"embeddable":true,"href":"https:\/\/orihuela.itcyhost.es\/index.php\/wp-json\/wp\/v2\/pages\/507"}],"wp:attachment":[{"href":"https:\/\/orihuela.itcyhost.es\/index.php\/wp-json\/wp\/v2\/media?parent=522"}],"curies":[{"name":"wp","href":"https:\/\/api.w.org\/{rel}","templated":true}]}}