{"id":525,"date":"2021-05-19T06:34:05","date_gmt":"2021-05-19T06:34:05","guid":{"rendered":"http:\/\/orihuela.itcyhost.es\/?page_id=525"},"modified":"2021-07-02T12:10:01","modified_gmt":"2021-07-02T12:10:01","slug":"que-puedes-visitar","status":"publish","type":"page","link":"https:\/\/orihuela.itcyhost.es\/index.php\/turismo\/que-puedes-visitar\/","title":{"rendered":"Qu\u00e9 puedes visitar"},"content":{"rendered":"<p>[et_pb_section fb_built=\u00bb1&#8243; _builder_version=\u00bb4.9.4&#8243; _module_preset=\u00bbdefault\u00bb][et_pb_row use_custom_gutter=\u00bbon\u00bb gutter_width=\u00bb2&#8243; _builder_version=\u00bb4.9.4&#8243; _module_preset=\u00bbdefault\u00bb width=\u00bb100%\u00bb width_tablet=\u00bb\u00bb width_phone=\u00bb90%\u00bb width_last_edited=\u00bbon|phone\u00bb max_width=\u00bb100%\u00bb][et_pb_column type=\u00bb4_4&#8243; _builder_version=\u00bb4.9.4&#8243; _module_preset=\u00bbdefault\u00bb][et_pb_text module_id=\u00bbcustom-text\u00bb _builder_version=\u00bb4.9.4&#8243; _module_preset=\u00bbdefault\u00bb hover_enabled=\u00bb0&#8243; sticky_enabled=\u00bb0&#8243;]<\/p>\n<div class=\"container\">\n<h2><strong>Qu\u00e9 puede visitar<\/strong><\/h2>\n<p>&nbsp;<\/p>\n<h2 style=\"padding-left: 40px;\">La Plaza del Ayuntamiento de Orihuela del Tremedal<\/h2>\n<p style=\"padding-left: 40px;\"><span class='et-dropcap'>E<\/span>mpezaremos este paseo por la La Plaza del ayuntamiento de Orihuela del Tremedal, lugar que es y ha sido el lugar de reuni\u00f3n por excelencia desde anta\u00f1o. Destaca por su car\u00e1cter abierto, siendo un ensanchamiento natural del terreno, en el cual los habitantes vieron el lugar id\u00f3neo para establecer este emplazamiento.<\/p>\n<p style=\"padding-left: 40px;\">Debido al car\u00e1cter ganadero y trashumante de Orihuela, este era el lugar donde se reunir\u00eda el ganado antes de partir a las dehesas o pastizales.<\/p>\n<p style=\"padding-left: 40px;\">Localizada en la parte m\u00e1s baja del pueblo, construy\u00e9ndose aqu\u00ed la m\u00e1xima expresi\u00f3n del poder civil del municipio, la casa consistorial o Ayuntamiento siglo XVIII, representaci\u00f3n de todos los ciudadanos.<\/p>\n<p style=\"padding-left: 40px;\">Adem\u00e1s de la casa consistorial, encontraremos casonas se\u00f1oriales, ejemplos del car\u00e1cter notable de Orihuela, y es adem\u00e1s sitio de encuentro neur\u00e1lgico para el municipio por sus establecimientos p\u00fablicos posicionados all\u00ed.<\/p>\n<div align=\"center\" style=\"padding-left: 40px;\"><img decoding=\"async\" loading=\"lazy\" class=\"size-full wp-image-405 alignleft\" src=\"http:\/\/orihuela.itcyhost.es\/wp-content\/uploads\/2021\/05\/plaza1-300x175.jpg\" alt=\"plaza1\" width=\"340\" height=\"198\" sizes=\"auto, (max-width: 340px) 100vw, 340px\" \/><\/div>\n<div align=\"center\" style=\"text-align: justify; padding-left: 40px;\"><img decoding=\"async\" loading=\"lazy\" class=\"size-full wp-image-406 alignright\" src=\"http:\/\/orihuela.itcyhost.es\/wp-content\/uploads\/2021\/05\/plaza2-300x175.jpg\" alt=\"plaza2\" width=\"342\" height=\"199\" sizes=\"auto, (max-width: 340px) 100vw, 340px\" \/><\/div>\n<p style=\"padding-left: 40px;\"><em><\/em><br \/><em><\/em><br \/><em><\/em><br \/><em><\/em><br \/><em><\/em><\/p>\n<p><em><\/em><\/p>\n<p><em><\/em><\/p>\n<p><em><\/em><\/p>\n<p><em><\/em><\/p>\n<p><em><\/em><\/p>\n<p style=\"padding-left: 40px;\"><em>Pero no se quede aqu\u00ed, no deje de visitar:<\/em><\/p>\n<p style=\"padding-left: 40px;\"><em><\/em><\/p>\n<div class=\"page-list page-list-ext \" style=\"padding-left: 40px;\">\n<div class=\"page-list-ext-item\" style=\"padding-left: 40px;\">\n<h3 class=\"page-list-ext-title\" style=\"padding-left: 40px;\"><a href=\"http:\/\/orihuela.itcyhost.es\/index.php\/turismo\/que-puedes-visitar\/iglesia-san-millan\/\" title=\"Iglesia San Millan\">Iglesia San Millan<\/a><\/h3>\n<div class=\"page-list-ext-item-content\" style=\"padding-left: 40px;\">Iglesia de San Millan de La Cogolla Edificio que destacada por su monumentalidad. Localizada en la parte m\u00e1s alta de Orihuela, posici\u00f3n desde la cual custodia el municipio y sobresale sobre todo el conjunto del mismo. Fue declarada Conjunto Hist\u00f3rico-Art\u00edstico jun&#8230;<\/div>\n<\/div>\n<div class=\"page-list-ext-item\" style=\"padding-left: 40px;\">\n<h3 class=\"page-list-ext-title\" style=\"padding-left: 40px;\"><a href=\"http:\/\/orihuela.itcyhost.es\/index.php\/turismo\/que-puedes-visitar\/centro-interpretacion\/\" title=\"Centro Interpretaci\u00f3n\">Centro Interpretaci\u00f3n<\/a><\/h3>\n<div class=\"page-list-ext-item-content\" style=\"padding-left: 40px;\">El Centro de interpretaci\u00f3n de la Reserva de Caza de los Montes Universales , inicia sus actividad en septiembre de 2011, inaugurada por el Alcalde en eses momento,\u00a0 Juan Vicente Aparicio, se decide su apertura, para contar y ense\u00f1ar toda la biodiversidad qu&#8230;<\/div>\n<\/div>\n<div class=\"page-list-ext-item\" style=\"padding-left: 40px;\">\n<h3 class=\"page-list-ext-title\" style=\"padding-left: 40px;\"><a href=\"http:\/\/orihuela.itcyhost.es\/index.php\/turismo\/que-puedes-visitar\/casas-y-fachadas\/\" title=\"Casas Y Fachadas\">Casas Y Fachadas<\/a><\/h3>\n<div class=\"page-list-ext-item-content\" style=\"padding-left: 40px;\">Casa Fern\u00e1ndez Rajo La casa que encontramos haciendo esquina en la plaza del Ayuntamiento, es la que anta\u00f1o fuera propiedad de la Familia de los Fern\u00e1ndez Rajo. Destaca por sus grandes proporciones que nos demuestran que quien la habito, ten\u00eda una&#8230;<\/div>\n<\/div>\n<div class=\"page-list-ext-item\" style=\"padding-left: 40px;\">\n<h3 class=\"page-list-ext-title\" style=\"padding-left: 40px;\"><a href=\"http:\/\/orihuela.itcyhost.es\/index.php\/turismo\/que-puedes-visitar\/santuario-la-virgen-del-tremedal\/\" title=\"Santuario Virgen del Tremedal\">Santuario Virgen del Tremedal<\/a><\/h3>\n<div class=\"page-list-ext-item-content\" style=\"padding-left: 40px;\">Santuario de La Virgen del Tremedal La aparici\u00f3n de la Virgen del Tremedal, hacia el S. XII; har\u00e1 que se construya un santuario en el lugar exacto de su aparici\u00f3n, el cerro del Tremedal. Como bien cuenta la historia, nuestra se\u00f1ora del tremedal se &#8230;<\/div>\n<\/div>\n<div class=\"page-list-ext-item\" style=\"padding-left: 40px;\">\n<h3 class=\"page-list-ext-title\" style=\"padding-left: 40px;\"><a href=\"http:\/\/orihuela.itcyhost.es\/index.php\/turismo\/que-puedes-visitar\/ermita-santa-barbara\/\" title=\"Ermita Santa Barbara\">Ermita Santa Barbara<\/a><\/h3>\n<div class=\"page-list-ext-item-content\" style=\"padding-left: 40px;\">ERMITA DE SANTA BARBARA Dicha Ermita se encuentra ubicada justo abajo de la conocida como Ermita del Castillo. Con el paso de los a\u00f1os, esta construcci\u00f3n cay\u00f3 en desuso y qued\u00f3 carente de inter\u00e9s bajo el esplendor y advocaci\u00f3n a Nuestra Virgen del T&#8230;<\/div>\n<div class=\"page-list-ext-item-content\" style=\"padding-left: 40px;\"><\/div>\n<h2 class=\"page-list-ext-item-content\"><strong>Galeria de Imagenes<\/strong><\/h2>\n<div class=\"page-list-ext-item-content\" style=\"padding-left: 40px;\"><\/div>\n<div class=\"page-list-ext-item-content\" style=\"padding-left: 40px;\"><\/div>\n<div class=\"page-list-ext-item-content\" style=\"padding-left: 40px;\"><\/div>\n<\/div>\n<\/div>\n<\/div>\n<p>[\/et_pb_text][et_pb_gallery gallery_ids=\u00bb684,680,672,675,681&#8243; posts_number=\u00bb16&#8243; show_title_and_caption=\u00bboff\u00bb show_pagination=\u00bboff\u00bb _builder_version=\u00bb4.9.4&#8243; _module_preset=\u00bbdefault\u00bb max_width=\u00bb80%\u00bb custom_margin=\u00bb|auto||auto|false|false\u00bb][\/et_pb_gallery][\/et_pb_column][\/et_pb_row][\/et_pb_section]<\/p>\n","protected":false},"excerpt":{"rendered":"<p>[et_pb_section fb_built=\u00bb1&#8243; _builder_version=\u00bb4.9.4&#8243; _module_preset=\u00bbdefault\u00bb][et_pb_row use_custom_gutter=\u00bbon\u00bb gutter_width=\u00bb2&#8243; _builder_version=\u00bb4.9.4&#8243; _module_preset=\u00bbdefault\u00bb width=\u00bb100%\u00bb width_tablet=\u00bb\u00bb width_phone=\u00bb90%\u00bb width_last_edited=\u00bbon|phone\u00bb max_width=\u00bb100%\u00bb][et_pb_column type=\u00bb4_4&#8243; _builder_version=\u00bb4.9.4&#8243; _module_preset=\u00bbdefault\u00bb][et_pb_text module_id=\u00bbcustom-text\u00bb _builder_version=\u00bb4.9.4&#8243; _module_preset=\u00bbdefault\u00bb hover_enabled=\u00bb0&#8243; sticky_enabled=\u00bb0&#8243;] Qu\u00e9 puede visitar &nbsp; La Plaza del Ayuntamiento de Orihuela del Tremedal mpezaremos este paseo por la La Plaza del ayuntamiento de Orihuela del Tremedal, lugar que es y ha sido el lugar de [&hellip;]<\/p>\n","protected":false},"author":1,"featured_media":0,"parent":507,"menu_order":0,"comment_status":"closed","ping_status":"closed","template":"","meta":{"_et_pb_use_builder":"on","_et_pb_old_content":"","_et_gb_content_width":"","footnotes":""},"class_list":["post-525","page","type-page","status-publish","hentry"],"_links":{"self":[{"href":"https:\/\/orihuela.itcyhost.es\/index.php\/wp-json\/wp\/v2\/pages\/525","targetHints":{"allow":["GET"]}}],"collection":[{"href":"https:\/\/orihuela.itcyhost.es\/index.php\/wp-json\/wp\/v2\/pages"}],"about":[{"href":"https:\/\/orihuela.itcyhost.es\/index.php\/wp-json\/wp\/v2\/types\/page"}],"author":[{"embeddable":true,"href":"https:\/\/orihuela.itcyhost.es\/index.php\/wp-json\/wp\/v2\/users\/1"}],"replies":[{"embeddable":true,"href":"https:\/\/orihuela.itcyhost.es\/index.php\/wp-json\/wp\/v2\/comments?post=525"}],"version-history":[{"count":11,"href":"https:\/\/orihuela.itcyhost.es\/index.php\/wp-json\/wp\/v2\/pages\/525\/revisions"}],"predecessor-version":[{"id":1468,"href":"https:\/\/orihuela.itcyhost.es\/index.php\/wp-json\/wp\/v2\/pages\/525\/revisions\/1468"}],"up":[{"embeddable":true,"href":"https:\/\/orihuela.itcyhost.es\/index.php\/wp-json\/wp\/v2\/pages\/507"}],"wp:attachment":[{"href":"https:\/\/orihuela.itcyhost.es\/index.php\/wp-json\/wp\/v2\/media?parent=525"}],"curies":[{"name":"wp","href":"https:\/\/api.w.org\/{rel}","templated":true}]}}