{"id":528,"date":"2021-05-19T06:35:39","date_gmt":"2021-05-19T06:35:39","guid":{"rendered":"http:\/\/orihuela.itcyhost.es\/?page_id=528"},"modified":"2021-07-02T12:09:46","modified_gmt":"2021-07-02T12:09:46","slug":"estancias-al-aire-libre","status":"publish","type":"page","link":"https:\/\/orihuela.itcyhost.es\/index.php\/turismo\/estancias-al-aire-libre\/","title":{"rendered":"Estancias al aire libre"},"content":{"rendered":"<p>[et_pb_section fb_built=\u00bb1&#8243; _builder_version=\u00bb4.9.4&#8243; _module_preset=\u00bbdefault\u00bb][et_pb_row _builder_version=\u00bb4.9.4&#8243; _module_preset=\u00bbdefault\u00bb width=\u00bb100%\u00bb width_tablet=\u00bb\u00bb width_phone=\u00bb90%\u00bb width_last_edited=\u00bbon|phone\u00bb max_width=\u00bb100%\u00bb][et_pb_column type=\u00bb4_4&#8243; _builder_version=\u00bb4.9.4&#8243; _module_preset=\u00bbdefault\u00bb][et_pb_text module_id=\u00bbcustom-text\u00bb _builder_version=\u00bb4.9.4&#8243; _module_preset=\u00bbdefault\u00bb hover_enabled=\u00bb0&#8243; sticky_enabled=\u00bb0&#8243;]<\/p>\n<div class=\"container\">\n<h2><strong>ESTANCIAS AL AIRE LIBRE<\/strong><\/h2>\n<ul>\n<li style=\"list-style-type: none;\">\n<ul>\n<li data-original-title=\"\" title=\"\"><strong>CAMPAMENTO MONTES UNIVERSALES<\/strong><\/li>\n<\/ul>\n<\/li>\n<\/ul>\n<p style=\"padding-left: 80px;\">Campamento juvenil situado en Orihuela del Tremedal, en un entorno tan privilegiado como el puerto de Orihuela del Tremedal y de la Comunidad de Albarrac\u00edn.<\/p>\n<p style=\"padding-left: 80px;\">Pagina de facebook:<span>\u00a0<\/span><a href=\"https:\/\/www.facebook.com\/CampamentoMontesUniversalesOrihuelaDelTremedal\/\" target=\"_blank\" rel=\"noopener noreferrer\">https:\/\/www.facebook.com\/CampamentoMontesUniversalesOrihuelaDelTremedal\/<\/a><\/p>\n<p style=\"padding-left: 80px;\">M\u00e1s informaci\u00f3n:<span>\u00a0<\/span><strong>Ayuntamiento de Orihuela del Tremedal<\/strong><br \/><strong>Direcci\u00f3n<\/strong>: Plaza del Ayuntamiento 4, 44366 Orihuela del Tremedal (Teruel)<br \/><strong>Tel\u00e9fono<\/strong>: 978714004<\/p>\n<ul>\n<li style=\"list-style-type: none;\">\n<ul>\n<li data-original-title=\"\" title=\"\"><strong>Aprovechamientos micol\u00f3gicos en la Sierra de Albarracin<\/strong><\/li>\n<\/ul>\n<\/li>\n<\/ul>\n<p style=\"padding-left: 80px;\"><a href=\"http:\/\/www.comunidaddealbarracin.org\/index.php\">http:\/\/www.comunidaddealbarracin.org\/index.php<\/a><\/p>\n<p style=\"padding-left: 80px;\"><a href=\"http:\/\/www.comunidaddealbarracin.org\/index.php?id_cms_category=3&amp;controller=cms\">http:\/\/www.comunidaddealbarracin.org\/index.php?id_cms_category=3&amp;controller=cms<\/a><\/p>\n<ul>\n<li style=\"list-style-type: none;\">\n<ul>\n<li style=\"list-style-type: none;\">\n<ul>\n<li data-original-title=\"\" title=\"\"><a href=\"http:\/\/orihuela.itcyhost.es\/index.php\/turismo\/estancias-al-aire-libre\/merenderos-y-refugios\/\" target=\"_blank\" rel=\"noopener\"><strong>Merenderos y Refugios<\/strong><\/a><strong>\u00a0<\/strong><span>\u00a0<\/span><em>(enlace en p\u00e1gina nueva)<\/em><strong><br \/><\/strong><em><\/em><\/li>\n<li data-original-title=\"\" title=\"\"><strong>Paisajes Naturales<\/strong><\/li>\n<\/ul>\n<\/li>\n<\/ul>\n<\/li>\n<\/ul>\n<p style=\"padding-left: 120px;\">Orihuela es el para\u00edso para los amantes de la naturaleza, su entorno refleja toda la riqueza y patrimonio natural que nuestro municipio posee. Si hay algo que la caracteriza son\u00a0 sus extensos pinares de pino albar que muchas veces afloran entre enormes bloques de roca caliza creando paisajes \u00fanicos. En nuestro termino municipal se localiza el Pico Caimodorro, \u00a0lugar privilegiado, uno de los parajes m\u00e1s espectaculares de nuestra comarca, rebosante de naturaleza y testigo algunos de los eventos deportivos con m\u00e1s transcendencia realizados en nuestra comarca, donde los participantes tienen el privilegio de coronar el pico m\u00e1s alto de la Sierra de Albarrac\u00edn, El Caimodorro, que roza los 2000 metros de altitud.<\/p>\n<p style=\"padding-left: 120px;\">En sus alrededores encontramos el nacimiento del rio Gallo, afluente del Tajo ya en Guadalajara, que atraviesa el pueblo y riega sus huertas. Su nacimiento se localiza en un paraje \u00fanico, siendo sus aguas de las m\u00e1s ricas de la comarca. En el municipio encontramos la fuente en su honor, s\u00edmbolo por excelencia de Orihuela y sus habitantes.<\/p>\n<p style=\"padding-left: 120px;\">Infinidad de miradores naturales, nos acercan a sus magn\u00edficos paisajes, pero s\u00ed de vistas\u00a0 que nos dejan sin aliento hablamos, no podemos dejar de visitar el Cerro del Tremedal desde all\u00ed podremos vislumbrar varios de los pueblos lim\u00edtrofes as\u00ed como la impresionante masa de pinar que compone los montes de Orihuela, donde tambi\u00e9n veremos el Santuario de la Virgen del Tremedal.<\/p>\n<p style=\"padding-left: 120px;\">Por su singularidad destacamos dos formaciones de \u00e9poca periglaciar, los r\u00edos de piedra o \u00abcanchales\u00bb y los humedales o \u00abtremedales\u00bb. Los r\u00edos de piedra, son laderas de bloques de cuarcita que fueron partidos por la acci\u00f3n hielo-deshielo del cuaternario y que con el tiempo fueron formando est\u00e1n llamativas formaciones. Los Tremedales, que adem\u00e1s apellidan a Orihuela, son formaciones de la misma \u00e9poca, donde adem\u00e1s de otras caracter\u00edsticas crece una curiosa planta carn\u00edvora, la Drosera Rotundifolia.<\/p>\n<p style=\"padding-left: 120px;\">Tal el su encanto, que el Prado de los Gigantes nos deja sin aliento, cuando lo visitamos, por no hablar del Rosco de Piedra detr\u00e1s de Santa B\u00e1rbara, sitios todos de impecable belleza natural y calma sin igual.<\/p>\n<p style=\"padding-left: 120px;\">Alberga otros parajes de importancia como Cerro Marinero, El Pic\u00f3n, Muela Peque\u00f1a\u2026 As\u00ed como fuentes y merenderos para disfrutar de un d\u00eda de campo o simplemente de la naturaleza, perfectos para pasar el d\u00eda en familia, adem\u00e1s refugios para los m\u00e1s aventureros.<\/p>\n<p style=\"padding-left: 120px;\">Orihuela rebosa de naturaleza.<\/p>\n<\/div>\n<p>[\/et_pb_text][\/et_pb_column][\/et_pb_row][\/et_pb_section]<\/p>\n","protected":false},"excerpt":{"rendered":"<p>[et_pb_section fb_built=\u00bb1&#8243; _builder_version=\u00bb4.9.4&#8243; _module_preset=\u00bbdefault\u00bb][et_pb_row _builder_version=\u00bb4.9.4&#8243; _module_preset=\u00bbdefault\u00bb width=\u00bb100%\u00bb width_tablet=\u00bb\u00bb width_phone=\u00bb90%\u00bb width_last_edited=\u00bbon|phone\u00bb max_width=\u00bb100%\u00bb][et_pb_column type=\u00bb4_4&#8243; _builder_version=\u00bb4.9.4&#8243; _module_preset=\u00bbdefault\u00bb][et_pb_text module_id=\u00bbcustom-text\u00bb _builder_version=\u00bb4.9.4&#8243; _module_preset=\u00bbdefault\u00bb hover_enabled=\u00bb0&#8243; sticky_enabled=\u00bb0&#8243;] ESTANCIAS AL AIRE LIBRE CAMPAMENTO MONTES UNIVERSALES Campamento juvenil situado en Orihuela del Tremedal, en un entorno tan privilegiado como el puerto de Orihuela del Tremedal y de la Comunidad de Albarrac\u00edn. Pagina de facebook:\u00a0https:\/\/www.facebook.com\/CampamentoMontesUniversalesOrihuelaDelTremedal\/ M\u00e1s [&hellip;]<\/p>\n","protected":false},"author":1,"featured_media":0,"parent":507,"menu_order":0,"comment_status":"closed","ping_status":"closed","template":"","meta":{"_et_pb_use_builder":"on","_et_pb_old_content":"","_et_gb_content_width":"","footnotes":""},"class_list":["post-528","page","type-page","status-publish","hentry"],"_links":{"self":[{"href":"https:\/\/orihuela.itcyhost.es\/index.php\/wp-json\/wp\/v2\/pages\/528","targetHints":{"allow":["GET"]}}],"collection":[{"href":"https:\/\/orihuela.itcyhost.es\/index.php\/wp-json\/wp\/v2\/pages"}],"about":[{"href":"https:\/\/orihuela.itcyhost.es\/index.php\/wp-json\/wp\/v2\/types\/page"}],"author":[{"embeddable":true,"href":"https:\/\/orihuela.itcyhost.es\/index.php\/wp-json\/wp\/v2\/users\/1"}],"replies":[{"embeddable":true,"href":"https:\/\/orihuela.itcyhost.es\/index.php\/wp-json\/wp\/v2\/comments?post=528"}],"version-history":[{"count":8,"href":"https:\/\/orihuela.itcyhost.es\/index.php\/wp-json\/wp\/v2\/pages\/528\/revisions"}],"predecessor-version":[{"id":1434,"href":"https:\/\/orihuela.itcyhost.es\/index.php\/wp-json\/wp\/v2\/pages\/528\/revisions\/1434"}],"up":[{"embeddable":true,"href":"https:\/\/orihuela.itcyhost.es\/index.php\/wp-json\/wp\/v2\/pages\/507"}],"wp:attachment":[{"href":"https:\/\/orihuela.itcyhost.es\/index.php\/wp-json\/wp\/v2\/media?parent=528"}],"curies":[{"name":"wp","href":"https:\/\/api.w.org\/{rel}","templated":true}]}}