{"id":531,"date":"2021-05-19T06:36:17","date_gmt":"2021-05-19T06:36:17","guid":{"rendered":"http:\/\/orihuela.itcyhost.es\/?page_id=531"},"modified":"2021-07-02T12:10:01","modified_gmt":"2021-07-02T12:10:01","slug":"rutas-senderos-interes","status":"publish","type":"page","link":"https:\/\/orihuela.itcyhost.es\/index.php\/turismo\/rutas-senderos-interes\/","title":{"rendered":"Rutas senderos inter\u00e9s"},"content":{"rendered":"<p>[et_pb_section fb_built=\u00bb1&#8243; _builder_version=\u00bb4.9.4&#8243; _module_preset=\u00bbdefault\u00bb][et_pb_row _builder_version=\u00bb4.9.4&#8243; _module_preset=\u00bbdefault\u00bb width=\u00bb100%\u00bb width_tablet=\u00bb\u00bb width_phone=\u00bb90%\u00bb width_last_edited=\u00bbon|phone\u00bb max_width=\u00bb100%\u00bb hover_enabled=\u00bb0&#8243; sticky_enabled=\u00bb0&#8243;][et_pb_column type=\u00bb4_4&#8243; _builder_version=\u00bb4.9.4&#8243; _module_preset=\u00bbdefault\u00bb][et_pb_text module_id=\u00bbcustom-text\u00bb _builder_version=\u00bb4.9.4&#8243; _module_preset=\u00bbdefault\u00bb hover_enabled=\u00bb0&#8243; sticky_enabled=\u00bb0&#8243;]<\/p>\n<div class=\"container\">\n<h2><strong>RUTAS Y SENDEROS DE INTERES<\/strong><\/h2>\n<p align=\"justify\" style=\"padding-left: 40px;\"><b>SENDEROS GR (Gran recorrido)<\/b><\/p>\n<p align=\"justify\" style=\"padding-left: 80px;\">Si por algo se caracteriza Orihuela es por la cantidad de senderos que componen sus alrededores, cantidad de rutas que nos acercan a su bello entorno y nos muestran su inmenso patrimonio natural en todo su esplendor, as\u00ed como sus alrededores, acerc\u00e1ndonos tambi\u00e9n a los pueblos y sus enclaves cercanos.<\/p>\n<p align=\"justify\" style=\"padding-left: 80px;\">As\u00ed pues contamos con senderos homologados como son los GR, senderos de Gran recorrido. Estos senderos se caracterizan por estar se\u00f1alizados por una marca blanca y roja. A su paso por Orihuela encontramos el GR.10, GR 10.1 y GR.160.<\/p>\n<p align=\"justify\" style=\"padding-left: 80px;\">En el enlace localizado poco m\u00e1s abajo les acerca al buscador de rutas de FAM (Federaci\u00f3n Aragonesa de Monta\u00f1ismo) pod\u00e9is encontrar toda la informaci\u00f3n relativa a este tipo de senderos, explicaci\u00f3n de la ruta, mapa, duraci\u00f3n, dificultad, etc.<\/p>\n<p align=\"justify\" style=\"padding-left: 80px;\"><a href=\"http:\/\/www.senderosfam.es\/buscador\" target=\"_top\" rel=\"noopener\">http:\/\/www.senderosfam.es\/buscador<\/a><\/p>\n<p align=\"justify\" style=\"padding-left: 40px;\"><b>SENDEROS LOCALES SL<\/b><\/p>\n<p align=\"justify\" style=\"padding-left: 80px;\">Los Senderos Locales no pod\u00edan faltar, discurren por el t\u00e9rmino municipal de Orihuela y adentr\u00e1ndonos en ellos, recorreremos los puntos m\u00e1s llamativos del mismo, sus enclaves m\u00e1s destacados y nos ayudaran a descubrir todos los recursos naturales, su variada e inmensa fauna y flora. Fuentes, merenderos, miradores, enclaves naturales que destacan por su singularidad, como los conocidos rios de piedra o popularmente llamados canchales, los humedales que el pueblo conoce como Tremedales dando apellido a Orihuela. Tambien\u00a0 parte de su arquitectura, el Santuario de la virgen del Tremedal, sus ermitas y refugios que nos muestran su rico pasado hist\u00f3rico. Estos senderos se distinguen por estar se\u00f1alizados por una marca verde y blanca.<\/p>\n<p align=\"justify\" style=\"padding-left: 80px;\">En el enlace localizado poco m\u00e1s abajo os lleva al buscador de rutas de FAM (Federaci\u00f3n aragonesa de Monta\u00f1ismo) pod\u00e9is encontrar toda la informaci\u00f3n relativa a este tipo de senderos, explicaci\u00f3n de la ruta, mapa, duraci\u00f3n, dificultad, etc.<\/p>\n<p align=\"justify\" style=\"padding-left: 80px;\"><a href=\"http:\/\/www.senderosfam.es\/buscador\" target=\"_top\" rel=\"noopener\">http:\/\/www.senderosfam.es\/buscador<\/a><\/p>\n<p align=\"justify\" style=\"padding-left: 40px;\"><b>SENDEROS PR (peque\u00f1o recorrido)<\/b><\/p>\n<p align=\"justify\" style=\"padding-left: 80px;\">Otros de los senderos homologados que podemos encontrar por toda la Sierra de Albarrac\u00edn, nos acercan al inmenso patrimonio que alberga la sierra de Albarrac\u00edn, a cada uno de sus pueblos, a sus recursos naturales, a su arquitectura, pudiendo asi hacernos una idea general de lo que ofrece nuestra Sierra.<\/p>\n<p align=\"justify\" style=\"padding-left: 80px;\">Se pueden realizar multitud de rutas, aparte de las citadas en los GR y SL, con los PR-TE 1, PR-TE 2, PR-TE 3, PR-TE 4 y PR-TE 5, existen distintas rutas marcadas por los propios municipios.<\/p>\n<p style=\"padding-left: 80px;\"><b>PR-TE 1:<\/b><span>\u00a0<\/span>Guadalaviar \u2013 Villar del Cobo \u2013 Tramacastilla \u2013 Torres de Albarrac\u00edn \u2013 Albarrac\u00edn \u2013 Gea de Albarrac\u00edn \u2013 Bezas (58 km).<\/p>\n<p style=\"padding-left: 80px;\"><b>PR-TE 2:<\/b><span>\u00a0<\/span>Albarrac\u00edn \u2013 Royuela \u2013 Calomarde \u2013 Fr\u00edas de Albarrac\u00edn \u2013 Nacimiento del Tajo (48 km).<\/p>\n<p style=\"padding-left: 80px;\"><b>PR-TE 3:<\/b><span>\u00a0<\/span>Bronchales \u2013 Noguera \u2013 Tramacastilla \u2013 Calomarde \u2013 Moscard\u00f3n \u2013 Terriente \u2013 Masegoso (39 km).<\/p>\n<p style=\"padding-left: 80px;\"><b>PR-TE 4:<\/b><span>\u00a0<\/span>Torres de Albarrac\u00edn \u2013 Monterde de Albarrac\u00edn \u2013 Pozond\u00f3n \u2013 Almohaja \u2013 Peracense \u2013 R\u00f3denas (47 km).<\/p>\n<p style=\"padding-left: 80px;\"><b>PR-TE 5:<span>\u00a0<\/span><\/b>Albarrac\u00edn \u2013 Sald\u00f3n \u2013 Valdecuenca \u2013 Jabaloyas.<\/p>\n<p style=\"padding-left: 80px;\">Os dejamos el enlace al buscador de FAM (Federaci\u00f3n Aragonesa de Monta\u00f1ismo), donde podr\u00e9is buscar y encontrar toda la informaci\u00f3n sobre estas rutas.<\/p>\n<p align=\"justify\" style=\"padding-left: 80px;\"><a href=\"http:\/\/www.senderosfam.es\/buscador\/\" target=\"_top\" rel=\"noopener\">http:\/\/www.senderosfam.es\/buscador\/<\/a><\/p>\n<p align=\"justify\" style=\"padding-left: 40px;\"><b>RUTAS ECUESTRES<\/b><\/p>\n<p align=\"justify\" style=\"padding-left: 80px;\">Los alrededores de Orihuela ofrecen como ya hemos visto cantidad de rutas que realizar, todas ellas id\u00f3neas para ser realizadas a caballo. Si eres aficionado al mundo ecuestre, los alrededores ofrecen maravillosos rincones para ser descubiertos a caballo, donde tanto los animales como sus due\u00f1os disfrutaran de parajes inolvidables y llenos de magia, colores y olores que llenan cada sentido.<\/p>\n<p align=\"justify\" style=\"padding-left: 80px;\">Podr\u00e9is conocer Orihuela desde otra perspectiva.<\/p>\n<h2 style=\"padding-left: 40px;\">Camino del Cid<\/h2>\n<p style=\"padding-left: 80px;\">Toda la informaci\u00f3n sobre el camino del Cid y su paso por Orihuela del Tremedal en los siguientes enlaces.<\/p>\n<p style=\"padding-left: 80px;\">Pagina web del camino del Cid a su paso por<span>\u00a0<\/span><a href=\"http:\/\/www.caminodelcid.org\/localidades\/orihuela-del-tremedal-587622\/\" target=\"_blank\" rel=\"noopener noreferrer\">Orihuela del Tremedal<\/a><\/p>\n<p style=\"padding-left: 80px;\">Pagina web del camino del Cid:<span>\u00a0<\/span><a href=\"http:\/\/www.caminodelcid.org\/\" target=\"_blank\" rel=\"noopener noreferrer\">http:\/\/www.caminodelcid.org<\/a><\/p>\n<h2 style=\"padding-left: 40px;\">Senderos de Arag\u00f3n<\/h2>\n<p style=\"padding-left: 80px;\">http:\/\/senderosturisticos.turismodearagon.com\/buscador\/<\/p>\n<p style=\"padding-left: 80px;\">http:\/\/senderosturisticos.turismodearagon.com\/<\/p>\n<\/div>\n<p>[\/et_pb_text][\/et_pb_column][\/et_pb_row][\/et_pb_section]<\/p>\n","protected":false},"excerpt":{"rendered":"<p>[et_pb_section fb_built=\u00bb1&#8243; _builder_version=\u00bb4.9.4&#8243; _module_preset=\u00bbdefault\u00bb][et_pb_row _builder_version=\u00bb4.9.4&#8243; _module_preset=\u00bbdefault\u00bb width=\u00bb100%\u00bb width_tablet=\u00bb\u00bb width_phone=\u00bb90%\u00bb width_last_edited=\u00bbon|phone\u00bb max_width=\u00bb100%\u00bb hover_enabled=\u00bb0&#8243; sticky_enabled=\u00bb0&#8243;][et_pb_column type=\u00bb4_4&#8243; _builder_version=\u00bb4.9.4&#8243; _module_preset=\u00bbdefault\u00bb][et_pb_text module_id=\u00bbcustom-text\u00bb _builder_version=\u00bb4.9.4&#8243; _module_preset=\u00bbdefault\u00bb hover_enabled=\u00bb0&#8243; sticky_enabled=\u00bb0&#8243;] RUTAS Y SENDEROS DE INTERES SENDEROS GR (Gran recorrido) Si por algo se caracteriza Orihuela es por la cantidad de senderos que componen sus alrededores, cantidad de rutas que nos acercan a su bello [&hellip;]<\/p>\n","protected":false},"author":1,"featured_media":0,"parent":507,"menu_order":0,"comment_status":"closed","ping_status":"closed","template":"","meta":{"_et_pb_use_builder":"on","_et_pb_old_content":"","_et_gb_content_width":"","footnotes":""},"class_list":["post-531","page","type-page","status-publish","hentry"],"_links":{"self":[{"href":"https:\/\/orihuela.itcyhost.es\/index.php\/wp-json\/wp\/v2\/pages\/531","targetHints":{"allow":["GET"]}}],"collection":[{"href":"https:\/\/orihuela.itcyhost.es\/index.php\/wp-json\/wp\/v2\/pages"}],"about":[{"href":"https:\/\/orihuela.itcyhost.es\/index.php\/wp-json\/wp\/v2\/types\/page"}],"author":[{"embeddable":true,"href":"https:\/\/orihuela.itcyhost.es\/index.php\/wp-json\/wp\/v2\/users\/1"}],"replies":[{"embeddable":true,"href":"https:\/\/orihuela.itcyhost.es\/index.php\/wp-json\/wp\/v2\/comments?post=531"}],"version-history":[{"count":8,"href":"https:\/\/orihuela.itcyhost.es\/index.php\/wp-json\/wp\/v2\/pages\/531\/revisions"}],"predecessor-version":[{"id":1454,"href":"https:\/\/orihuela.itcyhost.es\/index.php\/wp-json\/wp\/v2\/pages\/531\/revisions\/1454"}],"up":[{"embeddable":true,"href":"https:\/\/orihuela.itcyhost.es\/index.php\/wp-json\/wp\/v2\/pages\/507"}],"wp:attachment":[{"href":"https:\/\/orihuela.itcyhost.es\/index.php\/wp-json\/wp\/v2\/media?parent=531"}],"curies":[{"name":"wp","href":"https:\/\/api.w.org\/{rel}","templated":true}]}}