{"id":595,"date":"2021-05-19T09:03:59","date_gmt":"2021-05-19T09:03:59","guid":{"rendered":"http:\/\/orihuela.itcyhost.es\/?page_id=595"},"modified":"2021-07-02T12:09:46","modified_gmt":"2021-07-02T12:09:46","slug":"estructura-socio-economica","status":"publish","type":"page","link":"https:\/\/orihuela.itcyhost.es\/index.php\/turismo\/historia\/estructura-socio-economica\/","title":{"rendered":"Estructura socio econ\u00f3mica"},"content":{"rendered":"<p>[et_pb_section fb_built=\u00bb1&#8243; _builder_version=\u00bb4.9.4&#8243; _module_preset=\u00bbdefault\u00bb][et_pb_row _builder_version=\u00bb4.9.4&#8243; _module_preset=\u00bbdefault\u00bb width=\u00bb100%\u00bb width_tablet=\u00bb\u00bb width_phone=\u00bb90%\u00bb width_last_edited=\u00bbon|phone\u00bb max_width=\u00bb100%\u00bb][et_pb_column type=\u00bb4_4&#8243; _builder_version=\u00bb4.9.4&#8243; _module_preset=\u00bbdefault\u00bb][et_pb_text module_id=\u00bbcustom-text\u00bb _builder_version=\u00bb4.9.4&#8243; _module_preset=\u00bbdefault\u00bb hover_enabled=\u00bb0&#8243; sticky_enabled=\u00bb0&#8243;]<\/p>\n<div class=\"container\">\n<h2><strong>ESTRUCTURA SOCIO-ECON\u00d3MICA<\/strong><\/h2>\n<p><strong>\u00a0<\/strong><\/p>\n<p><span lang=\"es-ES\"><span><strong><span class='et-dropcap'>A<\/span><\/strong><\/span> mediados del siglo XX la explotaci\u00f3n del hierro se convirti\u00f3 en la industria artesana del municipio, debido a la riqueza del subsuelo, se pudo explotar este material, lo que dio importancia econ\u00f3mica y reconocimiento al mismo, muestra de esta significaci\u00f3n encontramos los precioso trabajos de forja colocados en puertas balcones y ventanas de Orihuela y como vestigio minero encontramos a unos kil\u00f3metros del pueblo el merendero de la mina.<\/span><span lang=\"es-ES\"><span>\u00a0<\/span>El edificio que encontramos en este paraje se construy\u00f3 en la segunda mitad del S.XX, est\u00e1 situado donde se localizaban las antiguas minas de hierro, aunque solo se conserva un solo edificio, es la muestra de nuestro pasado minero.<\/span><\/p>\n<p><span lang=\"es-ES\">Por supuesto la explotaci\u00f3n y trabajo de la madera ha sido la mayor fuente de ingresos del Orihuela. Contamos con la explotaci\u00f3n forestal m\u00e1s importante de Arag\u00f3n, debido a la gran cantidad de masa forestal, la facilidad de penetraci\u00f3n al monte por los caminos forestales realizados para ello y la calidad de la madera, sacada mayoritariamente del Pino Albar o pino Silvestre, la especie predominante en nuestro montes, que posee las cualidades id\u00f3neas para que el trabajo realizado en ella, sea inmejorable.<\/span><\/p>\n<p><span lang=\"es-ES\">Desde tiempos antiguos el trabajo de la madera ha sido el factor econ\u00f3mico predominante en Orihuela, en un principio con las herramientas m\u00e1s rudimentarias, serrar a mano, pelar los pinos y trasladarlos mediante los burros o caballos de trabajo, pasando d\u00edas y d\u00edas en el monte, para m\u00e1s adelante modernizarse, construirse las serrer\u00edas y carpinter\u00edas, de las cuales Orihuela ha llegado a tener hasta 100, siendo este tipo de explotaci\u00f3n el motor que ha empujado econ\u00f3micamente y socialmente Orihuela hasta nuestros d\u00edas.<\/span><\/p>\n<p><span lang=\"es-ES\">Hoy en d\u00eda el Turismo es otra de las formas de vida de Orihuela debido a la gran cantidad de recursos que ofrece, tanto patrimoniales como naturales, y es otro de los factores m\u00e1s importantes en su econom\u00eda y que m\u00e1s ingresos y reconocimiento proporciona a la localidad. Hoy en d\u00eda los esfuerzos municipales se encaran a atraer turismo, gracias a nuestros tres ases, Historia, Arquitectura y Medio natural. Sin dejar por supuesto de atender las demandas de otros sectores que hagan que Orihuela siga siendo un pueblo pr\u00f3spero.<\/span><\/p>\n<\/div>\n<p>[\/et_pb_text][\/et_pb_column][\/et_pb_row][\/et_pb_section]<\/p>\n","protected":false},"excerpt":{"rendered":"<p>[et_pb_section fb_built=\u00bb1&#8243; _builder_version=\u00bb4.9.4&#8243; _module_preset=\u00bbdefault\u00bb][et_pb_row _builder_version=\u00bb4.9.4&#8243; _module_preset=\u00bbdefault\u00bb width=\u00bb100%\u00bb width_tablet=\u00bb\u00bb width_phone=\u00bb90%\u00bb width_last_edited=\u00bbon|phone\u00bb max_width=\u00bb100%\u00bb][et_pb_column type=\u00bb4_4&#8243; _builder_version=\u00bb4.9.4&#8243; _module_preset=\u00bbdefault\u00bb][et_pb_text module_id=\u00bbcustom-text\u00bb _builder_version=\u00bb4.9.4&#8243; _module_preset=\u00bbdefault\u00bb hover_enabled=\u00bb0&#8243; sticky_enabled=\u00bb0&#8243;] ESTRUCTURA SOCIO-ECON\u00d3MICA \u00a0 mediados del siglo XX la explotaci\u00f3n del hierro se convirti\u00f3 en la industria artesana del municipio, debido a la riqueza del subsuelo, se pudo explotar este material, lo que dio importancia econ\u00f3mica y [&hellip;]<\/p>\n","protected":false},"author":1,"featured_media":0,"parent":516,"menu_order":0,"comment_status":"closed","ping_status":"closed","template":"","meta":{"_et_pb_use_builder":"on","_et_pb_old_content":"","_et_gb_content_width":"","footnotes":""},"class_list":["post-595","page","type-page","status-publish","hentry"],"_links":{"self":[{"href":"https:\/\/orihuela.itcyhost.es\/index.php\/wp-json\/wp\/v2\/pages\/595","targetHints":{"allow":["GET"]}}],"collection":[{"href":"https:\/\/orihuela.itcyhost.es\/index.php\/wp-json\/wp\/v2\/pages"}],"about":[{"href":"https:\/\/orihuela.itcyhost.es\/index.php\/wp-json\/wp\/v2\/types\/page"}],"author":[{"embeddable":true,"href":"https:\/\/orihuela.itcyhost.es\/index.php\/wp-json\/wp\/v2\/users\/1"}],"replies":[{"embeddable":true,"href":"https:\/\/orihuela.itcyhost.es\/index.php\/wp-json\/wp\/v2\/comments?post=595"}],"version-history":[{"count":8,"href":"https:\/\/orihuela.itcyhost.es\/index.php\/wp-json\/wp\/v2\/pages\/595\/revisions"}],"predecessor-version":[{"id":1446,"href":"https:\/\/orihuela.itcyhost.es\/index.php\/wp-json\/wp\/v2\/pages\/595\/revisions\/1446"}],"up":[{"embeddable":true,"href":"https:\/\/orihuela.itcyhost.es\/index.php\/wp-json\/wp\/v2\/pages\/516"}],"wp:attachment":[{"href":"https:\/\/orihuela.itcyhost.es\/index.php\/wp-json\/wp\/v2\/media?parent=595"}],"curies":[{"name":"wp","href":"https:\/\/api.w.org\/{rel}","templated":true}]}}