{"id":598,"date":"2021-05-19T09:04:38","date_gmt":"2021-05-19T09:04:38","guid":{"rendered":"http:\/\/orihuela.itcyhost.es\/?page_id=598"},"modified":"2021-07-02T12:09:46","modified_gmt":"2021-07-02T12:09:46","slug":"forja","status":"publish","type":"page","link":"https:\/\/orihuela.itcyhost.es\/index.php\/turismo\/historia\/forja\/","title":{"rendered":"La Forja"},"content":{"rendered":"<p>[et_pb_section fb_built=\u00bb1&#8243; _builder_version=\u00bb4.9.4&#8243; _module_preset=\u00bbdefault\u00bb][et_pb_row _builder_version=\u00bb4.9.4&#8243; _module_preset=\u00bbdefault\u00bb width=\u00bb100%\u00bb width_tablet=\u00bb\u00bb width_phone=\u00bb90%\u00bb width_last_edited=\u00bbon|phone\u00bb max_width=\u00bb100%\u00bb][et_pb_column type=\u00bb4_4&#8243; _builder_version=\u00bb4.9.4&#8243; _module_preset=\u00bbdefault\u00bb][et_pb_text module_id=\u00bbcustom-text\u00bb _builder_version=\u00bb4.9.4&#8243; _module_preset=\u00bbdefault\u00bb hover_enabled=\u00bb0&#8243; sticky_enabled=\u00bb0&#8243;]<\/p>\n<div class=\"container\">\n<h2><strong>FORJA<\/strong><\/h2>\n<p>&nbsp;<\/p>\n<p style=\"padding-left: 40px;\"><span class='et-dropcap'>O<\/span>rihuela posee varios de los ejemplos m\u00e1s bellos y trabajados de la forja de la Comarca de la Sierra de Albarracin.<br \/>\nDebido al establecimiento en Orihuela de diversas familias se\u00f1oriales, las cuales gozaban de una buena posici\u00f3n social y econ\u00f3mica, podemos contemplar bonitos trabajos de hierro forjado en ventanas, balcones, detalles decorativos\u2026<\/p>\n<p style=\"padding-left: 40px;\"><span><span lang=\"es-ES\"><img decoding=\"async\" loading=\"lazy\" class=\"size-medium wp-image-780 alignleft\" src=\"http:\/\/orihuela.itcyhost.es\/wp-content\/uploads\/2021\/05\/foto-para-apartado-forja-200x300.jpg\" alt=\"\" width=\"200\" height=\"300\" sizes=\"auto, (max-width: 200px) 100vw, 200px\" \/>La forja ha sido desde la antig\u00fcedad una forma de expresi\u00f3n de los habitantes de una poblaci\u00f3n, las familias se\u00f1oriales demostraban con ellas su posici\u00f3n social, su religiosidad, entre otras curiosas manifestaciones. Exhib\u00edan as\u00ed su renombre y la belleza de las mismas.<\/span><\/span><\/p>\n<p lang=\"es-ES\" style=\"padding-left: 40px;\"><span>Las familias menos pudientes, no carec\u00edan de forja en sus casas, por supuesto no tan llamativa pero con el mismo significada que las familias se\u00f1oriales.<\/span><\/p>\n<p lang=\"es-ES\" style=\"padding-left: 40px;\"><span>Pr\u00e1cticamente desde que Orihuela se fund\u00f3, parece ser que los primeros habitantes se asentaron y creciendo alrededor de unas casas construidas al lado de una fundici\u00f3n de hierro, as\u00ed que la tradici\u00f3n herrera del municipio es profunda.<\/span><\/p>\n<p style=\"padding-left: 40px;\"><span><span lang=\"es-ES\">M\u00e1s adelante, sabiendo que la riqueza del subsuelo era el hierro, a mediados del S.XX se comenz\u00f3 a explotar el hierro en unas minas situadas en los alrededores de Orihuela lo que continuo con el trabajo e la forja unido al municipio.<\/span><\/span><\/p>\n<p lang=\"es-ES\" style=\"padding-left: 40px;\"><span><a href=\"http:\/\/www.orihueladeltremedal.es\/wp-content\/uploads\/sites\/109\/2017\/06\/foto-forja.jpg\" data-slb-active=\"1\" data-slb-asset=\"294649539\" data-slb-internal=\"0\" data-slb-group=\"778\"><img decoding=\"async\" loading=\"lazy\" class=\"alignright wp-image-782 size-thumbnail\" src=\"http:\/\/orihuela.itcyhost.es\/wp-content\/uploads\/2021\/05\/foto-forja.jpg\" alt=\"\" width=\"150\" height=\"150\" \/><\/a>Hoy en d\u00eda esta tradici\u00f3n que viene de anta\u00f1o no se ha perdido, y se pueden contemplar tanto los antiguos trabajos de forja en las grandes casonas, como los actuales labores en forja que decoran todo el pueblo, encontrado bonitos detalles que engalanan las calles, y que nos recuerdan y demuestran que el hierro ha sido uno de nuestras principales fuentes de trabajo.<\/span><\/p>\n<\/div>\n<p>[\/et_pb_text][\/et_pb_column][\/et_pb_row][\/et_pb_section]<\/p>\n","protected":false},"excerpt":{"rendered":"<p>[et_pb_section fb_built=\u00bb1&#8243; _builder_version=\u00bb4.9.4&#8243; _module_preset=\u00bbdefault\u00bb][et_pb_row _builder_version=\u00bb4.9.4&#8243; _module_preset=\u00bbdefault\u00bb width=\u00bb100%\u00bb width_tablet=\u00bb\u00bb width_phone=\u00bb90%\u00bb width_last_edited=\u00bbon|phone\u00bb max_width=\u00bb100%\u00bb][et_pb_column type=\u00bb4_4&#8243; _builder_version=\u00bb4.9.4&#8243; _module_preset=\u00bbdefault\u00bb][et_pb_text module_id=\u00bbcustom-text\u00bb _builder_version=\u00bb4.9.4&#8243; _module_preset=\u00bbdefault\u00bb hover_enabled=\u00bb0&#8243; sticky_enabled=\u00bb0&#8243;] FORJA &nbsp; rihuela posee varios de los ejemplos m\u00e1s bellos y trabajados de la forja de la Comarca de la Sierra de Albarracin. Debido al establecimiento en Orihuela de diversas familias se\u00f1oriales, las cuales gozaban de [&hellip;]<\/p>\n","protected":false},"author":1,"featured_media":0,"parent":516,"menu_order":0,"comment_status":"closed","ping_status":"closed","template":"","meta":{"_et_pb_use_builder":"on","_et_pb_old_content":"","_et_gb_content_width":"","footnotes":""},"class_list":["post-598","page","type-page","status-publish","hentry"],"_links":{"self":[{"href":"https:\/\/orihuela.itcyhost.es\/index.php\/wp-json\/wp\/v2\/pages\/598","targetHints":{"allow":["GET"]}}],"collection":[{"href":"https:\/\/orihuela.itcyhost.es\/index.php\/wp-json\/wp\/v2\/pages"}],"about":[{"href":"https:\/\/orihuela.itcyhost.es\/index.php\/wp-json\/wp\/v2\/types\/page"}],"author":[{"embeddable":true,"href":"https:\/\/orihuela.itcyhost.es\/index.php\/wp-json\/wp\/v2\/users\/1"}],"replies":[{"embeddable":true,"href":"https:\/\/orihuela.itcyhost.es\/index.php\/wp-json\/wp\/v2\/comments?post=598"}],"version-history":[{"count":8,"href":"https:\/\/orihuela.itcyhost.es\/index.php\/wp-json\/wp\/v2\/pages\/598\/revisions"}],"predecessor-version":[{"id":1456,"href":"https:\/\/orihuela.itcyhost.es\/index.php\/wp-json\/wp\/v2\/pages\/598\/revisions\/1456"}],"up":[{"embeddable":true,"href":"https:\/\/orihuela.itcyhost.es\/index.php\/wp-json\/wp\/v2\/pages\/516"}],"wp:attachment":[{"href":"https:\/\/orihuela.itcyhost.es\/index.php\/wp-json\/wp\/v2\/media?parent=598"}],"curies":[{"name":"wp","href":"https:\/\/api.w.org\/{rel}","templated":true}]}}