{"id":600,"date":"2021-05-19T09:05:14","date_gmt":"2021-05-19T09:05:14","guid":{"rendered":"http:\/\/orihuela.itcyhost.es\/?page_id=600"},"modified":"2021-07-02T12:09:46","modified_gmt":"2021-07-02T12:09:46","slug":"patrimonio-arquitectonico","status":"publish","type":"page","link":"https:\/\/orihuela.itcyhost.es\/index.php\/turismo\/historia\/patrimonio-arquitectonico\/","title":{"rendered":"Patrimonio arquitect\u00f3nico"},"content":{"rendered":"<p>[et_pb_section fb_built=\u00bb1&#8243; _builder_version=\u00bb4.9.4&#8243; _module_preset=\u00bbdefault\u00bb][et_pb_row _builder_version=\u00bb4.9.4&#8243; _module_preset=\u00bbdefault\u00bb width=\u00bb100%\u00bb width_tablet=\u00bb\u00bb width_phone=\u00bb90%\u00bb width_last_edited=\u00bbon|phone\u00bb max_width=\u00bb100%\u00bb][et_pb_column type=\u00bb4_4&#8243; _builder_version=\u00bb4.9.4&#8243; _module_preset=\u00bbdefault\u00bb][et_pb_text module_id=\u00bbcustom-text\u00bb _builder_version=\u00bb4.9.4&#8243; _module_preset=\u00bbdefault\u00bb hover_enabled=\u00bb0&#8243; sticky_enabled=\u00bb0&#8243;]<\/p>\n<div class=\"container\">\n<h2><strong>PATRIMONIO ARQUITECT\u00d3NICO<\/strong><\/h2>\n<p><strong><\/strong><\/p>\n<p lang=\"es-ES\" style=\"padding-left: 40px;\"><span class='et-dropcap'>E<\/span>l Patrimonio Arquitect\u00f3nico de Orihuela del Tremedal, es inmenso y variado. Todo el conjunto del pueblo de Orihuela es se\u00f1orial, monumental y debi\u00f3 de serlo mucho m\u00e1s antes de que el General Henriot lo mandar\u00e1 incendiar en 1809. Todav\u00eda hoy se respira en el ambiente ese esp\u00edritu hidalgo, que Orihuela posey\u00f3 en su mayor \u00e9poca de esplendor.<\/p>\n<p lang=\"es-ES\" align=\"JUSTIFY\" style=\"padding-left: 40px;\">Empezando por la parte m\u00e1s baja del mismo encontramos la plaza del ayuntamiento, una plaza con car\u00e1cter abierto que ha servido desde sus inicios como lugar de reuni\u00f3n para los habitantes, en ella se encuentra uno de los edificios m\u00e1s importantes del municipio, El Ayuntamiento casa consistorial del siglo XVI, que cuenta con la estructura t\u00edpica de los edificios civiles de la Sierra de Albarracin y el cual destaca por su importancia ya que en 1696 se redactan en su Sal\u00f3n de Sesiones las Ordenanzas de la Comunidad de Albarrac\u00edn.<\/p>\n<p lang=\"es-ES\" align=\"JUSTIFY\" style=\"padding-left: 40px;\">Paseando por sus calles encontramos el reflejo de su esplendoroso pasado, siendo uno de los pueblo m\u00e1s se\u00f1oriales de la sierra de Albarracin, con grandes casonas como la de los Fern\u00e1ndez Rajo o los Franco P\u00e9rez de Liria que cuentan con excelentes ejemplos de forja.<\/p>\n<p lang=\"es-ES\" align=\"JUSTIFY\" style=\"padding-left: 40px;\">Orihuela nos va descubriendo su pasado a medida que nos adentramos en ella, y nos muestra su importante pasado, su caracteristica arquitectura, sus fachadas en las que hierro, la madera y la piedra nos acercan a los tres elemteos principales de las construcciones serranas y ases principales en la evoluci\u00f3n economica del municipio.<\/p>\n<p lang=\"es-ES\" align=\"JUSTIFY\" style=\"padding-left: 40px;\">Descubrimos entre su patrimonio su iglesia parroquial, dedicada a San Millan de la Cogolla muestra de ese poder\u00edo econ\u00f3mico del que gozo en el siglo S.XVIII, siendo esta construcci\u00f3n uno de los ejemplos m\u00e1s bellos y mejor conservados del barroco de la Provincia de Teruel.<\/p>\n<p lang=\"es-ES\" align=\"JUSTIFY\" style=\"padding-left: 40px;\">El patrimonio de Orihuela, une presente y pasado, haciendo de ella un lugar \u00fanico y merecedor de ser disfrutado.<\/p>\n<\/div>\n<p>[\/et_pb_text][\/et_pb_column][\/et_pb_row][\/et_pb_section]<\/p>\n","protected":false},"excerpt":{"rendered":"<p>[et_pb_section fb_built=\u00bb1&#8243; _builder_version=\u00bb4.9.4&#8243; _module_preset=\u00bbdefault\u00bb][et_pb_row _builder_version=\u00bb4.9.4&#8243; _module_preset=\u00bbdefault\u00bb width=\u00bb100%\u00bb width_tablet=\u00bb\u00bb width_phone=\u00bb90%\u00bb width_last_edited=\u00bbon|phone\u00bb max_width=\u00bb100%\u00bb][et_pb_column type=\u00bb4_4&#8243; _builder_version=\u00bb4.9.4&#8243; _module_preset=\u00bbdefault\u00bb][et_pb_text module_id=\u00bbcustom-text\u00bb _builder_version=\u00bb4.9.4&#8243; _module_preset=\u00bbdefault\u00bb hover_enabled=\u00bb0&#8243; sticky_enabled=\u00bb0&#8243;] PATRIMONIO ARQUITECT\u00d3NICO l Patrimonio Arquitect\u00f3nico de Orihuela del Tremedal, es inmenso y variado. Todo el conjunto del pueblo de Orihuela es se\u00f1orial, monumental y debi\u00f3 de serlo mucho m\u00e1s antes de que el General Henriot lo [&hellip;]<\/p>\n","protected":false},"author":1,"featured_media":0,"parent":516,"menu_order":0,"comment_status":"closed","ping_status":"closed","template":"","meta":{"_et_pb_use_builder":"on","_et_pb_old_content":"","_et_gb_content_width":"","footnotes":""},"class_list":["post-600","page","type-page","status-publish","hentry"],"_links":{"self":[{"href":"https:\/\/orihuela.itcyhost.es\/index.php\/wp-json\/wp\/v2\/pages\/600","targetHints":{"allow":["GET"]}}],"collection":[{"href":"https:\/\/orihuela.itcyhost.es\/index.php\/wp-json\/wp\/v2\/pages"}],"about":[{"href":"https:\/\/orihuela.itcyhost.es\/index.php\/wp-json\/wp\/v2\/types\/page"}],"author":[{"embeddable":true,"href":"https:\/\/orihuela.itcyhost.es\/index.php\/wp-json\/wp\/v2\/users\/1"}],"replies":[{"embeddable":true,"href":"https:\/\/orihuela.itcyhost.es\/index.php\/wp-json\/wp\/v2\/comments?post=600"}],"version-history":[{"count":8,"href":"https:\/\/orihuela.itcyhost.es\/index.php\/wp-json\/wp\/v2\/pages\/600\/revisions"}],"predecessor-version":[{"id":1472,"href":"https:\/\/orihuela.itcyhost.es\/index.php\/wp-json\/wp\/v2\/pages\/600\/revisions\/1472"}],"up":[{"embeddable":true,"href":"https:\/\/orihuela.itcyhost.es\/index.php\/wp-json\/wp\/v2\/pages\/516"}],"wp:attachment":[{"href":"https:\/\/orihuela.itcyhost.es\/index.php\/wp-json\/wp\/v2\/media?parent=600"}],"curies":[{"name":"wp","href":"https:\/\/api.w.org\/{rel}","templated":true}]}}