{"id":603,"date":"2021-05-19T09:07:20","date_gmt":"2021-05-19T09:07:20","guid":{"rendered":"http:\/\/orihuela.itcyhost.es\/?page_id=603"},"modified":"2021-07-02T12:09:46","modified_gmt":"2021-07-02T12:09:46","slug":"patrimonio-natural","status":"publish","type":"page","link":"https:\/\/orihuela.itcyhost.es\/index.php\/turismo\/historia\/patrimonio-natural\/","title":{"rendered":"Patrimonio Natural"},"content":{"rendered":"<p>[et_pb_section fb_built=\u00bb1&#8243; _builder_version=\u00bb4.9.4&#8243; _module_preset=\u00bbdefault\u00bb][et_pb_row _builder_version=\u00bb4.9.4&#8243; _module_preset=\u00bbdefault\u00bb width=\u00bb100%\u00bb width_tablet=\u00bb\u00bb width_phone=\u00bb90%\u00bb width_last_edited=\u00bbon|phone\u00bb max_width=\u00bb100%\u00bb][et_pb_column type=\u00bb4_4&#8243; _builder_version=\u00bb4.9.4&#8243; _module_preset=\u00bbdefault\u00bb][et_pb_text module_id=\u00bbcustom-text\u00bb _builder_version=\u00bb4.9.4&#8243; _module_preset=\u00bbdefault\u00bb hover_enabled=\u00bb0&#8243; sticky_enabled=\u00bb0&#8243;]<\/p>\n<div class=\"container\">\n<h2><strong>PATRIMONIO NATURAL<\/strong><\/h2>\n<p>&nbsp;<\/p>\n<p lang=\"es-ES\" style=\"padding-left: 40px;\"><span><a href=\"http:\/\/www.orihueladeltremedal.es\/wp-content\/uploads\/sites\/109\/2017\/06\/foto-patrimonio-natural.jpg\" data-slb-active=\"1\" data-slb-asset=\"1402753240\" data-slb-internal=\"0\" data-slb-group=\"793\"><img decoding=\"async\" loading=\"lazy\" class=\"alignleft wp-image-795 size-medium\" src=\"http:\/\/orihuela.itcyhost.es\/wp-content\/uploads\/2021\/05\/foto-patrimonio-natural-300x225.jpg\" alt=\"Patrimonio natural de Orihuela del Tremedal\" width=\"300\" height=\"225\" sizes=\"auto, (max-width: 300px) 100vw, 300px\" \/><\/a><span class='et-dropcap'>O<\/span>rihuela del Tremedal se encuentra localizada en la parte oeste de la Provincia de Teruel, siendo uno de los 25 pueblos que conforman la Comarca de la Sierra de Albarracin.<\/span><\/p>\n<p style=\"padding-left: 40px;\"><span><span lang=\"es-ES\">Limitando con los siguientes municipios: al norte con<\/span><\/span><span><span lang=\"es-ES\">\u00a0<\/span><\/span><span><span lang=\"es-ES\">Rodenas,<\/span><\/span><span><span lang=\"es-ES\">\u00a0al sur con Noguera de Albarrac\u00edn<\/span><\/span><span>\u00a0<\/span><span><span lang=\"es-ES\">,Griegos<\/span><\/span><span>\u00a0<\/span><span><span lang=\"es-ES\">\u00a0<\/span><\/span><span><span lang=\"es-ES\">y Villar del Cobo<\/span><\/span><span>\u00a0<\/span><span><span lang=\"es-ES\">, al este con<\/span><\/span><span><span lang=\"es-ES\">\u00a0Bronchales\u00a0<\/span><\/span><span><span lang=\"es-ES\">y con Alustante y Motos (Guadalajara),<\/span><\/span><span><span lang=\"es-ES\">\u00a0y al oeste con<\/span><\/span><span><span lang=\"es-ES\">\u00a0Orea<\/span><\/span><span><span lang=\"es-ES\">\u00a0<\/span><\/span><span><span lang=\"es-ES\">(Guadalajara).<\/span><\/span><\/p>\n<p style=\"padding-left: 40px;\"><span><span lang=\"es-ES\">A 1447 m de altitud, encontrando en su termino municipal el Pico m\u00e1s alto de estos montes, El Caimodorro\u00bb con 1936m de altitud y por supuesto el nacimiento del rio Gallo, el cual se encuentra a unos kil\u00f3metros del municipio, atraves\u00e1ndolo por completo, para despu\u00e9s dirigirse hacia la Provincia de Guadalajara y aumentar el caudal de uno de los r\u00edos mas importantes de la geograf\u00eda Espa\u00f1ola, el rio Tajo.<\/span><\/span><\/p>\n<p style=\"padding-left: 40px;\"><span><span lang=\"es-ES\">En Plena Sierra del Tremedal y en el coraz\u00f3n de los Montes Universales posee un entorno digno de ser disfrutado, el patrimonio natural que la envuelve es adem\u00e1s de inmenso, hermoso.<\/span><\/span><\/p>\n<p style=\"padding-left: 40px;\"><span><span lang=\"es-ES\">Los alrededores de Orihuela del Tremedal est\u00e1n repletos de lugares de inter\u00e9s, su t\u00e9rmino municipal nos sorprende por sus abundantes recursos naturales, tenemos la suerte de estar rodeados de naturaleza y contar con un paisaje impresionante.<br \/>Respirar aire puro, despertar contemplando los pinares que rodean el pueblo, pasear por sus alrededores, son algunos de los privilegios que tenemos los habitantes del pueblo y sus visitantes.<br \/><\/span><\/span><\/p>\n<p style=\"padding-left: 40px;\"><span><span lang=\"es-ES\">Contamos con una fauna y flora maravillosa con<\/span><\/span><span><span lang=\"es-ES\">\u00a0rapaces como el \u00e1guila, alimoche, milano, buitre leonado, mam\u00edferos como el zorro, tej\u00f3n, gardu\u00f1a y por supuesto el ciervo especie mayoritaria de la zona. Durante la \u00e9poca de berrea inundan con sus reclamos nuestro pinares, en los cuales la especie predominante es el pino Albar o pino silvestre,pero tambi\u00e9n encontraremos quejigos, sabinas, diferentes tipos de arbustos como<\/span><\/span><span><span lang=\"es-ES\">\u00a0enebros, endrinos, jaras, estepas<\/span><\/span><span><span lang=\"es-ES\">, etc. Cientos de mariposas, con presioso ejemplos como la \u201cIsabelina\u201d. Adem\u00e1s de ser un paraiso micologico, encontrando en la epoca de recolecci\u00f3n hongos de diferentes clases como el reboll\u00f3n o el porro (Boletus).<\/span><\/span><\/p>\n<p style=\"padding-left: 40px;\"><span><span lang=\"es-ES\">Destacando\u00a0<\/span><\/span><span><span lang=\"es-ES\">los llamativos r\u00edos de piedra, popularmente conocidos como \u00abCanchales\u00bb, de los cuales encontramos varios ejemplos en el t\u00e9rmino municipal, algunos de ellos superan los 2km de longitud y no podemos olvidarnos de los humedales, tambi\u00e9n conocidos por sus habitantes como \u00abtremedales\u00bb. Zonas de turba, donde entre otras cosas crece una curiosa y llamativa planta carn\u00edvora, la Drosera Rotundifolia.\u00a0<\/span><\/span><span><span lang=\"es-ES\">Los Tremedales de Orihuela son uno de los cuatro humedales aragoneses incluidos en la lista de la convenci\u00f3n relativa a los humedales de importancia internacional, dentro del Convenio Ramsar, adem\u00e1s de estar recogidos tambi\u00e9n dentro del inventario de humedales singulares de Arag\u00f3n y dentro de la Red natura 2000.<\/span><\/span><\/p>\n<\/div>\n<p>[\/et_pb_text][\/et_pb_column][\/et_pb_row][\/et_pb_section]<\/p>\n","protected":false},"excerpt":{"rendered":"<p>[et_pb_section fb_built=\u00bb1&#8243; _builder_version=\u00bb4.9.4&#8243; _module_preset=\u00bbdefault\u00bb][et_pb_row _builder_version=\u00bb4.9.4&#8243; _module_preset=\u00bbdefault\u00bb width=\u00bb100%\u00bb width_tablet=\u00bb\u00bb width_phone=\u00bb90%\u00bb width_last_edited=\u00bbon|phone\u00bb max_width=\u00bb100%\u00bb][et_pb_column type=\u00bb4_4&#8243; _builder_version=\u00bb4.9.4&#8243; _module_preset=\u00bbdefault\u00bb][et_pb_text module_id=\u00bbcustom-text\u00bb _builder_version=\u00bb4.9.4&#8243; _module_preset=\u00bbdefault\u00bb hover_enabled=\u00bb0&#8243; sticky_enabled=\u00bb0&#8243;] PATRIMONIO NATURAL &nbsp; rihuela del Tremedal se encuentra localizada en la parte oeste de la Provincia de Teruel, siendo uno de los 25 pueblos que conforman la Comarca de la Sierra de Albarracin. Limitando con los [&hellip;]<\/p>\n","protected":false},"author":1,"featured_media":0,"parent":516,"menu_order":0,"comment_status":"closed","ping_status":"closed","template":"","meta":{"_et_pb_use_builder":"on","_et_pb_old_content":"","_et_gb_content_width":"","footnotes":""},"class_list":["post-603","page","type-page","status-publish","hentry"],"_links":{"self":[{"href":"https:\/\/orihuela.itcyhost.es\/index.php\/wp-json\/wp\/v2\/pages\/603","targetHints":{"allow":["GET"]}}],"collection":[{"href":"https:\/\/orihuela.itcyhost.es\/index.php\/wp-json\/wp\/v2\/pages"}],"about":[{"href":"https:\/\/orihuela.itcyhost.es\/index.php\/wp-json\/wp\/v2\/types\/page"}],"author":[{"embeddable":true,"href":"https:\/\/orihuela.itcyhost.es\/index.php\/wp-json\/wp\/v2\/users\/1"}],"replies":[{"embeddable":true,"href":"https:\/\/orihuela.itcyhost.es\/index.php\/wp-json\/wp\/v2\/comments?post=603"}],"version-history":[{"count":10,"href":"https:\/\/orihuela.itcyhost.es\/index.php\/wp-json\/wp\/v2\/pages\/603\/revisions"}],"predecessor-version":[{"id":1470,"href":"https:\/\/orihuela.itcyhost.es\/index.php\/wp-json\/wp\/v2\/pages\/603\/revisions\/1470"}],"up":[{"embeddable":true,"href":"https:\/\/orihuela.itcyhost.es\/index.php\/wp-json\/wp\/v2\/pages\/516"}],"wp:attachment":[{"href":"https:\/\/orihuela.itcyhost.es\/index.php\/wp-json\/wp\/v2\/media?parent=603"}],"curies":[{"name":"wp","href":"https:\/\/api.w.org\/{rel}","templated":true}]}}