{"id":607,"date":"2021-05-19T09:09:06","date_gmt":"2021-05-19T09:09:06","guid":{"rendered":"http:\/\/orihuela.itcyhost.es\/?page_id=607"},"modified":"2021-07-02T12:09:46","modified_gmt":"2021-07-02T12:09:46","slug":"feria-ganadera-artesanal","status":"publish","type":"page","link":"https:\/\/orihuela.itcyhost.es\/index.php\/turismo\/historia\/feria-ganadera-artesanal\/","title":{"rendered":"Feria Ganadera y Artesanal"},"content":{"rendered":"<p>[et_pb_section fb_built=\u00bb1&#8243; _builder_version=\u00bb4.9.4&#8243; _module_preset=\u00bbdefault\u00bb][et_pb_row _builder_version=\u00bb4.9.4&#8243; _module_preset=\u00bbdefault\u00bb width=\u00bb100%\u00bb width_tablet=\u00bb\u00bb width_phone=\u00bb90%\u00bb width_last_edited=\u00bbon|phone\u00bb max_width=\u00bb100%\u00bb][et_pb_column type=\u00bb4_4&#8243; _builder_version=\u00bb4.9.4&#8243; _module_preset=\u00bbdefault\u00bb][et_pb_text module_id=\u00bbcustom-text\u00bb _builder_version=\u00bb4.9.4&#8243; _module_preset=\u00bbdefault\u00bb hover_enabled=\u00bb0&#8243; sticky_enabled=\u00bb0&#8243;]<\/p>\n<div class=\"container\">\n<h2><strong>FERIA GANADERA Y ARTESANAL<\/strong><\/h2>\n<p style=\"padding-left: 40px;\">\n<p lang=\"es-ES\" align=\"JUSTIFY\" style=\"padding-left: 40px;\"><a href=\"http:\/\/www.orihueladeltremedal.es\/wp-content\/uploads\/sites\/109\/2017\/06\/foto-feria.jpg\" data-slb-active=\"1\" data-slb-asset=\"1491283936\" data-slb-internal=\"0\" data-slb-group=\"798\"><img decoding=\"async\" loading=\"lazy\" class=\"alignleft wp-image-801 size-medium\" src=\"http:\/\/orihuela.itcyhost.es\/wp-content\/uploads\/2021\/05\/foto-feria-300x225.jpg\" alt=\"Feria ganadera\" width=\"300\" height=\"225\" sizes=\"auto, (max-width: 300px) 100vw, 300px\" \/><\/a><span class='et-dropcap'>L<\/span>a Feria Ganadera y Artesanal de Orihuela del Tremedal tiene su origen en el siglo XIX, cuando debido al ataque de las tropas francesas durante la guerra de la independencia el 25 de Octubre de 1809, en la conocida batalla de Malatarde, el ej\u00e9rcito franc\u00e9s manda desalojar a un general espa\u00f1ol D. Pedro Villacampa que hab\u00eda elegido nuestro Santuario como base de operaciones, atrincher\u00e1ndose en el, debido a su privilegiada posici\u00f3n.<\/p>\n<p lang=\"es-ES\" align=\"JUSTIFY\" style=\"padding-left: 40px;\">La contienda fue desastrosa el municipio, las tropas espa\u00f1olas fueron obligadas a huir y abandonar sus posiciones defensivas, perdiendo as\u00ed la plaza. Los Franceses como castigo a las tropas de Villacampa y al pueblo de Orihuela, por su apoyo a este general Espa\u00f1ol incendiaron el Santuario, sus alrededores, bajaron al pueblo quemando y saqueando todo lo que encontraba a su paso\u2026 casas, parideras, pajares, dejando la localidad devastada .<\/p>\n<p lang=\"es-ES\" align=\"JUSTIFY\" style=\"padding-left: 40px;\">Tanto el incendio y saqueo del municipio como la posterior ocupaci\u00f3n por la tropas francesas dejaron un balance de un pueblo totalmente destrozado, que perdi\u00f3 toda la riqueza de la que gozaba hasta la fecha. Las gentes marcharon a otros lugares, donde el trabajo y la comida no faltaban, Orihuela qued\u00f3 desolada.<\/p>\n<p lang=\"es-ES\" align=\"JUSTIFY\" style=\"padding-left: 40px;\">Pero el 8 de Mayo de 1815 Fernando VII concede a Orihuela el privilegio real de la celebraci\u00f3n de una feria de ganader\u00eda. La ausencia de ferias de esta naturaleza en la comarca y la situaci\u00f3n estrat\u00e9gica de Orihuela lim\u00edtrofe con tierras de Castilla y pr\u00f3xima al reino de Valencia fueron s\u00f3lidos pilares para solicitar al monarca Fernando VII la celebraci\u00f3n de tres d\u00edas de feria libre anual.<\/p>\n<p lang=\"es-ES\" align=\"JUSTIFY\" style=\"padding-left: 40px;\">Esta feria fue un revulsivo econ\u00f3mico para el municipio y su sierra con el fin de paliar los da\u00f1os que hab\u00eda causado sobre nuestras tierras la batalla. Orihuela recib\u00eda comerciantes y visitantes de diversos lugares de la Comarca y sus alrededores, que comprando y vendiendo su ganado ayudaron a reactivar la econom\u00eda del municipio.<\/p>\n<p lang=\"es-ES\" align=\"JUSTIFY\" style=\"padding-left: 40px;\">Se celebro sin interrupci\u00f3n hasta 1967, volviendo a recuperar en 1999 por la corporaci\u00f3n de aquel momento.<\/p>\n<p lang=\"es-ES\" align=\"JUSTIFY\" style=\"padding-left: 40px;\">Desde 1999 la Feria Ganadera y Artesanal ha recibido el impulso necesario y ha llegado a posicionarse como una de las m\u00e1s importantes a nivel Provincial, guardando por supuesto la esencia del pasado, pero sabiendo adaptarse a los nuevos tiempos, una Feria con car\u00e1cter Ganadero pero que nos devuelve a ese tiempo en que la Feria fue el motor que hizo resurgir de las cenizas a un pueblo devastado por la guerra.<\/p>\n<p lang=\"es-ES\" align=\"JUSTIFY\" style=\"padding-left: 40px;\">Es por ello que cumple un papel de encuentro fundamental entre todos los Serranos, qu\u00e9 nos reunimos en ella, siendo la cita m\u00e1s importante de nuestra Comarca durante el a\u00f1o, adem\u00e1s de la fiesta de la Comunidad de Albarracin.<\/p>\n<p lang=\"es-ES\" align=\"JUSTIFY\" style=\"padding-left: 40px;\">Una cita importante en el calendario de eventos de nuestra Provincia que adem\u00e1s atrae y concentra gente de todas las comarcas que conforman el mapa turolense.<\/p>\n<p lang=\"es-ES\" align=\"JUSTIFY\" style=\"padding-left: 40px;\">Siendo el revulsivo de motor econ\u00f3mico hoy en d\u00eda para los agroalimentarios, ganaderos y agricultores del momento, como lo fue en 1815 para los Oriolanos ganaderos y agricultores de aquel entonces.<\/p>\n<\/div>\n<p>[\/et_pb_text][\/et_pb_column][\/et_pb_row][\/et_pb_section]<\/p>\n","protected":false},"excerpt":{"rendered":"<p>[et_pb_section fb_built=\u00bb1&#8243; _builder_version=\u00bb4.9.4&#8243; _module_preset=\u00bbdefault\u00bb][et_pb_row _builder_version=\u00bb4.9.4&#8243; _module_preset=\u00bbdefault\u00bb width=\u00bb100%\u00bb width_tablet=\u00bb\u00bb width_phone=\u00bb90%\u00bb width_last_edited=\u00bbon|phone\u00bb max_width=\u00bb100%\u00bb][et_pb_column type=\u00bb4_4&#8243; _builder_version=\u00bb4.9.4&#8243; _module_preset=\u00bbdefault\u00bb][et_pb_text module_id=\u00bbcustom-text\u00bb _builder_version=\u00bb4.9.4&#8243; _module_preset=\u00bbdefault\u00bb hover_enabled=\u00bb0&#8243; sticky_enabled=\u00bb0&#8243;] FERIA GANADERA Y ARTESANAL a Feria Ganadera y Artesanal de Orihuela del Tremedal tiene su origen en el siglo XIX, cuando debido al ataque de las tropas francesas durante la guerra de la independencia el 25 [&hellip;]<\/p>\n","protected":false},"author":1,"featured_media":0,"parent":516,"menu_order":0,"comment_status":"closed","ping_status":"closed","template":"","meta":{"_et_pb_use_builder":"on","_et_pb_old_content":"","_et_gb_content_width":"","footnotes":""},"class_list":["post-607","page","type-page","status-publish","hentry"],"_links":{"self":[{"href":"https:\/\/orihuela.itcyhost.es\/index.php\/wp-json\/wp\/v2\/pages\/607","targetHints":{"allow":["GET"]}}],"collection":[{"href":"https:\/\/orihuela.itcyhost.es\/index.php\/wp-json\/wp\/v2\/pages"}],"about":[{"href":"https:\/\/orihuela.itcyhost.es\/index.php\/wp-json\/wp\/v2\/types\/page"}],"author":[{"embeddable":true,"href":"https:\/\/orihuela.itcyhost.es\/index.php\/wp-json\/wp\/v2\/users\/1"}],"replies":[{"embeddable":true,"href":"https:\/\/orihuela.itcyhost.es\/index.php\/wp-json\/wp\/v2\/comments?post=607"}],"version-history":[{"count":10,"href":"https:\/\/orihuela.itcyhost.es\/index.php\/wp-json\/wp\/v2\/pages\/607\/revisions"}],"predecessor-version":[{"id":1449,"href":"https:\/\/orihuela.itcyhost.es\/index.php\/wp-json\/wp\/v2\/pages\/607\/revisions\/1449"}],"up":[{"embeddable":true,"href":"https:\/\/orihuela.itcyhost.es\/index.php\/wp-json\/wp\/v2\/pages\/516"}],"wp:attachment":[{"href":"https:\/\/orihuela.itcyhost.es\/index.php\/wp-json\/wp\/v2\/media?parent=607"}],"curies":[{"name":"wp","href":"https:\/\/api.w.org\/{rel}","templated":true}]}}