{"id":611,"date":"2021-05-19T09:10:58","date_gmt":"2021-05-19T09:10:58","guid":{"rendered":"http:\/\/orihuela.itcyhost.es\/?page_id=611"},"modified":"2021-07-02T12:09:46","modified_gmt":"2021-07-02T12:09:46","slug":"oriolanos-ilustres","status":"publish","type":"page","link":"https:\/\/orihuela.itcyhost.es\/index.php\/turismo\/historia\/oriolanos-ilustres\/","title":{"rendered":"Oriolanos ilustres"},"content":{"rendered":"<p>[et_pb_section fb_built=\u00bb1&#8243; _builder_version=\u00bb4.9.4&#8243; _module_preset=\u00bbdefault\u00bb][et_pb_row _builder_version=\u00bb4.9.4&#8243; _module_preset=\u00bbdefault\u00bb width=\u00bb100%\u00bb width_tablet=\u00bb\u00bb width_phone=\u00bb90%\u00bb width_last_edited=\u00bbon|phone\u00bb max_width=\u00bb100%\u00bb][et_pb_column type=\u00bb4_4&#8243; _builder_version=\u00bb4.9.4&#8243; _module_preset=\u00bbdefault\u00bb][et_pb_text module_id=\u00bbcustom-text\u00bb _builder_version=\u00bb4.9.4&#8243; _module_preset=\u00bbdefault\u00bb hover_enabled=\u00bb0&#8243; sticky_enabled=\u00bb0&#8243;]<\/p>\n<div class=\"container\">\n<h2><strong>ORIOLANOS ILUSTRES<\/strong><\/h2>\n<p>&nbsp;<\/p>\n<p style=\"padding-left: 40px;\"><span lang=\"es-ES\">ORIOLANOS ILUSTRES \u2013 Todos ellos naturales de Orihuela del Tremedal.<\/span><\/p>\n<ul>\n<li style=\"list-style-type: none;\">\n<ul>\n<li data-original-title=\"\" title=\"\"><strong>DON JUAN SANCHEZ,<\/strong><span>\u00a0<\/span>Jurista de aldeas de la Comunidad de Albarrac\u00edn, junto con otras distinguidas personalidades por la congregaci\u00f3n de Alca\u00f1iz en el a\u00f1o 1411, para que como procuradores suyos determinaran las bases mediante las cuales hab\u00eda de resolverse en justicia la sucesi\u00f3n al trono de Arag\u00f3n, por muerte del Rey Don Martin. Compromiso de Caspe.<\/li>\n<\/ul>\n<\/li>\n<\/ul>\n<ul>\n<li style=\"list-style-type: none;\">\n<ul>\n<li data-original-title=\"\" title=\"\"><strong>PADRE MIGUEL DE MANSILLA,<\/strong><span>\u00a0<\/span>perteneci\u00f3 a la compa\u00f1\u00eda de Jes\u00fas, fue maestro en la provincia de Castilla. Escribi\u00f3 una obra de Teolog\u00eda Moral muy selecta y desempe\u00f1o cargos de importancia en M\u00e9xico. Muri\u00f3 en 1660.<\/li>\n<\/ul>\n<\/li>\n<\/ul>\n<ul>\n<li style=\"list-style-type: none;\">\n<ul>\n<li data-original-title=\"\" title=\"\"><span lang=\"es-ES\"><strong>DON FRANCISCO FERNANDEZ DEL RAJO Y GOMEZ,<\/strong><span>\u00a0<\/span>Doctor en medicina por la universidad de Valencia, siendo nombrado catedr\u00e1tico de la misma. El Rey Felipe II le nombro primer medico de c\u00e1mara y protom\u00e9dico del Reino de Arag\u00f3n. Escribi\u00f3 diferentes obras de medicina y astronom\u00eda. Muri\u00f3 en 1605.<\/span><\/li>\n<\/ul>\n<\/li>\n<\/ul>\n<ul>\n<li style=\"list-style-type: none;\">\n<ul>\n<li data-original-title=\"\" title=\"\"><strong>PADRE JERONIMO JARQUE,<\/strong><span>\u00a0<\/span>graduado en Teolog\u00eda, entro en la Compa\u00f1\u00eda de Jes\u00fas, dej\u00e1ndolo todo para atender \u00fanicamente su vocaci\u00f3n. Dejo escrito un curso completo de misiones.<\/li>\n<\/ul>\n<\/li>\n<\/ul>\n<ul>\n<li style=\"list-style-type: none;\">\n<ul>\n<li data-original-title=\"\" title=\"\"><strong>PADRE JUAN ANTONIO JARQUE,<\/strong><span>\u00a0<\/span>Tambi\u00e9n perteneci\u00f3 a la compa\u00f1\u00eda de Jes\u00fas, donde ense\u00f1\u00f3 Humanidades, Filosof\u00eda y Teolog\u00eda. fue designado para pronunciar el discurso f\u00fanebre en las exequias celebradas en Zaragoza a la muerte del Rey don Felipe IV. Escribi\u00f3 varias obras M\u00edsticas y religiosas. Muri\u00f3 en 1666.<\/li>\n<\/ul>\n<\/li>\n<\/ul>\n<ul>\n<li style=\"list-style-type: none;\">\n<ul>\n<li data-original-title=\"\" title=\"\"><span lang=\"es-ES\"><strong>DON FRANCISCO JARQUE,<\/strong><span>\u00a0<\/span>Hermano del anterior, obtuvo la rector\u00eda del Potos\u00ed, el cargo de juez metropolitano y el de comisionado de Espa\u00f1a para el Arzobispo de Caracas.<\/span><\/li>\n<\/ul>\n<\/li>\n<\/ul>\n<p style=\"padding-left: 40px;\">M\u00e1s tarde fue De\u00e1n de Albarracin y Vicario general. A sus expensas se realizo el retablo de San Ignacio de Loyola en la Catedral de Albarracin. Muri\u00f3 en 1691.<\/p>\n<ul>\n<li style=\"list-style-type: none;\">\n<ul>\n<li data-original-title=\"\" title=\"\"><strong>DON MARIANO TOVIAS,<\/strong><span>\u00a0<\/span>Dedico su vida a la carrera de armas. En la expedici\u00f3n de M\u00e9xico alcanzo el empleo de Sargento Mayor, para ser nombrado m\u00e1s tarde Teniente coronel del Ej\u00e9rcito de ocupaci\u00f3n. Fue destinado al Regimiento de Espa\u00f1a con esa designaci\u00f3n, en el combate y toma del Rosell\u00f3n ascendi\u00f3 a Coronel con mando en el Regimiento de Valencia. Tambi\u00e9n fue gobernador de las islas Marianas. Escribo dos obras militares. Muri\u00f3 en 1704.<\/li>\n<\/ul>\n<\/li>\n<\/ul>\n<ul>\n<li style=\"list-style-type: none;\">\n<ul>\n<li data-original-title=\"\" title=\"\"><span lang=\"es-ES\"><strong>DON JUAN AMBROS Y DON RAMON URQUIZU,<\/strong><span>\u00a0<\/span>Presb\u00edteros, quienes salvaron del incendio hecho por los franceses durante la guerra de independencia a Nuestra Se\u00f1ora del Tremedal.<\/span><\/li>\n<\/ul>\n<\/li>\n<\/ul>\n<ul>\n<li style=\"list-style-type: none;\">\n<ul>\n<li data-original-title=\"\" title=\"\"><strong>DON CRISTOBAL ESPINOSA,<\/strong><span>\u00a0<\/span>Coronel Carlista en la Primera Guerra civil desde 1833 a 1840.<\/li>\n<\/ul>\n<\/li>\n<\/ul>\n<ul>\n<li style=\"list-style-type: none;\">\n<ul>\n<li data-original-title=\"\" title=\"\"><strong>DON PEDRO FRANCO,<\/strong><span>\u00a0<\/span>De\u00e1n de la Catedral de Albarracin.<\/li>\n<\/ul>\n<\/li>\n<\/ul>\n<ul>\n<li style=\"list-style-type: none;\">\n<ul>\n<li data-original-title=\"\" title=\"\"><strong>DON AMADOR DE POES,<\/strong><span>\u00a0<\/span>Obispo de Ja\u00e9n<\/li>\n<\/ul>\n<\/li>\n<\/ul>\n<\/div>\n<p>[\/et_pb_text][\/et_pb_column][\/et_pb_row][\/et_pb_section]<\/p>\n","protected":false},"excerpt":{"rendered":"<p>[et_pb_section fb_built=\u00bb1&#8243; _builder_version=\u00bb4.9.4&#8243; _module_preset=\u00bbdefault\u00bb][et_pb_row _builder_version=\u00bb4.9.4&#8243; _module_preset=\u00bbdefault\u00bb width=\u00bb100%\u00bb width_tablet=\u00bb\u00bb width_phone=\u00bb90%\u00bb width_last_edited=\u00bbon|phone\u00bb max_width=\u00bb100%\u00bb][et_pb_column type=\u00bb4_4&#8243; _builder_version=\u00bb4.9.4&#8243; _module_preset=\u00bbdefault\u00bb][et_pb_text module_id=\u00bbcustom-text\u00bb _builder_version=\u00bb4.9.4&#8243; _module_preset=\u00bbdefault\u00bb hover_enabled=\u00bb0&#8243; sticky_enabled=\u00bb0&#8243;] ORIOLANOS ILUSTRES &nbsp; ORIOLANOS ILUSTRES \u2013 Todos ellos naturales de Orihuela del Tremedal. DON JUAN SANCHEZ,\u00a0Jurista de aldeas de la Comunidad de Albarrac\u00edn, junto con otras distinguidas personalidades por la congregaci\u00f3n de Alca\u00f1iz en el a\u00f1o [&hellip;]<\/p>\n","protected":false},"author":1,"featured_media":0,"parent":516,"menu_order":0,"comment_status":"closed","ping_status":"closed","template":"","meta":{"_et_pb_use_builder":"on","_et_pb_old_content":"","_et_gb_content_width":"","footnotes":""},"class_list":["post-611","page","type-page","status-publish","hentry"],"_links":{"self":[{"href":"https:\/\/orihuela.itcyhost.es\/index.php\/wp-json\/wp\/v2\/pages\/611","targetHints":{"allow":["GET"]}}],"collection":[{"href":"https:\/\/orihuela.itcyhost.es\/index.php\/wp-json\/wp\/v2\/pages"}],"about":[{"href":"https:\/\/orihuela.itcyhost.es\/index.php\/wp-json\/wp\/v2\/types\/page"}],"author":[{"embeddable":true,"href":"https:\/\/orihuela.itcyhost.es\/index.php\/wp-json\/wp\/v2\/users\/1"}],"replies":[{"embeddable":true,"href":"https:\/\/orihuela.itcyhost.es\/index.php\/wp-json\/wp\/v2\/comments?post=611"}],"version-history":[{"count":8,"href":"https:\/\/orihuela.itcyhost.es\/index.php\/wp-json\/wp\/v2\/pages\/611\/revisions"}],"predecessor-version":[{"id":1474,"href":"https:\/\/orihuela.itcyhost.es\/index.php\/wp-json\/wp\/v2\/pages\/611\/revisions\/1474"}],"up":[{"embeddable":true,"href":"https:\/\/orihuela.itcyhost.es\/index.php\/wp-json\/wp\/v2\/pages\/516"}],"wp:attachment":[{"href":"https:\/\/orihuela.itcyhost.es\/index.php\/wp-json\/wp\/v2\/media?parent=611"}],"curies":[{"name":"wp","href":"https:\/\/api.w.org\/{rel}","templated":true}]}}