{"id":623,"date":"2021-05-19T09:23:36","date_gmt":"2021-05-19T09:23:36","guid":{"rendered":"http:\/\/orihuela.itcyhost.es\/?page_id=623"},"modified":"2021-07-02T12:09:46","modified_gmt":"2021-07-02T12:09:46","slug":"merenderos-y-refugios","status":"publish","type":"page","link":"https:\/\/orihuela.itcyhost.es\/index.php\/turismo\/estancias-al-aire-libre\/merenderos-y-refugios\/","title":{"rendered":"Merenderos y Refugios"},"content":{"rendered":"<p>[et_pb_section fb_built=\u00bb1&#8243; _builder_version=\u00bb4.9.4&#8243; _module_preset=\u00bbdefault\u00bb][et_pb_row use_custom_gutter=\u00bbon\u00bb gutter_width=\u00bb2&#8243; _builder_version=\u00bb4.9.4&#8243; _module_preset=\u00bbdefault\u00bb width=\u00bb100%\u00bb max_width=\u00bb100%\u00bb][et_pb_column type=\u00bb4_4&#8243; _builder_version=\u00bb4.9.4&#8243; _module_preset=\u00bbdefault\u00bb][et_pb_text module_id=\u00bbcustom-text\u00bb _builder_version=\u00bb4.9.4&#8243; _module_preset=\u00bbdefault\u00bb hover_enabled=\u00bb0&#8243; sticky_enabled=\u00bb0&#8243;]<\/p>\n<div class=\"container\">\n<h2>Merenderos y Refugios<\/h2>\n<p>Listado de Merenderos y Refugios del entorno, vea abajo la galer\u00eda de im\u00e1genes<\/p>\n<h2><strong>FUENTE DEL TIO MANTECAS<\/strong><\/h2>\n<p><img decoding=\"async\" loading=\"lazy\" class=\"size-thumbnail wp-image-941 alignleft\" src=\"http:\/\/orihuela.itcyhost.es\/wp-content\/uploads\/2021\/05\/foto-fuente-del-tio-mantecasweb-150x150.jpg\" alt=\"FUENTE DEL TIO MANTECAS\" width=\"150\" height=\"150\" \/>Uno de los bonitos parajes que encontrareis en Orihuela, FUENTE DEL T\u00cdO MANTECAS, lugar fresco donde los haya, ya que el caudal del rio Gallo pasa rodeando el merendero.\u00a0 Con caseta cubierta habilitada para hacer fuego. La caseta se divide en dos partes, una para hacer fuego y la otra donde est\u00e1 situada la fuente. Es un lugar muy visitado tanto por Oriolanos como por visitantes, ser\u00e1 porque, escuchar el agua de nuestro rio gallo correr bajo la gran masa arbolada, son algunos de los lujos que nos ofrece este lugar, permiti\u00e9ndonos desconectar y disfrutar de un d\u00eda en la naturaleza.<\/p>\n<p>Si seguimos el camino que continua hacia arriba llegaremos al REFUGIO DE LA PORTERA.<\/p>\n<h2><strong><\/strong><\/h2>\n<h2><strong><\/strong><\/h2>\n<h2><strong>FUENTE DE MAJADA DE LAS VACAS<\/strong><\/h2>\n<p><img decoding=\"async\" loading=\"lazy\" class=\"size-thumbnail wp-image-942 alignright\" src=\"http:\/\/orihuela.itcyhost.es\/wp-content\/uploads\/2021\/05\/foto-fuente-de-majada-de-las-vacasweb-150x150.jpg\" alt=\"FUENTE DE MAJADA DE LAS VACAs\" width=\"150\" height=\"150\" \/>Fuente Majada de las vacas, otro merendero localizado en los alrededores de Orihuela a unos 4Km del municipio. Cuenta tambi\u00e9n con casetas habitadas para hacer fuego una de ellas cubierta con la posibilidad de comer al resguardo en un d\u00eda un poco m\u00e1s frio, tambien encontraremos su correspondiente fuente. Una de las cosas m\u00e1s curiosas de este lugar es que all\u00ed mismo podemos observar uno de estos r\u00edos de piedra tan caracter\u00edsticos de nuestra zona, adem\u00e1s de contar con una amplia extensi\u00f3n de terreno por donde poder pasear. Por supuesto la naturaleza est\u00e1 presente y nos sentiremos rodeados de la misma.<\/p>\n<p><a href=\"http:\/\/l.facebook.com\/l.php?u=http%3A%2F%2Fes.wikiloc.com%2Fwikiloc%2Fview.do%3Fid%3D14075471&amp;h=HAQFNIx3RAQF4V-LP_YEx66b7d0HmFwoVHaRXp2gw2uBHow&amp;enc=AZPkhbxZl24ValzmmD5gdpCnygHXpewC2pY7k5XdbCHaogPe2TGFuDAA8pD0RckurEfVTICzfp0zmm-cJmLLVel17dGILuDbIyXTiRTSWyEYiQRlW1vVunTPZc1q-t4cqx0zFQj9aKzw3AgU0wzzx93_0TMBOKwe5VZ2lTfJBswLdy3sYHVwJaLwqbznlwAht7n15rzEdX6vf-xF3KkPjfZb&amp;s=1\">http:\/\/es.wikiloc.com\/wikiloc\/view.do?id=14075471<\/a><\/p>\n<p>&nbsp;<\/p>\n<p><img decoding=\"async\" loading=\"lazy\" class=\"alignleft size-thumbnail wp-image-943\" src=\"http:\/\/orihuela.itcyhost.es\/wp-content\/uploads\/2021\/05\/foto-los-colladillos-web-150x150.jpg\" alt=\"LOS COLLADILLOS\" width=\"150\" height=\"150\" \/><\/p>\n<h2><strong>LOS CO<\/strong><strong>LLADILLOS<\/strong><\/h2>\n<p>Incre\u00edble paraje donde la paz y la tranquilidad est\u00e1n servidas. Como los dem\u00e1s un lugar perfecto si buscas pasar un d\u00eda con tu familia o amigos, disfrutando de la naturaleza, con un paisaje impresionante y respirando aire puro.<br \/>Con caseta cubierta y habilitada para hacer fuego, mesas para comer y fuente, los grandes pinos albares nos permiten estar fresquitos en d\u00edas calurosos, adem\u00e1s de que se encuentra a unos 1600m y las visitas son preciosas.<br \/>Tambi\u00e9n localizado muy cerca del municipio, a menos de 2Km. Aqu\u00ed ten\u00e9is la ruta.<\/p>\n<p><a href=\"http:\/\/es.wikiloc.com\/wikiloc\/view.do?id=14066761\">http:\/\/es.wikiloc.com\/wikiloc\/view.do?id=14066761<\/a><\/p>\n<h2><strong>LOS PRADEJONES<\/strong><\/h2>\n<p><img decoding=\"async\" loading=\"lazy\" class=\"size-thumbnail wp-image-944 alignright\" src=\"http:\/\/orihuela.itcyhost.es\/wp-content\/uploads\/2021\/05\/foto-los-pradejones-web-150x150.jpg\" alt=\"LOS PRADEJONES\" width=\"150\" height=\"150\" \/>Un lugar perfecto para pasar el d\u00eda, si vas con ni\u00f1os les encantar\u00e1 ya que hay una tirolina y un peque\u00f1o parque para que se diviertan, cuenta tambi\u00e9n con fuente, con mesas para comer y con caseta para hacer fuego.\u00a0 El entorno es inmejorable con grandes pinos silvestres por todo el area que adem\u00e1s de ser impresionantes crean un entorno \u00fanico.<br \/>Tambi\u00e9n situado muy cerca del municipio a unos metros de merendero de la \u00abmina\u00bb. Os dejamos ambas rutas.<\/p>\n<p><a href=\"http:\/\/l.facebook.com\/l.php?u=http%3A%2F%2Fes.wikiloc.com%2Fwikiloc%2Fview.do%3Fid%3D14045802&amp;h=7AQFbLyvHAQFAx4FaTywjXdmsoxWjMIMO7qnOaY3NDJs9wg&amp;enc=AZPs9iQgEhJVFxIaIoemZNsnGGPh7ZlI1hnaBmoF78DVcumDbKqnLTxPyNCaGgYB0lAz4T_3KNqQs0JM3GLqCnREn5LUJkrLhPw2ciJJ4l3O_SVRe1d7sWessHI5BBU5gUErwxfvIFTn8O9OKgA_6RhMT36w5x8tV2mmR6309mt7WPCzcVUeZFEWm5H9paX5KDMu-MHodY7VFEDX-Mc6YHgp&amp;s=1\">http:\/\/es.wikiloc.com\/wikiloc\/view.do?id=14045802<\/a><\/p>\n<h2><\/h2>\n<p><img decoding=\"async\" loading=\"lazy\" class=\"alignleft size-thumbnail wp-image-945\" src=\"http:\/\/orihuela.itcyhost.es\/wp-content\/uploads\/2021\/05\/foto-merendero-de-la-minaweb-150x150.jpg\" alt=\"MERENDERO DE LA MINA\" width=\"150\" height=\"150\" \/><\/p>\n<h2><strong>MERENDERO DE LA MINA<\/strong><\/h2>\n<p>Sab\u00edais que la explotaci\u00f3n del hierro fue la industria artesana durante un periodo de tiempo en Orihuela. El edificio que encontramos en este paraje se construy\u00f3 en la segunda mitad del S.XX, que est\u00e1 situado donde se localizaban las antiguas minas de hierro. Aunque solo se conserva un solo edificio, es una suerte poder contar con \u00e9l en la actualidad y as\u00ed recodar nuestro pasado minero, se reformo en el 2003 y hoy en d\u00eda podemos utilizarlo como refugio y merendero, cuenta con un peque\u00f1o parque para los m\u00e1s peque\u00f1os adem\u00e1s de estar muy cerca del municipio, poco m\u00e1s de un kil\u00f3metro.<\/p>\n<h2><\/h2>\n<h2><\/h2>\n<h2><strong><\/strong><\/h2>\n<h2><strong>PASO DEL CAMPO<\/strong><\/h2>\n<p><img decoding=\"async\" loading=\"lazy\" class=\"size-thumbnail wp-image-946 alignright\" src=\"http:\/\/orihuela.itcyhost.es\/wp-content\/uploads\/2021\/05\/foto-paso-del-campo-web-150x150.jpg\" alt=\"PASO DEL CAMPO\" width=\"150\" height=\"150\" \/>Tambi\u00e9n en los alrededores de nuestro pueblo encontramos este merendero, saliendo de Orihuela direcci\u00f3n Bronchales en la recta que nos lleva hasta este municipio, en el kil\u00f3metro 31 encontraremos el desv\u00edo a la izquierda que nos llevar\u00e1 hasta \u00e9l. La caseta muy bien acondicionada, con dos salas, una habilitada para hacer fuego y la otra con mesas para comer. Un lugar muy agradable para pasar el d\u00eda y por supuesto no faltan nuestros grandes pinos albares que rodean este paraje y le dan un toque de privacidad.<\/p>\n<h2><\/h2>\n<p><img decoding=\"async\" loading=\"lazy\" class=\"alignleft size-thumbnail wp-image-947\" src=\"http:\/\/orihuela.itcyhost.es\/wp-content\/uploads\/2021\/05\/foto-refugio-de-la-portera-web-150x150.jpg\" alt=\"REFUGIO DE LA PORTERA\" width=\"150\" height=\"150\" \/><\/p>\n<h2><strong>REFUGIO DE LA PORTERA<\/strong><\/h2>\n<p>\u00bfConoc\u00e9is este lugar? Tambien una maravilla a unos 1800m de altitud. All\u00ed encontrareis adem\u00e1s de la caseta habilitada como refugio y merendero, muy bien acondicionada, el Mirador de la Portera. Si visit\u00e1is este lugar, no os olvideis de vuestra camara de fotos porque este paraje ofrece unas vistas preciosas, tanto de los alrededores y sus pinares como de la ermita de la Virgen del Tremedal por su parte trasera. La construcci\u00f3n esta pr\u00e1cticamente nueva, como la de todos los merenderos que tenemos en Orihuela.<\/p>\n<p><a href=\"http:\/\/l.facebook.com\/l.php?u=http%3A%2F%2Fes.wikiloc.com%2Fwikiloc%2Fview.do%3Fid%3D14090134&amp;h=vAQHtNhEYAQHcOM4i1CZhF93AlFCH5m9LgIpH0RuWYzM2Ow&amp;enc=AZPoQk3n-0FtqOLxbqS0WWYTkCuUqJowXVhEQmUy_-UaWbDcpa4IJ1vQyRT8Tcyx3jcKGt1rO8GkvYSB1Pr5rXS9pvTV8eY9s1OojtngUComxBxfZX9ceZxJzDuZDFntp8onw_TEWU6bukVjzYIndxFEMRWosbv6NIAzlRsF3Iig3IbzG6YCIIDnMxo8b8ubgujLjm9KuS2CQ4ij-xLUHuc8&amp;s=1\">http:\/\/es.wikiloc.com\/wikiloc\/view.do?id=14090134<\/a><\/p>\n<h2><\/h2>\n<h2><\/h2>\n<h2><strong>REFUGIO DEL COLLADO<\/strong><\/h2>\n<p><img decoding=\"async\" loading=\"lazy\" class=\"size-thumbnail wp-image-948 alignright\" src=\"http:\/\/orihuela.itcyhost.es\/wp-content\/uploads\/2021\/05\/foto-refugio-del-colladoweb-150x150.jpg\" alt=\"REFUGIO DEL COLLADO\" width=\"150\" height=\"150\" \/>Este lugar cuenta con caseta habilitada como merendero y refugio, un bonito paraje con mesas donde poder comer tambi\u00e9n al aire libre, bancos para contemplar el paisaje\u2026. A unos 4Km del municipio, as\u00ed que tambi\u00e9n localizado muy cerca de \u00e9l. Se puede decir que est\u00e1 a los pies del pico m\u00e1s alto de la zona, el Caimodorro con casi 2000m de altitud.\u00a0 Adem\u00e1s para los que os guste pasear, un poco m\u00e1s arriba de este merendero encontrareis el rio de piedra m\u00e1s extenso del t\u00e9rmino municipal. En todos nuestros merenderos encontrareis algo que os llame que visitar y disfrutar. La caseta de este merendero permanece cerrada, pero si quer\u00e9is utilizarla os facilitaran la llave desde el Ayuntamiento de Orihuela del Tremedal.<\/p>\n<p><a href=\"http:\/\/l.facebook.com\/l.php?u=http%3A%2F%2Fes.wikiloc.com%2Fwikiloc%2Fview.do%3Fid%3D14097029&amp;h=5AQHiqaifAQGcYW_ItmHkVMt8PM0id79h0HUBUf9EuktDDw&amp;enc=AZMSsHwZRfgYnRpdHI0mqCQtpZ7Sp07PYy1Gqjev7Z6xY1A9O0Ri3guT_0kCQ3dTofFcHYHoBv_g-2lbXPm9lxyvR7piTRlEUsBSg3bRJygFRbcA1XEca769Yh1m9-rRVLNY7sOQ16n94gRbtgNyi4ikqydYCcPe1Om7fS-I3WrglT68vrpCtAakfz4syetgp5G59mpFcWHeZQBI-QnqhSCE&amp;s=1\">http:\/\/es.wikiloc.com\/wikiloc\/view.do?id=14097029<\/a><\/p>\n<h2><strong>REFUGIO DEL OJUELO<\/strong><\/h2>\n<p>Este tranquilo refugio ,tambi\u00e9n habilitado como merendero, un lugar muy frecuentado por los Scouts que pasan el verano por nuestra zona, igual que las dem\u00e1s zonas de las que os hemos hablado est\u00e1 habilitado para hacer fuego y adem\u00e1s es muy amplio si se quiere utilizar como refugio, si os gusta dormir o pasar el d\u00eda en pleno bosque este es vuestro lugar, lugar perfecto para aquel que quiera evadirse por un rato de todo.<\/p>\n<p>&nbsp;<\/p>\n<h2><b>GALER\u00cdA DE IM\u00c1GENES<\/b><\/h2>\n<\/div>\n<p>[\/et_pb_text][et_pb_gallery gallery_ids=\u00bb697,696,695,694,693,692,691,690&#8243; posts_number=\u00bb12&#8243; show_title_and_caption=\u00bboff\u00bb show_pagination=\u00bboff\u00bb _builder_version=\u00bb4.9.4&#8243; _module_preset=\u00bbdefault\u00bb text_orientation=\u00bbcenter\u00bb max_width=\u00bb70%\u00bb custom_margin=\u00bb|auto||auto|false|false\u00bb][\/et_pb_gallery][\/et_pb_column][\/et_pb_row][\/et_pb_section]<\/p>\n","protected":false},"excerpt":{"rendered":"<p>[et_pb_section fb_built=\u00bb1&#8243; _builder_version=\u00bb4.9.4&#8243; _module_preset=\u00bbdefault\u00bb][et_pb_row use_custom_gutter=\u00bbon\u00bb gutter_width=\u00bb2&#8243; _builder_version=\u00bb4.9.4&#8243; _module_preset=\u00bbdefault\u00bb width=\u00bb100%\u00bb max_width=\u00bb100%\u00bb][et_pb_column type=\u00bb4_4&#8243; _builder_version=\u00bb4.9.4&#8243; _module_preset=\u00bbdefault\u00bb][et_pb_text module_id=\u00bbcustom-text\u00bb _builder_version=\u00bb4.9.4&#8243; _module_preset=\u00bbdefault\u00bb hover_enabled=\u00bb0&#8243; sticky_enabled=\u00bb0&#8243;] Merenderos y Refugios Listado de Merenderos y Refugios del entorno, vea abajo la galer\u00eda de im\u00e1genes FUENTE DEL TIO MANTECAS Uno de los bonitos parajes que encontrareis en Orihuela, FUENTE DEL T\u00cdO MANTECAS, lugar fresco donde los [&hellip;]<\/p>\n","protected":false},"author":1,"featured_media":0,"parent":528,"menu_order":0,"comment_status":"closed","ping_status":"closed","template":"","meta":{"_et_pb_use_builder":"on","_et_pb_old_content":"","_et_gb_content_width":"","footnotes":""},"class_list":["post-623","page","type-page","status-publish","hentry"],"_links":{"self":[{"href":"https:\/\/orihuela.itcyhost.es\/index.php\/wp-json\/wp\/v2\/pages\/623","targetHints":{"allow":["GET"]}}],"collection":[{"href":"https:\/\/orihuela.itcyhost.es\/index.php\/wp-json\/wp\/v2\/pages"}],"about":[{"href":"https:\/\/orihuela.itcyhost.es\/index.php\/wp-json\/wp\/v2\/types\/page"}],"author":[{"embeddable":true,"href":"https:\/\/orihuela.itcyhost.es\/index.php\/wp-json\/wp\/v2\/users\/1"}],"replies":[{"embeddable":true,"href":"https:\/\/orihuela.itcyhost.es\/index.php\/wp-json\/wp\/v2\/comments?post=623"}],"version-history":[{"count":9,"href":"https:\/\/orihuela.itcyhost.es\/index.php\/wp-json\/wp\/v2\/pages\/623\/revisions"}],"predecessor-version":[{"id":1439,"href":"https:\/\/orihuela.itcyhost.es\/index.php\/wp-json\/wp\/v2\/pages\/623\/revisions\/1439"}],"up":[{"embeddable":true,"href":"https:\/\/orihuela.itcyhost.es\/index.php\/wp-json\/wp\/v2\/pages\/528"}],"wp:attachment":[{"href":"https:\/\/orihuela.itcyhost.es\/index.php\/wp-json\/wp\/v2\/media?parent=623"}],"curies":[{"name":"wp","href":"https:\/\/api.w.org\/{rel}","templated":true}]}}