{"id":628,"date":"2021-05-19T09:31:20","date_gmt":"2021-05-19T09:31:20","guid":{"rendered":"http:\/\/orihuela.itcyhost.es\/?page_id=628"},"modified":"2021-07-02T12:10:01","modified_gmt":"2021-07-02T12:10:01","slug":"iglesia-san-millan","status":"publish","type":"page","link":"https:\/\/orihuela.itcyhost.es\/index.php\/turismo\/que-puedes-visitar\/iglesia-san-millan\/","title":{"rendered":"Iglesia San Millan"},"content":{"rendered":"<p>[et_pb_section fb_built=\u00bb1&#8243; _builder_version=\u00bb4.9.4&#8243; _module_preset=\u00bbdefault\u00bb][et_pb_row _builder_version=\u00bb4.9.4&#8243; _module_preset=\u00bbdefault\u00bb width=\u00bb100%\u00bb width_tablet=\u00bb\u00bb width_phone=\u00bb90%\u00bb width_last_edited=\u00bbon|phone\u00bb max_width=\u00bb100%\u00bb][et_pb_column type=\u00bb4_4&#8243; _builder_version=\u00bb4.9.4&#8243; _module_preset=\u00bbdefault\u00bb][et_pb_text module_id=\u00bbcustom-text\u00bb _builder_version=\u00bb4.9.4&#8243; _module_preset=\u00bbdefault\u00bb hover_enabled=\u00bb0&#8243; sticky_enabled=\u00bb0&#8243;]<\/p>\n<div class=\"container\">\n<h2><strong>Iglesia de San Millan de La Cogolla<\/strong><\/h2>\n<p style=\"padding-left: 40px;\"><span class='et-dropcap'>E<\/span>dificio que destacada por su monumentalidad. Localizada en la parte m\u00e1s alta de Orihuela, posici\u00f3n desde la cual custodia el municipio y sobresale sobre todo el conjunto del mismo.<\/p>\n<p style=\"padding-left: 40px;\">Fue declarada Conjunto Hist\u00f3rico-Art\u00edstico junto con el sector urbano en que se halla enclavada en el a\u00f1o 1972.<\/p>\n<p style=\"padding-left: 40px;\">De estilo barroco, construida en la \u00e9poca m\u00e1s esplendorosa de Orihuela finales del\u00a0 S.XVII, es uno de los ejemplos m\u00e1s bellos y mejor conservados en este estilo de nuestra Provincia. El Proyecto fue realizado por uno de los arquitectos m\u00e1s importantes de aquella \u00e9poca, Jos\u00e9 Martin de Aldehuela, y fue realizada materialmente por los maestros Joaqu\u00edn Gilberto y Juan Chavarr\u00eda Domingo.<\/p>\n<p style=\"padding-left: 40px;\">Pese a la severidad de la fachada frontal, el interior destaca por su belleza, colorido y luminosidad. El visitante que se anime a conocerla en profundidad, podr\u00e1 disfrutar de la armon\u00eda en la que est\u00e1 construida, cada elemento decorativo esta en el lugar adecuado para hacer de ella un conjunto arquitect\u00f3nico perfecto.<\/p>\n<p style=\"padding-left: 40px;\">La f\u00e1brica consta de tres naves, y tiene tantas capillas laterales como tramos, cada una con su correspondiente retablo.<\/p>\n<p style=\"padding-left: 40px;\">Ha sido restaurada en varias ocasiones, consiguiendo en una de ellas sacar los colores originales con los que fue pintada.<\/p>\n<p style=\"padding-left: 40px;\">Contiene piezas excepcionales y dignas de ser admiradas, como por ejemplo retablo mayor de estilo plateresco dedicado a San Mill\u00e1n de la Cogolla, quien lo preside, presidiendo as\u00ed pues la iglesia, por ser el Patr\u00f3n del municipio y dedicaci\u00f3n de la misma. Siendo la advocaci\u00f3n de nuestra iglesia parroquial a San Mill\u00e1n de la Cogolla, \u00fanica en todo Arag\u00f3n, que nos recuerda que los primeros pobladores Cristianos de Orihuela fueron de origen Navarro.<\/p>\n<p style=\"padding-left: 40px;\">Otra pieza admirable es el todav\u00eda bien conservado \u00f3rgano, que se sigue tocando en misas que lo requieren, por supuesto la imagen original de nuestra Se\u00f1ora del Tremedal, entre otras muchas representaciones\u00a0 y piezas que unidas a esta magn\u00edfica construcci\u00f3n hacen que nuestra iglesia sea un conjunto arquitect\u00f3nico \u00fanico, que har\u00e1 el deleite de todo aquel que la visite.<\/p>\n<p><img loading=\"lazy\" decoding=\"async\" src=\"http:\/\/orihuela.itcyhost.es\/wp-content\/uploads\/2021\/05\/foto-iglesia.jpg\" width=\"450\" height=\"600\" alt=\"\" class=\"wp-image-675 aligncenter size-medium\" \/><\/p>\n<\/div>\n<p>[\/et_pb_text][\/et_pb_column][\/et_pb_row][\/et_pb_section]<\/p>\n","protected":false},"excerpt":{"rendered":"<p>[et_pb_section fb_built=\u00bb1&#8243; _builder_version=\u00bb4.9.4&#8243; _module_preset=\u00bbdefault\u00bb][et_pb_row _builder_version=\u00bb4.9.4&#8243; _module_preset=\u00bbdefault\u00bb width=\u00bb100%\u00bb width_tablet=\u00bb\u00bb width_phone=\u00bb90%\u00bb width_last_edited=\u00bbon|phone\u00bb max_width=\u00bb100%\u00bb][et_pb_column type=\u00bb4_4&#8243; _builder_version=\u00bb4.9.4&#8243; _module_preset=\u00bbdefault\u00bb][et_pb_text module_id=\u00bbcustom-text\u00bb _builder_version=\u00bb4.9.4&#8243; _module_preset=\u00bbdefault\u00bb hover_enabled=\u00bb0&#8243; sticky_enabled=\u00bb0&#8243;] Iglesia de San Millan de La Cogolla dificio que destacada por su monumentalidad. Localizada en la parte m\u00e1s alta de Orihuela, posici\u00f3n desde la cual custodia el municipio y sobresale sobre todo el conjunto del mismo. [&hellip;]<\/p>\n","protected":false},"author":1,"featured_media":0,"parent":525,"menu_order":0,"comment_status":"closed","ping_status":"closed","template":"","meta":{"_et_pb_use_builder":"on","_et_pb_old_content":"","_et_gb_content_width":"","footnotes":""},"class_list":["post-628","page","type-page","status-publish","hentry"],"_links":{"self":[{"href":"https:\/\/orihuela.itcyhost.es\/index.php\/wp-json\/wp\/v2\/pages\/628","targetHints":{"allow":["GET"]}}],"collection":[{"href":"https:\/\/orihuela.itcyhost.es\/index.php\/wp-json\/wp\/v2\/pages"}],"about":[{"href":"https:\/\/orihuela.itcyhost.es\/index.php\/wp-json\/wp\/v2\/types\/page"}],"author":[{"embeddable":true,"href":"https:\/\/orihuela.itcyhost.es\/index.php\/wp-json\/wp\/v2\/users\/1"}],"replies":[{"embeddable":true,"href":"https:\/\/orihuela.itcyhost.es\/index.php\/wp-json\/wp\/v2\/comments?post=628"}],"version-history":[{"count":8,"href":"https:\/\/orihuela.itcyhost.es\/index.php\/wp-json\/wp\/v2\/pages\/628\/revisions"}],"predecessor-version":[{"id":1461,"href":"https:\/\/orihuela.itcyhost.es\/index.php\/wp-json\/wp\/v2\/pages\/628\/revisions\/1461"}],"up":[{"embeddable":true,"href":"https:\/\/orihuela.itcyhost.es\/index.php\/wp-json\/wp\/v2\/pages\/525"}],"wp:attachment":[{"href":"https:\/\/orihuela.itcyhost.es\/index.php\/wp-json\/wp\/v2\/media?parent=628"}],"curies":[{"name":"wp","href":"https:\/\/api.w.org\/{rel}","templated":true}]}}