{"id":631,"date":"2021-05-19T09:31:51","date_gmt":"2021-05-19T09:31:51","guid":{"rendered":"http:\/\/orihuela.itcyhost.es\/?page_id=631"},"modified":"2021-07-02T12:10:01","modified_gmt":"2021-07-02T12:10:01","slug":"centro-interpretacion","status":"publish","type":"page","link":"https:\/\/orihuela.itcyhost.es\/index.php\/turismo\/que-puedes-visitar\/centro-interpretacion\/","title":{"rendered":"Centro Interpretaci\u00f3n"},"content":{"rendered":"<p>[et_pb_section fb_built=\u00bb1&#8243; _builder_version=\u00bb4.9.4&#8243; _module_preset=\u00bbdefault\u00bb][et_pb_row _builder_version=\u00bb4.9.4&#8243; _module_preset=\u00bbdefault\u00bb width=\u00bb100%\u00bb width_tablet=\u00bb\u00bb width_phone=\u00bb90%\u00bb width_last_edited=\u00bbon|phone\u00bb max_width=\u00bb100%\u00bb width__hover_enabled=\u00bboff|desktop\u00bb][et_pb_column type=\u00bb4_4&#8243; _builder_version=\u00bb4.9.4&#8243; _module_preset=\u00bbdefault\u00bb][et_pb_text module_id=\u00bbcustom-text\u00bb _builder_version=\u00bb4.9.4&#8243; _module_preset=\u00bbdefault\u00bb hover_enabled=\u00bb0&#8243; sticky_enabled=\u00bb0&#8243;]<\/p>\n<div class=\"container\">\n<h2><strong>Centro Interpretaci\u00f3n<\/strong><\/h2>\n<p style=\"padding-left: 40px;\"><span class='et-dropcap'>E<\/span>l<span>\u00a0<\/span><strong>Centro de interpretaci\u00f3n de la Reserva de Caza de los Montes Universales<\/strong>, inicia sus actividad en septiembre de 2011, inaugurada por el Alcalde en eses momento,\u00a0 Juan Vicente Aparicio, se decide su apertura, para contar y ense\u00f1ar toda la biodiversidad que encontramos en la Sierra de Albarracin y a la existencia en nuestra zona de la Reserva de Caza Montes universales, que tiene su origen en la reintroducci\u00f3n del ciervo en los a\u00f1os 60, cohabitando en la misma especies como el Jabal\u00ed, el Gamo, Corzo , El zorro, la liebre\u2026. y por supuesto el ciervo.<\/p>\n<p style=\"padding-left: 40px;\">Nuestro Centro de interpretaci\u00f3n demuestra de forma muy visual y did\u00e1ctica la mayor parte de la fauna y flora que encontraremos al visitar Orihuela del Tremedal y la Sierra de Albarracin.<\/p>\n<p style=\"padding-left: 40px;\">Consta tres salas m\u00e1s el hall de entrada \u00a0con su c\u00fapula visitable hoy tambi\u00e9n, donde el visitante har\u00e1 la toma de contacto hacia el resto de las salas, encontrando curiosidades que llamaran la atenci\u00f3n de todo de ni\u00f1os y mayores. Las tres salas restantes nos explican con paneles, audiovisuales, maquetas a tama\u00f1o real, fotograf\u00edas\u2026 el variado patrimonio natural que poseemos, micolog\u00eda, mariposas, huellas, sonidos del bosque, el ciervo\u2026\u00a0adem\u00e1s de mostrarnos dos de la formaciones ecol\u00f3gicas m\u00e1s excepcionales de los montes de Orihuela : los r\u00edos de piedra y los humedales o \u201ctremedales\u201d. Los Tremedales de Orihuela son uno de los cuatro humedales aragoneses incluidos en la lista de la convenci\u00f3n relativa a los humedales de importancia internacional, dentro del Convenio Ramsar, adem\u00e1s de estar recogidos tambi\u00e9n dentro del inventario de humedales singulares de Arag\u00f3n y dentro de la Red natura 2000.<\/p>\n<p style=\"padding-left: 40px;\">El objetivo principal de este Centro de interpretaci\u00f3n es acercar al visitante a toda esta herencia natural, para su conocimiento y de una forma cercana y f\u00e1cil, siendo as\u00ed una forma de concienciaci\u00f3n de la gran cantidad de patrimonio que tenemos y asegurar su futuro sostenible por medio de la difusi\u00f3n del mismo.<\/p>\n<p style=\"padding-left: 40px;\">Ideal para todo tipo de p\u00fablico, incluidos ni\u00f1os.<\/p>\n<p style=\"padding-left: 40px;\">En el oto\u00f1o se realizan visitas al monte cuando el ciervo est\u00e1 en berrea para contemplar su majestuosidad. Tal es la afluencia de p\u00fablico, \u00a0que hay que\u00a0 reservar con antelaci\u00f3n para poder acceder a tales excursiones.<\/p>\n<p style=\"padding-left: 40px;\"><img decoding=\"async\" loading=\"lazy\" class=\"size-large wp-image-964 aligncenter\" src=\"http:\/\/orihuela.itcyhost.es\/wp-content\/uploads\/2021\/05\/centro-interpretacion.jpg\" alt=\"centro interpretacion\" width=\"550\" height=\"413\" sizes=\"auto, (max-width: 550px) 100vw, 550px\" \/><\/p>\n<\/div>\n<p>[\/et_pb_text][\/et_pb_column][\/et_pb_row][\/et_pb_section]<\/p>\n","protected":false},"excerpt":{"rendered":"<p>[et_pb_section fb_built=\u00bb1&#8243; _builder_version=\u00bb4.9.4&#8243; _module_preset=\u00bbdefault\u00bb][et_pb_row _builder_version=\u00bb4.9.4&#8243; _module_preset=\u00bbdefault\u00bb width=\u00bb100%\u00bb width_tablet=\u00bb\u00bb width_phone=\u00bb90%\u00bb width_last_edited=\u00bbon|phone\u00bb max_width=\u00bb100%\u00bb width__hover_enabled=\u00bboff|desktop\u00bb][et_pb_column type=\u00bb4_4&#8243; _builder_version=\u00bb4.9.4&#8243; _module_preset=\u00bbdefault\u00bb][et_pb_text module_id=\u00bbcustom-text\u00bb _builder_version=\u00bb4.9.4&#8243; _module_preset=\u00bbdefault\u00bb hover_enabled=\u00bb0&#8243; sticky_enabled=\u00bb0&#8243;] Centro Interpretaci\u00f3n l\u00a0Centro de interpretaci\u00f3n de la Reserva de Caza de los Montes Universales, inicia sus actividad en septiembre de 2011, inaugurada por el Alcalde en eses momento,\u00a0 Juan Vicente Aparicio, se decide su apertura, [&hellip;]<\/p>\n","protected":false},"author":1,"featured_media":0,"parent":525,"menu_order":0,"comment_status":"closed","ping_status":"closed","template":"","meta":{"_et_pb_use_builder":"on","_et_pb_old_content":"","_et_gb_content_width":"","footnotes":""},"class_list":["post-631","page","type-page","status-publish","hentry"],"_links":{"self":[{"href":"https:\/\/orihuela.itcyhost.es\/index.php\/wp-json\/wp\/v2\/pages\/631","targetHints":{"allow":["GET"]}}],"collection":[{"href":"https:\/\/orihuela.itcyhost.es\/index.php\/wp-json\/wp\/v2\/pages"}],"about":[{"href":"https:\/\/orihuela.itcyhost.es\/index.php\/wp-json\/wp\/v2\/types\/page"}],"author":[{"embeddable":true,"href":"https:\/\/orihuela.itcyhost.es\/index.php\/wp-json\/wp\/v2\/users\/1"}],"replies":[{"embeddable":true,"href":"https:\/\/orihuela.itcyhost.es\/index.php\/wp-json\/wp\/v2\/comments?post=631"}],"version-history":[{"count":9,"href":"https:\/\/orihuela.itcyhost.es\/index.php\/wp-json\/wp\/v2\/pages\/631\/revisions"}],"predecessor-version":[{"id":1465,"href":"https:\/\/orihuela.itcyhost.es\/index.php\/wp-json\/wp\/v2\/pages\/631\/revisions\/1465"}],"up":[{"embeddable":true,"href":"https:\/\/orihuela.itcyhost.es\/index.php\/wp-json\/wp\/v2\/pages\/525"}],"wp:attachment":[{"href":"https:\/\/orihuela.itcyhost.es\/index.php\/wp-json\/wp\/v2\/media?parent=631"}],"curies":[{"name":"wp","href":"https:\/\/api.w.org\/{rel}","templated":true}]}}