{"id":634,"date":"2021-05-19T09:32:41","date_gmt":"2021-05-19T09:32:41","guid":{"rendered":"http:\/\/orihuela.itcyhost.es\/?page_id=634"},"modified":"2021-07-02T12:10:01","modified_gmt":"2021-07-02T12:10:01","slug":"casas-y-fachadas","status":"publish","type":"page","link":"https:\/\/orihuela.itcyhost.es\/index.php\/turismo\/que-puedes-visitar\/casas-y-fachadas\/","title":{"rendered":"Casas Y Fachadas"},"content":{"rendered":"<p>[et_pb_section fb_built=\u00bb1&#8243; _builder_version=\u00bb4.9.4&#8243; _module_preset=\u00bbdefault\u00bb][et_pb_row _builder_version=\u00bb4.9.4&#8243; _module_preset=\u00bbdefault\u00bb width=\u00bb100%\u00bb width_tablet=\u00bb\u00bb width_phone=\u00bb90%\u00bb width_last_edited=\u00bbon|phone\u00bb max_width=\u00bb100%\u00bb][et_pb_column type=\u00bb4_4&#8243; _builder_version=\u00bb4.9.4&#8243; _module_preset=\u00bbdefault\u00bb][et_pb_text module_id=\u00bbcustom-text\u00bb _builder_version=\u00bb4.9.4&#8243; _module_preset=\u00bbdefault\u00bb hover_enabled=\u00bb0&#8243; sticky_enabled=\u00bb0&#8243;]<\/p>\n<div class=\"container\">\n<h2><strong>Casas Y Fachadas<\/strong><\/h2>\n<p>&nbsp;<\/p>\n<h2 style=\"padding-left: 40px;\">Casa Fern\u00e1ndez Rajo<\/h2>\n<p style=\"padding-left: 40px;\">La casa que encontramos haciendo esquina en la plaza del Ayuntamiento, es la que anta\u00f1o fuera propiedad de la Familia de los Fern\u00e1ndez Rajo.<\/p>\n<p style=\"padding-left: 40px;\">Destaca por sus grandes proporciones que nos demuestran que quien la habito, ten\u00eda una buena posici\u00f3n econ\u00f3mica y social.<\/p>\n<p style=\"padding-left: 40px;\">La casa es del S.XVII aunque hoy en d\u00eda esta totalmente restaurada guardando las est\u00e9tica exterior original. Reflejo de este pasado notable, encontramos la gran puerta de entrada rematada por el escudo de la familia labrado en piedra y el trabajo de forja colocado en las ventanas, adem\u00e1s otros curiosos motivos.<\/p>\n<p style=\"padding-left: 40px;\"><img decoding=\"async\" loading=\"lazy\" class=\"alignnone size-medium wp-image-1197\" src=\"http:\/\/orihuela.itcyhost.es\/wp-content\/uploads\/2021\/05\/foto-casa-fernandez-rajo-300x225.jpg\" alt=\"\" width=\"300\" height=\"225\" sizes=\"auto, (max-width: 300px) 100vw, 300px\" style=\"display: block; margin-left: auto; margin-right: auto;\" \/><\/p>\n<h2 style=\"padding-left: 40px;\">Casa Arsenio y Conrada<\/h2>\n<p style=\"padding-left: 40px;\">Otra muestra, del pasado se\u00f1orial de Orihuela la encontramos en esta gran casona, otro ejemplo que ha podido conservarse y que demuestra la importancia de nuestro municipio en el S.XVIII.<\/p>\n<p style=\"padding-left: 40px;\">Cuenta con las mismas caracter\u00edsticas que las anteriores, belleza del trabajo en forja, alero trabajado de madera, grandes dimensiones, que nos indican esa posici\u00f3n social.<\/p>\n<p style=\"padding-left: 40px;\">La fachada exterior se restauro hace unos a\u00f1os, siguiendo la estructura de la construccu\u00f3n original.<\/p>\n<p style=\"padding-left: 40px;\">Est\u00e1 localizada en la calle Centro.<\/p>\n<p style=\"padding-left: 40px;\"><img decoding=\"async\" loading=\"lazy\" class=\"alignnone size-medium wp-image-1200\" src=\"http:\/\/orihuela.itcyhost.es\/wp-content\/uploads\/2021\/05\/foto-casa-de-arsenio-y-conrada-300x218.jpg\" alt=\"\" width=\"300\" height=\"218\" sizes=\"auto, (max-width: 300px) 100vw, 300px\" style=\"display: block; margin-left: auto; margin-right: auto;\" \/><\/p>\n<h2 style=\"padding-left: 40px;\">Fachadas Ocupacion Navarra<\/h2>\n<p style=\"padding-left: 40px;\"><img decoding=\"async\" loading=\"lazy\" class=\"alignleft size-thumbnail wp-image-962\" src=\"http:\/\/orihuela.itcyhost.es\/wp-content\/uploads\/2021\/05\/foto-ocupacion-navarra-300x200.jpg\" alt=\"ocupacion navarra\" width=\"150\" height=\"150\" \/>En 1170 toda la zona que hoy comprende la Comarca de la Sierra de Albarracin, pasa a manos de pobladores de Origen Navarro. Estos nuevos pobladores hicieron de nuestra Sierra su hogar y dejaron una impronta muy importante,<\/p>\n<p style=\"padding-left: 40px;\">Trajeron las costumbre de adornar las fachadas de las casa con parras o vides, dado que para ellos era un \u00e1rbol con las caracter\u00edsticas necesarias para su utilizaci\u00f3n ya lo dice la etimolog\u00eda de la palabra El nombre com\u00fan del g\u00e9nero ser\u00eda derivado del celta\u00a0<em>gwid<\/em>\u00a0o\u00a0<em>wid<\/em>:\u00a0\u00e1rbol,\u00a0arbusto, (el mejor de los \u00e1rboles).<\/p>\n<p style=\"padding-left: 40px;\">Las colocaban en las fachadas de sus casa y que realizaba las dos funciones que ellos buscaban, resguardaba la fachada del sol intenso del d\u00eda, por lo que daba frescor a la casa, y daba fruto, sabroso que recoger\u00edan y les servir\u00eda alimento para el invierno.<\/p>\n<p style=\"padding-left: 40px;\">Tradici\u00f3n que ha llegado hasta nuestros d\u00edas, ya que todav\u00eda hoy podemos observar grandes parras decorando muchas de las casa de nuestro municipio.<\/p>\n<p style=\"padding-left: 40px;\">\n<h2 style=\"padding-left: 40px;\">Escudos familiares<\/h2>\n<p style=\"padding-left: 40px;\"><img decoding=\"async\" loading=\"lazy\" class=\"alignleft size-thumbnail wp-image-965\" src=\"http:\/\/orihuela.itcyhost.es\/wp-content\/uploads\/2021\/05\/foto-escudo-casonas-217x300.jpg\" alt=\"\" width=\"150\" height=\"150\" \/>Debido al\u00a0 car\u00e1cter se\u00f1orial al que nos referimos con anterioridad, las calles de Orihuela todav\u00eda nos muestran los vestigios de su pasado. No solo exist\u00edan en aquella \u00e9poca, las casonas se\u00f1oriales que hoy quedan en pie exist\u00edan muchas m\u00e1s que por diferentes causas no aguantaron los avatares del tiempo. Pero aunque no todas sigan en pie, y quedando los mejores ejemplos de las mismas, lo que s\u00ed podr\u00e1n contemplar en muchas de las fachadas del pueblo son los escudos recuperados de muchas de esas familias que hicieron de Orihuela un lugar con poder\u00edo y futuro.<\/p>\n<p style=\"padding-left: 40px;\">\n<p style=\"padding-left: 40px;\">\n<p>&nbsp;<\/p>\n<\/div>\n<p>[\/et_pb_text][\/et_pb_column][\/et_pb_row][\/et_pb_section]<\/p>\n","protected":false},"excerpt":{"rendered":"<p>[et_pb_section fb_built=\u00bb1&#8243; _builder_version=\u00bb4.9.4&#8243; _module_preset=\u00bbdefault\u00bb][et_pb_row _builder_version=\u00bb4.9.4&#8243; _module_preset=\u00bbdefault\u00bb width=\u00bb100%\u00bb width_tablet=\u00bb\u00bb width_phone=\u00bb90%\u00bb width_last_edited=\u00bbon|phone\u00bb max_width=\u00bb100%\u00bb][et_pb_column type=\u00bb4_4&#8243; _builder_version=\u00bb4.9.4&#8243; _module_preset=\u00bbdefault\u00bb][et_pb_text module_id=\u00bbcustom-text\u00bb _builder_version=\u00bb4.9.4&#8243; _module_preset=\u00bbdefault\u00bb hover_enabled=\u00bb0&#8243; sticky_enabled=\u00bb0&#8243;] Casas Y Fachadas &nbsp; Casa Fern\u00e1ndez Rajo La casa que encontramos haciendo esquina en la plaza del Ayuntamiento, es la que anta\u00f1o fuera propiedad de la Familia de los Fern\u00e1ndez Rajo. Destaca por sus grandes proporciones [&hellip;]<\/p>\n","protected":false},"author":1,"featured_media":0,"parent":525,"menu_order":0,"comment_status":"closed","ping_status":"closed","template":"","meta":{"_et_pb_use_builder":"on","_et_pb_old_content":"","_et_gb_content_width":"","footnotes":""},"class_list":["post-634","page","type-page","status-publish","hentry"],"_links":{"self":[{"href":"https:\/\/orihuela.itcyhost.es\/index.php\/wp-json\/wp\/v2\/pages\/634","targetHints":{"allow":["GET"]}}],"collection":[{"href":"https:\/\/orihuela.itcyhost.es\/index.php\/wp-json\/wp\/v2\/pages"}],"about":[{"href":"https:\/\/orihuela.itcyhost.es\/index.php\/wp-json\/wp\/v2\/types\/page"}],"author":[{"embeddable":true,"href":"https:\/\/orihuela.itcyhost.es\/index.php\/wp-json\/wp\/v2\/users\/1"}],"replies":[{"embeddable":true,"href":"https:\/\/orihuela.itcyhost.es\/index.php\/wp-json\/wp\/v2\/comments?post=634"}],"version-history":[{"count":8,"href":"https:\/\/orihuela.itcyhost.es\/index.php\/wp-json\/wp\/v2\/pages\/634\/revisions"}],"predecessor-version":[{"id":1466,"href":"https:\/\/orihuela.itcyhost.es\/index.php\/wp-json\/wp\/v2\/pages\/634\/revisions\/1466"}],"up":[{"embeddable":true,"href":"https:\/\/orihuela.itcyhost.es\/index.php\/wp-json\/wp\/v2\/pages\/525"}],"wp:attachment":[{"href":"https:\/\/orihuela.itcyhost.es\/index.php\/wp-json\/wp\/v2\/media?parent=634"}],"curies":[{"name":"wp","href":"https:\/\/api.w.org\/{rel}","templated":true}]}}