{"id":640,"date":"2021-05-19T09:34:26","date_gmt":"2021-05-19T09:34:26","guid":{"rendered":"http:\/\/orihuela.itcyhost.es\/?page_id=640"},"modified":"2021-07-02T12:10:01","modified_gmt":"2021-07-02T12:10:01","slug":"ermita-santa-barbara","status":"publish","type":"page","link":"https:\/\/orihuela.itcyhost.es\/index.php\/turismo\/que-puedes-visitar\/ermita-santa-barbara\/","title":{"rendered":"Ermita Santa Barbara"},"content":{"rendered":"<p>[et_pb_section fb_built=\u00bb1&#8243; _builder_version=\u00bb4.9.4&#8243; _module_preset=\u00bbdefault\u00bb][et_pb_row _builder_version=\u00bb4.9.4&#8243; _module_preset=\u00bbdefault\u00bb width=\u00bb100%\u00bb width_tablet=\u00bb\u00bb width_phone=\u00bb90%\u00bb width_last_edited=\u00bbon|phone\u00bb max_width=\u00bb100%\u00bb][et_pb_column type=\u00bb4_4&#8243; _builder_version=\u00bb4.9.4&#8243; _module_preset=\u00bbdefault\u00bb][et_pb_text module_id=\u00bbcustom-text\u00bb _builder_version=\u00bb4.9.4&#8243; _module_preset=\u00bbdefault\u00bb hover_enabled=\u00bb0&#8243; sticky_enabled=\u00bb0&#8243;]<\/p>\n<div class=\"container\">\n<h2><strong>ERMITA DE SANTA BARBARA<\/strong><\/h2>\n<p style=\"padding-left: 40px;\"><span class='et-dropcap'>D<\/span>icha Ermita se encuentra ubicada justo abajo de la conocida como Ermita del Castillo. Con el paso de los a\u00f1os, esta construcci\u00f3n cay\u00f3 en desuso y qued\u00f3 carente de inter\u00e9s bajo el esplendor y advocaci\u00f3n a Nuestra Virgen del Tremedal y su santuario, donde originariamente los oriolanos quer\u00edan construirlo por un mejor acceso.<\/p>\n<p style=\"padding-left: 40px;\">Es entonces cuando debido al auge demogr\u00e1fico que viv\u00eda la localidad a principios del siglo XVIII, la ganader\u00eda y la agricultura pasan a ser la fuente principal de ingresos de la localidad, teni\u00e9ndose que roturar tierras por parte del Ayuntamiento, con el considerable aumento de los pares de labor para que las familias tuvieran medios para vivir. Esto hizo que los agricultores y ganaderos del municipio pensaran en construir la Ermita de Santa B\u00e1rbara con el fin de proteger sus campos de alimentos, para sus familias y animales, orientada al pueblo donde ellos ten\u00edan un mejor acceso y mayor visualizaci\u00f3n de su protectora.<\/p>\n<p style=\"padding-left: 40px;\">Se construye donde est\u00e1, pensando tambi\u00e9n en integrarla dentro del itinerario de la Romer\u00eda a Nuestra Virgen del Tremedal y donde antiguamente, al pasar por el lugar, se cantaba una salve haciendo una primera parada, para luego seguir con otros hitos m\u00e1gicos del camino al Santuario, como El Prado de la Caridad, donde se daban donativos en la \u00e9poca a los m\u00e1s necesitados, la Piedra del Tesoro, etc.<\/p>\n<p style=\"padding-left: 40px;\">En este reciente 2016 se ha hecho una restauraci\u00f3n completa de esta ermita, lo que har\u00e1 quede su belleza quede protegida para los a\u00f1os.<\/p>\n<\/div>\n<p>[\/et_pb_text][\/et_pb_column][\/et_pb_row][\/et_pb_section]<\/p>\n","protected":false},"excerpt":{"rendered":"<p>[et_pb_section fb_built=\u00bb1&#8243; _builder_version=\u00bb4.9.4&#8243; _module_preset=\u00bbdefault\u00bb][et_pb_row _builder_version=\u00bb4.9.4&#8243; _module_preset=\u00bbdefault\u00bb width=\u00bb100%\u00bb width_tablet=\u00bb\u00bb width_phone=\u00bb90%\u00bb width_last_edited=\u00bbon|phone\u00bb max_width=\u00bb100%\u00bb][et_pb_column type=\u00bb4_4&#8243; _builder_version=\u00bb4.9.4&#8243; _module_preset=\u00bbdefault\u00bb][et_pb_text module_id=\u00bbcustom-text\u00bb _builder_version=\u00bb4.9.4&#8243; _module_preset=\u00bbdefault\u00bb hover_enabled=\u00bb0&#8243; sticky_enabled=\u00bb0&#8243;] ERMITA DE SANTA BARBARA icha Ermita se encuentra ubicada justo abajo de la conocida como Ermita del Castillo. Con el paso de los a\u00f1os, esta construcci\u00f3n cay\u00f3 en desuso y qued\u00f3 carente de inter\u00e9s bajo el [&hellip;]<\/p>\n","protected":false},"author":1,"featured_media":0,"parent":525,"menu_order":0,"comment_status":"closed","ping_status":"closed","template":"","meta":{"_et_pb_use_builder":"on","_et_pb_old_content":"","_et_gb_content_width":"","footnotes":""},"class_list":["post-640","page","type-page","status-publish","hentry"],"_links":{"self":[{"href":"https:\/\/orihuela.itcyhost.es\/index.php\/wp-json\/wp\/v2\/pages\/640","targetHints":{"allow":["GET"]}}],"collection":[{"href":"https:\/\/orihuela.itcyhost.es\/index.php\/wp-json\/wp\/v2\/pages"}],"about":[{"href":"https:\/\/orihuela.itcyhost.es\/index.php\/wp-json\/wp\/v2\/types\/page"}],"author":[{"embeddable":true,"href":"https:\/\/orihuela.itcyhost.es\/index.php\/wp-json\/wp\/v2\/users\/1"}],"replies":[{"embeddable":true,"href":"https:\/\/orihuela.itcyhost.es\/index.php\/wp-json\/wp\/v2\/comments?post=640"}],"version-history":[{"count":9,"href":"https:\/\/orihuela.itcyhost.es\/index.php\/wp-json\/wp\/v2\/pages\/640\/revisions"}],"predecessor-version":[{"id":1463,"href":"https:\/\/orihuela.itcyhost.es\/index.php\/wp-json\/wp\/v2\/pages\/640\/revisions\/1463"}],"up":[{"embeddable":true,"href":"https:\/\/orihuela.itcyhost.es\/index.php\/wp-json\/wp\/v2\/pages\/525"}],"wp:attachment":[{"href":"https:\/\/orihuela.itcyhost.es\/index.php\/wp-json\/wp\/v2\/media?parent=640"}],"curies":[{"name":"wp","href":"https:\/\/api.w.org\/{rel}","templated":true}]}}