{"id":893,"date":"2021-05-20T09:52:36","date_gmt":"2021-05-20T09:52:36","guid":{"rendered":"http:\/\/orihuela.itcyhost.es\/?page_id=893"},"modified":"2021-07-02T12:09:38","modified_gmt":"2021-07-02T12:09:38","slug":"aviso-legal","status":"publish","type":"page","link":"https:\/\/orihuela.itcyhost.es\/index.php\/aviso-legal\/","title":{"rendered":"Aviso Legal"},"content":{"rendered":"<p>[et_pb_section fb_built=\u00bb1&#8243; _builder_version=\u00bb4.9.4&#8243; _module_preset=\u00bbdefault\u00bb][et_pb_row _builder_version=\u00bb4.9.4&#8243; _module_preset=\u00bbdefault\u00bb][et_pb_column type=\u00bb4_4&#8243; _builder_version=\u00bb4.9.4&#8243; _module_preset=\u00bbdefault\u00bb][et_pb_post_title meta=\u00bboff\u00bb featured_image=\u00bboff\u00bb _builder_version=\u00bb4.9.4&#8243; _module_preset=\u00bbdefault\u00bb title_font_size=\u00bb36px\u00bb][\/et_pb_post_title][et_pb_text module_id=\u00bbcustom-text\u00bb _builder_version=\u00bb4.9.4&#8243; _module_preset=\u00bbdefault\u00bb hover_enabled=\u00bb0&#8243; sticky_enabled=\u00bb0&#8243;]<\/p>\n<div class=\"post-header\">\n<h1 class=\"post-title\"><\/h1>\n<\/div>\n<div class=\"post-content\">\n<p>Todos los derechos de propiedad industrial e intelectual del este sitio web y de sus contenidos (textos, im\u00e1genes, dise\u00f1os, creatividades) pertenecen al Ayuntamiento de\u00a0 Orihuela del Tremedal, salvo que se exprese lo contrario. Tal y como dispone la legislaci\u00f3n ser\u00e1 necesaria autorizaci\u00f3n expresa para llevar a cabo la reproducci\u00f3n de cualquiera de dichos contenidos.<br \/>Este Ayuntamiento se reserva la facultad de efectuar, en cualquier momento y sin necesidad de previo aviso, modificaciones y actualizaciones sobre la informaci\u00f3n contenida en su web o en su configuraci\u00f3n o presentaci\u00f3n.<\/p>\n<h2>Garant\u00eda de protecci\u00f3n de datos personales<\/h2>\n<p>Este Ayuntamiento asegura la m\u00e1s estricta confidencialidad en la recogida y tratamiento de los datos facilitados por sus usuarios.<\/p>\n<p>En cumplimiento de lo dispuesto en la Ley Org\u00e1nica 15\/99 del 13 de diciembre de 1999 sobre Protecci\u00f3n de Datos de Car\u00e1cter Personal (LOPD), la persona registrada en este sitio web puede en todo momento ejercitar los derechos de acceso, rectificaci\u00f3n, cancelaci\u00f3n y revocaci\u00f3n del consentimiento para la cesi\u00f3n de sus datos en los t\u00e9rminos previstos en la referida Ley y dem\u00e1s normas que la desarrollan, as\u00ed como en lo dispuesto en la Ley de Servicios de la Sociedad de la Informaci\u00f3n y del Comercio Electr\u00f3nico (ley 34\/2002 de 11 de julio).<\/p>\n<p>Para el ejercicio de estos derechos, el interesado debe dirigirse a:<br \/><strong>Ayuntamiento de Orihuela del Tremedal<\/strong><\/p>\n<\/div>\n<p>[\/et_pb_text][\/et_pb_column][\/et_pb_row][\/et_pb_section]<\/p>\n","protected":false},"excerpt":{"rendered":"<p>[et_pb_section fb_built=\u00bb1&#8243; _builder_version=\u00bb4.9.4&#8243; _module_preset=\u00bbdefault\u00bb][et_pb_row _builder_version=\u00bb4.9.4&#8243; _module_preset=\u00bbdefault\u00bb][et_pb_column type=\u00bb4_4&#8243; _builder_version=\u00bb4.9.4&#8243; _module_preset=\u00bbdefault\u00bb][et_pb_post_title meta=\u00bboff\u00bb featured_image=\u00bboff\u00bb _builder_version=\u00bb4.9.4&#8243; _module_preset=\u00bbdefault\u00bb title_font_size=\u00bb36px\u00bb][\/et_pb_post_title][et_pb_text module_id=\u00bbcustom-text\u00bb _builder_version=\u00bb4.9.4&#8243; _module_preset=\u00bbdefault\u00bb hover_enabled=\u00bb0&#8243; sticky_enabled=\u00bb0&#8243;] Todos los derechos de propiedad industrial e intelectual del este sitio web y de sus contenidos (textos, im\u00e1genes, dise\u00f1os, creatividades) pertenecen al Ayuntamiento de\u00a0 Orihuela del Tremedal, salvo que se exprese lo contrario. Tal y como [&hellip;]<\/p>\n","protected":false},"author":1,"featured_media":0,"parent":0,"menu_order":0,"comment_status":"closed","ping_status":"closed","template":"","meta":{"_et_pb_use_builder":"on","_et_pb_old_content":"","_et_gb_content_width":"","footnotes":""},"class_list":["post-893","page","type-page","status-publish","hentry"],"_links":{"self":[{"href":"https:\/\/orihuela.itcyhost.es\/index.php\/wp-json\/wp\/v2\/pages\/893","targetHints":{"allow":["GET"]}}],"collection":[{"href":"https:\/\/orihuela.itcyhost.es\/index.php\/wp-json\/wp\/v2\/pages"}],"about":[{"href":"https:\/\/orihuela.itcyhost.es\/index.php\/wp-json\/wp\/v2\/types\/page"}],"author":[{"embeddable":true,"href":"https:\/\/orihuela.itcyhost.es\/index.php\/wp-json\/wp\/v2\/users\/1"}],"replies":[{"embeddable":true,"href":"https:\/\/orihuela.itcyhost.es\/index.php\/wp-json\/wp\/v2\/comments?post=893"}],"version-history":[{"count":3,"href":"https:\/\/orihuela.itcyhost.es\/index.php\/wp-json\/wp\/v2\/pages\/893\/revisions"}],"predecessor-version":[{"id":1517,"href":"https:\/\/orihuela.itcyhost.es\/index.php\/wp-json\/wp\/v2\/pages\/893\/revisions\/1517"}],"wp:attachment":[{"href":"https:\/\/orihuela.itcyhost.es\/index.php\/wp-json\/wp\/v2\/media?parent=893"}],"curies":[{"name":"wp","href":"https:\/\/api.w.org\/{rel}","templated":true}]}}